{"id":19,"date":"2013-05-27T06:07:12","date_gmt":"2013-05-27T06:07:12","guid":{"rendered":"http:\/\/themesindep.com\/simplemag\/?page_id=10"},"modified":"2025-01-23T14:48:47","modified_gmt":"2025-01-23T13:48:47","slug":"home-page","status":"publish","type":"page","link":"https:\/\/www.secretdeparis.com\/blog\/","title":{"rendered":"Home"},"content":{"rendered":"","protected":false},"excerpt":{"rendered":"","protected":false},"author":4,"featured_media":0,"parent":0,"menu_order":0,"comment_status":"closed","ping_status":"closed","template":"page-composer.php","meta":{"footnotes":""},"class_list":["post-19","page","type-page","status-publish","hentry","post-item","post-even"],"yoast_head":"<!-- This site is optimized with the Yoast SEO plugin v27.4 - https:\/\/yoast.com\/product\/yoast-seo-wordpress\/ -->\n<title>\u2665 Le blog de Secret de Paris - Hotel &amp; Spa \u00e0 Paris 75009<\/title>\n<meta name=\"description\" content=\"Retrouvez pleins de bonnes id\u00e9es de visites ou week-end \u00e0 Paris. Ici on parle aussi photographie, Vid\u00e9os. Venez faire un tour !\" \/>\n<meta name=\"robots\" content=\"index, follow, max-snippet:-1, max-image-preview:large, max-video-preview:-1\" \/>\n<link rel=\"canonical\" href=\"https:\/\/www.secretdeparis.com\/blog\/\" \/>\n<meta property=\"og:locale\" content=\"fr_FR\" \/>\n<meta property=\"og:type\" content=\"article\" \/>\n<meta property=\"og:title\" content=\"\u2665 Le blog de Secret de Paris - Hotel &amp; Spa \u00e0 Paris 75009\" \/>\n<meta property=\"og:description\" content=\"Retrouvez pleins de bonnes id\u00e9es de visites ou week-end \u00e0 Paris. Ici on parle aussi photographie, Vid\u00e9os. Venez faire un tour !\" \/>\n<meta property=\"og:url\" content=\"https:\/\/www.secretdeparis.com\/blog\/\" \/>\n<meta property=\"og:site_name\" content=\"Blog Secret de Paris - Hotel &amp; Spa Paris\" \/>\n<meta property=\"article:publisher\" content=\"https:\/\/fr-fr.facebook.com\/HotelSecretdeParis\" \/>\n<meta property=\"article:modified_time\" content=\"2025-01-23T13:48:47+00:00\" \/>\n<meta property=\"og:image\" content=\"https:\/\/www.secretdeparis.com\/blog\/wp-content\/uploads\/2014\/03\/Hotel-Design-Secret-De-Paris.jpg\" \/>\n\t<meta property=\"og:image:width\" content=\"1254\" \/>\n\t<meta property=\"og:image:height\" content=\"582\" \/>\n\t<meta property=\"og:image:type\" content=\"image\/jpeg\" \/>\n<script type=\"application\/ld+json\" class=\"yoast-schema-graph\">{\"@context\":\"https:\\\/\\\/schema.org\",\"@graph\":[{\"@type\":\"WebPage\",\"@id\":\"https:\\\/\\\/www.secretdeparis.com\\\/blog\\\/\",\"url\":\"https:\\\/\\\/www.secretdeparis.com\\\/blog\\\/\",\"name\":\"\u2665 Le blog de Secret de Paris - Hotel & Spa \u00e0 Paris 75009\",\"isPartOf\":{\"@id\":\"https:\\\/\\\/www.secretdeparis.com\\\/blog\\\/#website\"},\"datePublished\":\"2013-05-27T06:07:12+00:00\",\"dateModified\":\"2025-01-23T13:48:47+00:00\",\"description\":\"Retrouvez pleins de bonnes id\u00e9es de visites ou week-end \u00e0 Paris. Ici on parle aussi photographie, Vid\u00e9os. Venez faire un tour !\",\"inLanguage\":\"fr-FR\",\"potentialAction\":[{\"@type\":\"ReadAction\",\"target\":[\"https:\\\/\\\/www.secretdeparis.com\\\/blog\\\/\"]}]},{\"@type\":\"WebSite\",\"@id\":\"https:\\\/\\\/www.secretdeparis.com\\\/blog\\\/#website\",\"url\":\"https:\\\/\\\/www.secretdeparis.com\\\/blog\\\/\",\"name\":\"Blog Secret de Paris - Hotel &amp; Spa Paris\",\"description\":\"Secret de Paris Hotel &amp; Spa : Le Blog\",\"potentialAction\":[{\"@type\":\"SearchAction\",\"target\":{\"@type\":\"EntryPoint\",\"urlTemplate\":\"https:\\\/\\\/www.secretdeparis.com\\\/blog\\\/?s={search_term_string}\"},\"query-input\":{\"@type\":\"PropertyValueSpecification\",\"valueRequired\":true,\"valueName\":\"search_term_string\"}}],\"inLanguage\":\"fr-FR\"}]}<\/script>\n<!-- \/ Yoast SEO plugin. -->","yoast_head_json":{"title":"\u2665 Le blog de Secret de Paris - Hotel & Spa \u00e0 Paris 75009","description":"Retrouvez pleins de bonnes id\u00e9es de visites ou week-end \u00e0 Paris. Ici on parle aussi photographie, Vid\u00e9os. Venez faire un tour !","robots":{"index":"index","follow":"follow","max-snippet":"max-snippet:-1","max-image-preview":"max-image-preview:large","max-video-preview":"max-video-preview:-1"},"canonical":"https:\/\/www.secretdeparis.com\/blog\/","og_locale":"fr_FR","og_type":"article","og_title":"\u2665 Le blog de Secret de Paris - Hotel & Spa \u00e0 Paris 75009","og_description":"Retrouvez pleins de bonnes id\u00e9es de visites ou week-end \u00e0 Paris. Ici on parle aussi photographie, Vid\u00e9os. Venez faire un tour !","og_url":"https:\/\/www.secretdeparis.com\/blog\/","og_site_name":"Blog Secret de Paris - Hotel &amp; Spa Paris","article_publisher":"https:\/\/fr-fr.facebook.com\/HotelSecretdeParis","article_modified_time":"2025-01-23T13:48:47+00:00","og_image":[{"width":1254,"height":582,"url":"https:\/\/www.secretdeparis.com\/blog\/wp-content\/uploads\/2014\/03\/Hotel-Design-Secret-De-Paris.jpg","type":"image\/jpeg"}],"schema":{"@context":"https:\/\/schema.org","@graph":[{"@type":"WebPage","@id":"https:\/\/www.secretdeparis.com\/blog\/","url":"https:\/\/www.secretdeparis.com\/blog\/","name":"\u2665 Le blog de Secret de Paris - Hotel & Spa \u00e0 Paris 75009","isPartOf":{"@id":"https:\/\/www.secretdeparis.com\/blog\/#website"},"datePublished":"2013-05-27T06:07:12+00:00","dateModified":"2025-01-23T13:48:47+00:00","description":"Retrouvez pleins de bonnes id\u00e9es de visites ou week-end \u00e0 Paris. Ici on parle aussi photographie, Vid\u00e9os. Venez faire un tour !","inLanguage":"fr-FR","potentialAction":[{"@type":"ReadAction","target":["https:\/\/www.secretdeparis.com\/blog\/"]}]},{"@type":"WebSite","@id":"https:\/\/www.secretdeparis.com\/blog\/#website","url":"https:\/\/www.secretdeparis.com\/blog\/","name":"Blog Secret de Paris - Hotel &amp; Spa Paris","description":"Secret de Paris Hotel &amp; Spa : Le Blog","potentialAction":[{"@type":"SearchAction","target":{"@type":"EntryPoint","urlTemplate":"https:\/\/www.secretdeparis.com\/blog\/?s={search_term_string}"},"query-input":{"@type":"PropertyValueSpecification","valueRequired":true,"valueName":"search_term_string"}}],"inLanguage":"fr-FR"}]}},"_links":{"self":[{"href":"https:\/\/www.secretdeparis.com\/blog\/wp-json\/wp\/v2\/pages\/19","targetHints":{"allow":["GET"]}}],"collection":[{"href":"https:\/\/www.secretdeparis.com\/blog\/wp-json\/wp\/v2\/pages"}],"about":[{"href":"https:\/\/www.secretdeparis.com\/blog\/wp-json\/wp\/v2\/types\/page"}],"author":[{"embeddable":true,"href":"https:\/\/www.secretdeparis.com\/blog\/wp-json\/wp\/v2\/users\/4"}],"replies":[{"embeddable":true,"href":"https:\/\/www.secretdeparis.com\/blog\/wp-json\/wp\/v2\/comments?post=19"}],"version-history":[{"count":11,"href":"https:\/\/www.secretdeparis.com\/blog\/wp-json\/wp\/v2\/pages\/19\/revisions"}],"predecessor-version":[{"id":3944,"href":"https:\/\/www.secretdeparis.com\/blog\/wp-json\/wp\/v2\/pages\/19\/revisions\/3944"}],"wp:attachment":[{"href":"https:\/\/www.secretdeparis.com\/blog\/wp-json\/wp\/v2\/media?parent=19"}],"curies":[{"name":"wp","href":"https:\/\/api.w.org\/{rel}","templated":true}]}}