{"id":5118,"date":"2023-03-01T16:16:38","date_gmt":"2023-03-01T15:16:38","guid":{"rendered":"https:\/\/www.secretdeparis.com\/?page_id=5118"},"modified":"2024-04-12T12:09:47","modified_gmt":"2024-04-12T10:09:47","slug":"mi-jacuzzi-privado","status":"publish","type":"page","link":"https:\/\/www.secretdeparis.com\/es\/mi-jacuzzi-privado\/","title":{"rendered":"MI JACUZZI PRIVADO"},"content":{"rendered":"\t\t<div data-elementor-type=\"wp-page\" data-elementor-id=\"5118\" class=\"elementor elementor-5118 elementor-927\" data-elementor-post-type=\"page\">\n\t\t\t\t\t\t<section class=\"elementor-section elementor-top-section elementor-element elementor-element-1dd2a454 elementor-section-full_width elementor-section-height-min-height elementor-section-height-default elementor-section-items-middle\" data-id=\"1dd2a454\" data-element_type=\"section\" data-settings=\"{&quot;background_background&quot;:&quot;classic&quot;}\">\n\t\t\t\t\t\t\t<div class=\"elementor-background-overlay\"><\/div>\n\t\t\t\t\t\t\t<div class=\"elementor-container elementor-column-gap-no\">\n\t\t\t\t\t<div class=\"elementor-column elementor-col-100 elementor-top-column elementor-element elementor-element-36bfd353\" data-id=\"36bfd353\" data-element_type=\"column\">\n\t\t\t<div class=\"elementor-widget-wrap elementor-element-populated\">\n\t\t\t\t\t\t<div class=\"elementor-element elementor-element-2e98389c elementor-widget elementor-widget-image\" data-id=\"2e98389c\" data-element_type=\"widget\" data-widget_type=\"image.default\">\n\t\t\t\t<div class=\"elementor-widget-container\">\n\t\t\t\t\t\t\t\t\t\t\t\t\t\t\t<img decoding=\"async\" width=\"338\" height=\"128\" src=\"https:\/\/www.secretdeparis.com\/wp-content\/uploads\/2023\/02\/logo_chambre.png\" class=\"attachment-large size-large wp-image-91\" alt=\"\" srcset=\"https:\/\/www.secretdeparis.com\/wp-content\/uploads\/2023\/02\/logo_chambre.png 338w, https:\/\/www.secretdeparis.com\/wp-content\/uploads\/2023\/02\/logo_chambre-300x114.png 300w\" sizes=\"(max-width: 338px) 100vw, 338px\" \/>\t\t\t\t\t\t\t\t\t\t\t\t\t\t\t<\/div>\n\t\t\t\t<\/div>\n\t\t\t\t\t<\/div>\n\t\t<\/div>\n\t\t\t\t\t<\/div>\n\t\t<\/section>\n\t\t\t\t<section class=\"elementor-section elementor-top-section elementor-element elementor-element-1c03bf22 elementor-section-boxed elementor-section-height-default elementor-section-height-default\" data-id=\"1c03bf22\" data-element_type=\"section\">\n\t\t\t\t\t\t<div class=\"elementor-container elementor-column-gap-default\">\n\t\t\t\t\t<div class=\"elementor-column elementor-col-100 elementor-top-column elementor-element elementor-element-c383119\" data-id=\"c383119\" data-element_type=\"column\">\n\t\t\t<div class=\"elementor-widget-wrap elementor-element-populated\">\n\t\t\t\t\t\t<div class=\"elementor-element elementor-element-6f04db38 elementor-widget elementor-widget-heading\" data-id=\"6f04db38\" data-element_type=\"widget\" data-widget_type=\"heading.default\">\n\t\t\t\t<div class=\"elementor-widget-container\">\n\t\t\t\t\t<h1 class=\"elementor-heading-title elementor-size-default\">MI JACUZZI PRIVADO<\/h1>\t\t\t\t<\/div>\n\t\t\t\t<\/div>\n\t\t\t\t<div class=\"elementor-element elementor-element-449efc3b elementor-widget elementor-widget-text-editor\" data-id=\"449efc3b\" data-element_type=\"widget\" data-widget_type=\"text-editor.default\">\n\t\t\t\t<div class=\"elementor-widget-container\">\n\t\t\t\t\t\t\t\t\t<p>El H\u00f4tel Secret de Paris es un remanso de paz dedicado al bienestar y al amor.<br \/>Hemos creado una oferta especial para las parejas que se alojan en el hotel Secret de Paris: \u00abMi jacuzzi privado\u00bb.<\/p><p>Una vez reservada una habitaci\u00f3n rom\u00e1ntica con una decoraci\u00f3n inusual, puede a\u00f1adir un Jacuzzi privado en el spa 24 horas del hotel.<\/p>\t\t\t\t\t\t\t\t<\/div>\n\t\t\t\t<\/div>\n\t\t\t\t\t<\/div>\n\t\t<\/div>\n\t\t\t\t\t<\/div>\n\t\t<\/section>\n\t\t\t\t<section class=\"elementor-section elementor-top-section elementor-element elementor-element-4fcf7b8 elementor-section-boxed elementor-section-height-default elementor-section-height-default\" data-id=\"4fcf7b8\" data-element_type=\"section\">\n\t\t\t\t\t\t<div class=\"elementor-container elementor-column-gap-default\">\n\t\t\t\t\t<div class=\"elementor-column elementor-col-100 elementor-top-column elementor-element elementor-element-b0d9a11\" data-id=\"b0d9a11\" data-element_type=\"column\">\n\t\t\t<div class=\"elementor-widget-wrap elementor-element-populated\">\n\t\t\t\t\t\t<div class=\"elementor-element elementor-element-7027134 elementor-widget elementor-widget-text-editor\" data-id=\"7027134\" data-element_type=\"widget\" data-widget_type=\"text-editor.default\">\n\t\t\t\t<div class=\"elementor-widget-container\">\n\t\t\t\t\t\t\t\t\t<p>Haga todo lo posible por impresionar a su pareja reservando un momento rom\u00e1ntico en la zona de jacuzzi.<\/p><ul><li>Acceso privado durante 1 hora a la zona de jacuzzi (previa reserva)<\/li><li>Dos copas de champ\u00e1n o dos bebidas sin alcohol (excluidos los c\u00f3cteles)<\/li><\/ul><p>Venga a celebrar un momento para dos en el hotel m\u00e1s rom\u00e1ntico de Francia.<\/p>\t\t\t\t\t\t\t\t<\/div>\n\t\t\t\t<\/div>\n\t\t\t\t\t<\/div>\n\t\t<\/div>\n\t\t\t\t\t<\/div>\n\t\t<\/section>\n\t\t\t\t<section class=\"elementor-section elementor-top-section elementor-element elementor-element-3693633 elementor-section-boxed elementor-section-height-default elementor-section-height-default\" data-id=\"3693633\" data-element_type=\"section\">\n\t\t\t\t\t\t<div class=\"elementor-container elementor-column-gap-default\">\n\t\t\t\t\t<div class=\"elementor-column elementor-col-100 elementor-top-column elementor-element elementor-element-796d91e\" data-id=\"796d91e\" data-element_type=\"column\">\n\t\t\t<div class=\"elementor-widget-wrap elementor-element-populated\">\n\t\t\t\t\t\t<div class=\"elementor-element elementor-element-01e563a elementor-widget elementor-widget-video\" data-id=\"01e563a\" data-element_type=\"widget\" data-settings=\"{&quot;youtube_url&quot;:&quot;https:\\\/\\\/www.youtube.com\\\/watch?v=D_BZsIn5nzM&quot;,&quot;video_type&quot;:&quot;youtube&quot;,&quot;controls&quot;:&quot;yes&quot;}\" data-widget_type=\"video.default\">\n\t\t\t\t<div class=\"elementor-widget-container\">\n\t\t\t\t\t\t\t<div class=\"elementor-wrapper elementor-open-inline\">\n\t\t\t<div class=\"elementor-video\"><\/div>\t\t<\/div>\n\t\t\t\t\t\t<\/div>\n\t\t\t\t<\/div>\n\t\t\t\t\t<\/div>\n\t\t<\/div>\n\t\t\t\t\t<\/div>\n\t\t<\/section>\n\t\t\t\t<section class=\"elementor-section elementor-top-section elementor-element elementor-element-62ccb22d elementor-section-boxed elementor-section-height-default elementor-section-height-default\" data-id=\"62ccb22d\" data-element_type=\"section\">\n\t\t\t\t\t\t<div class=\"elementor-container elementor-column-gap-default\">\n\t\t\t\t\t<div class=\"elementor-column elementor-col-100 elementor-top-column elementor-element elementor-element-4140df6c\" data-id=\"4140df6c\" data-element_type=\"column\">\n\t\t\t<div class=\"elementor-widget-wrap elementor-element-populated\">\n\t\t\t\t\t\t<div class=\"elementor-element elementor-element-705b683c elementor-align-center elementor-widget elementor-widget-button\" data-id=\"705b683c\" data-element_type=\"widget\" data-widget_type=\"button.default\">\n\t\t\t\t<div class=\"elementor-widget-container\">\n\t\t\t\t\t\t\t\t\t<div class=\"elementor-button-wrapper\">\n\t\t\t\t\t<a class=\"elementor-button elementor-button-link elementor-size-sm\" href=\"https:\/\/www.planity.com\/secret-de-paris-hotel-spa-75009\">\n\t\t\t\t\t\t<span class=\"elementor-button-content-wrapper\">\n\t\t\t\t\t\t\t\t\t<span class=\"elementor-button-text\">PUEDE A\u00d1ADIR ESTA OFERTA A SU RESERVA<\/span>\n\t\t\t\t\t<\/span>\n\t\t\t\t\t<\/a>\n\t\t\t\t<\/div>\n\t\t\t\t\t\t\t\t<\/div>\n\t\t\t\t<\/div>\n\t\t\t\t\t<\/div>\n\t\t<\/div>\n\t\t\t\t\t<\/div>\n\t\t<\/section>\n\t\t\t\t<section class=\"elementor-section elementor-top-section elementor-element elementor-element-425c6d6b elementor-section-boxed elementor-section-height-default elementor-section-height-default\" data-id=\"425c6d6b\" data-element_type=\"section\" data-settings=\"{&quot;background_background&quot;:&quot;classic&quot;}\">\n\t\t\t\t\t\t<div class=\"elementor-container elementor-column-gap-default\">\n\t\t\t\t\t<div class=\"elementor-column elementor-col-100 elementor-top-column elementor-element elementor-element-7cd55ad9\" data-id=\"7cd55ad9\" data-element_type=\"column\" data-settings=\"{&quot;background_background&quot;:&quot;classic&quot;}\">\n\t\t\t<div class=\"elementor-widget-wrap elementor-element-populated\">\n\t\t\t\t\t\t<div class=\"elementor-element elementor-element-62812b8a elementor-widget__width-initial elementor-widget elementor-widget-text-editor\" data-id=\"62812b8a\" data-element_type=\"widget\" data-widget_type=\"text-editor.default\">\n\t\t\t\t<div class=\"elementor-widget-container\">\n\t\t\t\t\t\t\t\t\t<u><span style=\"font-weight: bolder;\">Condiciones generales de venta<\/span><\/u>:\n\u2013 La tasa tur\u00edstica de 8,13 euros por persona y noche no est\u00e1 incluida y se cobrar\u00e1 a la llegada.\n\u2013 El desayuno no est\u00e1 incluido.\n\n<u><span style=\"font-weight: bolder;\">Pol\u00edtica de anulaci\u00f3n\u00a0<\/span><\/u>:\n\u2013 Hasta las 12.00 (mediod\u00eda), 5 d\u00edas antes de la fecha de llegada sin penalizaci\u00f3n.\n\u2013 En caso de cancelaci\u00f3n tard\u00eda o de no presentarse, el hotel cargar\u00e1 el 100% de la 1\u00aa noche de estancia.\n\n<u><span style=\"font-weight: bolder;\">Pago anticipado<\/span><\/u>:\n\u2013 El hotel no exige pago por adelantado para esta tarifa.\n\u2013\u00a0<span style=\"color: var( --e-global-color-secondary );\">Su tarjeta de cr\u00e9dito ser\u00e1 preautorizada por el importe de la primera noche en nuestro sistema.<\/span>\t\t\t\t\t\t\t\t<\/div>\n\t\t\t\t<\/div>\n\t\t\t\t\t<\/div>\n\t\t<\/div>\n\t\t\t\t\t<\/div>\n\t\t<\/section>\n\t\t\t\t<section class=\"elementor-section elementor-top-section elementor-element elementor-element-e438364 elementor-section-boxed elementor-section-height-default elementor-section-height-default\" data-id=\"e438364\" data-element_type=\"section\">\n\t\t\t\t\t\t<div class=\"elementor-container elementor-column-gap-default\">\n\t\t\t\t\t<div class=\"elementor-column elementor-col-100 elementor-top-column elementor-element elementor-element-fe78e43\" data-id=\"fe78e43\" data-element_type=\"column\" data-settings=\"{&quot;background_background&quot;:&quot;classic&quot;}\">\n\t\t\t<div class=\"elementor-widget-wrap elementor-element-populated\">\n\t\t\t\t\t\t<div class=\"elementor-element elementor-element-2dd1017 elementor-widget elementor-widget-qi_addons_for_elementor_separator\" data-id=\"2dd1017\" data-element_type=\"widget\" data-widget_type=\"qi_addons_for_elementor_separator.default\">\n\t\t\t\t<div class=\"elementor-widget-container\">\n\t\t\t\t\t<div class=\"qodef-shortcode qodef-m qodef-qi-separator qodef-qi-clear qodef-separator--standard qodef-position--center\">\n\t<div class=\"qodef-m-line\"><\/div>\n<\/div>\n\t\t\t\t<\/div>\n\t\t\t\t<\/div>\n\t\t\t\t\t<\/div>\n\t\t<\/div>\n\t\t\t\t\t<\/div>\n\t\t<\/section>\n\t\t\t\t<\/div>\n\t\t","protected":false},"excerpt":{"rendered":"<p>MI JACUZZI PRIVADO El H\u00f4tel Secret de Paris es un remanso de paz dedicado al bienestar y al amor.Hemos creado una oferta especial para las parejas que se alojan en el hotel Secret de Paris: \u00abMi jacuzzi privado\u00bb. Una vez reservada una habitaci\u00f3n rom\u00e1ntica con una decoraci\u00f3n inusual, puede a\u00f1adir un Jacuzzi privado en el [&hellip;]<\/p>\n","protected":false},"author":3,"featured_media":0,"parent":0,"menu_order":0,"comment_status":"closed","ping_status":"closed","template":"","meta":{"footnotes":""},"class_list":["post-5118","page","type-page","status-publish","hentry"],"yoast_head":"<!-- This site is optimized with the Yoast SEO plugin v27.5 - https:\/\/yoast.com\/product\/yoast-seo-wordpress\/ -->\n<title>MI JACUZZI PRIVADO - Secret de Paris Hotel &amp; Spa - Hotel Spa Paris 75009<\/title>\n<meta name=\"robots\" content=\"index, follow, max-snippet:-1, max-image-preview:large, max-video-preview:-1\" \/>\n<link rel=\"canonical\" href=\"https:\/\/www.secretdeparis.com\/es\/mi-jacuzzi-privado\/\" \/>\n<meta property=\"og:locale\" content=\"es_ES\" \/>\n<meta property=\"og:type\" content=\"article\" \/>\n<meta property=\"og:title\" content=\"MI JACUZZI PRIVADO - Secret de Paris Hotel &amp; Spa - Hotel Spa Paris 75009\" \/>\n<meta property=\"og:description\" content=\"MI JACUZZI PRIVADO El H\u00f4tel Secret de Paris es un remanso de paz dedicado al bienestar y al amor.Hemos creado una oferta especial para las parejas que se alojan en el hotel Secret de Paris: \u00abMi jacuzzi privado\u00bb. Una vez reservada una habitaci\u00f3n rom\u00e1ntica con una decoraci\u00f3n inusual, puede a\u00f1adir un Jacuzzi privado en el [&hellip;]\" \/>\n<meta property=\"og:url\" content=\"https:\/\/www.secretdeparis.com\/es\/mi-jacuzzi-privado\/\" \/>\n<meta property=\"og:site_name\" content=\"Secret de Paris Hotel &amp; Spa - Hotel Spa Paris 75009\" \/>\n<meta property=\"article:publisher\" content=\"https:\/\/www.facebook.com\/HotelSecretdeParis\/\" \/>\n<meta property=\"article:modified_time\" content=\"2024-04-12T10:09:47+00:00\" \/>\n<meta property=\"og:image\" content=\"https:\/\/www.secretdeparis.com\/wp-content\/uploads\/2023\/02\/logo_chambre.png\" \/>\n<meta name=\"twitter:card\" content=\"summary_large_image\" \/>\n<meta name=\"twitter:label1\" content=\"Tiempo de lectura\" \/>\n\t<meta name=\"twitter:data1\" content=\"2 minutos\" \/>\n<script type=\"application\/ld+json\" class=\"yoast-schema-graph\">{\"@context\":\"https:\\\/\\\/schema.org\",\"@graph\":[{\"@type\":\"WebPage\",\"@id\":\"https:\\\/\\\/www.secretdeparis.com\\\/es\\\/mi-jacuzzi-privado\\\/\",\"url\":\"https:\\\/\\\/www.secretdeparis.com\\\/es\\\/mi-jacuzzi-privado\\\/\",\"name\":\"MI JACUZZI PRIVADO - Secret de Paris Hotel &amp; Spa - Hotel Spa Paris 75009\",\"isPartOf\":{\"@id\":\"https:\\\/\\\/www.secretdeparis.com\\\/fr\\\/#website\"},\"primaryImageOfPage\":{\"@id\":\"https:\\\/\\\/www.secretdeparis.com\\\/es\\\/mi-jacuzzi-privado\\\/#primaryimage\"},\"image\":{\"@id\":\"https:\\\/\\\/www.secretdeparis.com\\\/es\\\/mi-jacuzzi-privado\\\/#primaryimage\"},\"thumbnailUrl\":\"https:\\\/\\\/www.secretdeparis.com\\\/wp-content\\\/uploads\\\/2023\\\/02\\\/logo_chambre.png\",\"datePublished\":\"2023-03-01T15:16:38+00:00\",\"dateModified\":\"2024-04-12T10:09:47+00:00\",\"breadcrumb\":{\"@id\":\"https:\\\/\\\/www.secretdeparis.com\\\/es\\\/mi-jacuzzi-privado\\\/#breadcrumb\"},\"inLanguage\":\"es\",\"potentialAction\":[{\"@type\":\"ReadAction\",\"target\":[\"https:\\\/\\\/www.secretdeparis.com\\\/es\\\/mi-jacuzzi-privado\\\/\"]}]},{\"@type\":\"ImageObject\",\"inLanguage\":\"es\",\"@id\":\"https:\\\/\\\/www.secretdeparis.com\\\/es\\\/mi-jacuzzi-privado\\\/#primaryimage\",\"url\":\"https:\\\/\\\/www.secretdeparis.com\\\/wp-content\\\/uploads\\\/2023\\\/02\\\/logo_chambre.png\",\"contentUrl\":\"https:\\\/\\\/www.secretdeparis.com\\\/wp-content\\\/uploads\\\/2023\\\/02\\\/logo_chambre.png\"},{\"@type\":\"BreadcrumbList\",\"@id\":\"https:\\\/\\\/www.secretdeparis.com\\\/es\\\/mi-jacuzzi-privado\\\/#breadcrumb\",\"itemListElement\":[{\"@type\":\"ListItem\",\"position\":1,\"name\":\"Accueil\",\"item\":\"https:\\\/\\\/www.secretdeparis.com\\\/es\\\/\"},{\"@type\":\"ListItem\",\"position\":2,\"name\":\"MI JACUZZI PRIVADO\"}]},{\"@type\":\"WebSite\",\"@id\":\"https:\\\/\\\/www.secretdeparis.com\\\/fr\\\/#website\",\"url\":\"https:\\\/\\\/www.secretdeparis.com\\\/fr\\\/\",\"name\":\"Secret de Paris Hotel &amp; Spa - Hotel Spa Paris 75009\",\"description\":\"Hotel Spa Paris\",\"publisher\":{\"@id\":\"https:\\\/\\\/www.secretdeparis.com\\\/fr\\\/#organization\"},\"potentialAction\":[{\"@type\":\"SearchAction\",\"target\":{\"@type\":\"EntryPoint\",\"urlTemplate\":\"https:\\\/\\\/www.secretdeparis.com\\\/fr\\\/?s={search_term_string}\"},\"query-input\":{\"@type\":\"PropertyValueSpecification\",\"valueRequired\":true,\"valueName\":\"search_term_string\"}}],\"inLanguage\":\"es\"},{\"@type\":\"Organization\",\"@id\":\"https:\\\/\\\/www.secretdeparis.com\\\/fr\\\/#organization\",\"name\":\"Secret de Paris Hotel &amp; Spa - Hotel Spa Paris 75009\",\"url\":\"https:\\\/\\\/www.secretdeparis.com\\\/fr\\\/\",\"logo\":{\"@type\":\"ImageObject\",\"inLanguage\":\"es\",\"@id\":\"https:\\\/\\\/www.secretdeparis.com\\\/fr\\\/#\\\/schema\\\/logo\\\/image\\\/\",\"url\":\"https:\\\/\\\/www.secretdeparis.com\\\/wp-content\\\/uploads\\\/2023\\\/02\\\/cropped-logo_footer.jpg\",\"contentUrl\":\"https:\\\/\\\/www.secretdeparis.com\\\/wp-content\\\/uploads\\\/2023\\\/02\\\/cropped-logo_footer.jpg\",\"width\":512,\"height\":512,\"caption\":\"Secret de Paris Hotel &amp; Spa - Hotel Spa Paris 75009\"},\"image\":{\"@id\":\"https:\\\/\\\/www.secretdeparis.com\\\/fr\\\/#\\\/schema\\\/logo\\\/image\\\/\"},\"sameAs\":[\"https:\\\/\\\/www.facebook.com\\\/HotelSecretdeParis\\\/\",\"https:\\\/\\\/www.secretdeparis.com\\\/hotel-secret-de-paris-paris-photos\\\/instagram\\\/\"]}]}<\/script>\n<!-- \/ Yoast SEO plugin. -->","yoast_head_json":{"title":"MI JACUZZI PRIVADO - Secret de Paris Hotel &amp; Spa - Hotel Spa Paris 75009","robots":{"index":"index","follow":"follow","max-snippet":"max-snippet:-1","max-image-preview":"max-image-preview:large","max-video-preview":"max-video-preview:-1"},"canonical":"https:\/\/www.secretdeparis.com\/es\/mi-jacuzzi-privado\/","og_locale":"es_ES","og_type":"article","og_title":"MI JACUZZI PRIVADO - Secret de Paris Hotel &amp; Spa - Hotel Spa Paris 75009","og_description":"MI JACUZZI PRIVADO El H\u00f4tel Secret de Paris es un remanso de paz dedicado al bienestar y al amor.Hemos creado una oferta especial para las parejas que se alojan en el hotel Secret de Paris: \u00abMi jacuzzi privado\u00bb. Una vez reservada una habitaci\u00f3n rom\u00e1ntica con una decoraci\u00f3n inusual, puede a\u00f1adir un Jacuzzi privado en el [&hellip;]","og_url":"https:\/\/www.secretdeparis.com\/es\/mi-jacuzzi-privado\/","og_site_name":"Secret de Paris Hotel &amp; Spa - Hotel Spa Paris 75009","article_publisher":"https:\/\/www.facebook.com\/HotelSecretdeParis\/","article_modified_time":"2024-04-12T10:09:47+00:00","og_image":[{"url":"https:\/\/www.secretdeparis.com\/wp-content\/uploads\/2023\/02\/logo_chambre.png","type":"","width":"","height":""}],"twitter_card":"summary_large_image","twitter_misc":{"Tiempo de lectura":"2 minutos"},"schema":{"@context":"https:\/\/schema.org","@graph":[{"@type":"WebPage","@id":"https:\/\/www.secretdeparis.com\/es\/mi-jacuzzi-privado\/","url":"https:\/\/www.secretdeparis.com\/es\/mi-jacuzzi-privado\/","name":"MI JACUZZI PRIVADO - Secret de Paris Hotel &amp; Spa - Hotel Spa Paris 75009","isPartOf":{"@id":"https:\/\/www.secretdeparis.com\/fr\/#website"},"primaryImageOfPage":{"@id":"https:\/\/www.secretdeparis.com\/es\/mi-jacuzzi-privado\/#primaryimage"},"image":{"@id":"https:\/\/www.secretdeparis.com\/es\/mi-jacuzzi-privado\/#primaryimage"},"thumbnailUrl":"https:\/\/www.secretdeparis.com\/wp-content\/uploads\/2023\/02\/logo_chambre.png","datePublished":"2023-03-01T15:16:38+00:00","dateModified":"2024-04-12T10:09:47+00:00","breadcrumb":{"@id":"https:\/\/www.secretdeparis.com\/es\/mi-jacuzzi-privado\/#breadcrumb"},"inLanguage":"es","potentialAction":[{"@type":"ReadAction","target":["https:\/\/www.secretdeparis.com\/es\/mi-jacuzzi-privado\/"]}]},{"@type":"ImageObject","inLanguage":"es","@id":"https:\/\/www.secretdeparis.com\/es\/mi-jacuzzi-privado\/#primaryimage","url":"https:\/\/www.secretdeparis.com\/wp-content\/uploads\/2023\/02\/logo_chambre.png","contentUrl":"https:\/\/www.secretdeparis.com\/wp-content\/uploads\/2023\/02\/logo_chambre.png"},{"@type":"BreadcrumbList","@id":"https:\/\/www.secretdeparis.com\/es\/mi-jacuzzi-privado\/#breadcrumb","itemListElement":[{"@type":"ListItem","position":1,"name":"Accueil","item":"https:\/\/www.secretdeparis.com\/es\/"},{"@type":"ListItem","position":2,"name":"MI JACUZZI PRIVADO"}]},{"@type":"WebSite","@id":"https:\/\/www.secretdeparis.com\/fr\/#website","url":"https:\/\/www.secretdeparis.com\/fr\/","name":"Secret de Paris Hotel &amp; Spa - Hotel Spa Paris 75009","description":"Hotel Spa Paris","publisher":{"@id":"https:\/\/www.secretdeparis.com\/fr\/#organization"},"potentialAction":[{"@type":"SearchAction","target":{"@type":"EntryPoint","urlTemplate":"https:\/\/www.secretdeparis.com\/fr\/?s={search_term_string}"},"query-input":{"@type":"PropertyValueSpecification","valueRequired":true,"valueName":"search_term_string"}}],"inLanguage":"es"},{"@type":"Organization","@id":"https:\/\/www.secretdeparis.com\/fr\/#organization","name":"Secret de Paris Hotel &amp; Spa - Hotel Spa Paris 75009","url":"https:\/\/www.secretdeparis.com\/fr\/","logo":{"@type":"ImageObject","inLanguage":"es","@id":"https:\/\/www.secretdeparis.com\/fr\/#\/schema\/logo\/image\/","url":"https:\/\/www.secretdeparis.com\/wp-content\/uploads\/2023\/02\/cropped-logo_footer.jpg","contentUrl":"https:\/\/www.secretdeparis.com\/wp-content\/uploads\/2023\/02\/cropped-logo_footer.jpg","width":512,"height":512,"caption":"Secret de Paris Hotel &amp; Spa - Hotel Spa Paris 75009"},"image":{"@id":"https:\/\/www.secretdeparis.com\/fr\/#\/schema\/logo\/image\/"},"sameAs":["https:\/\/www.facebook.com\/HotelSecretdeParis\/","https:\/\/www.secretdeparis.com\/hotel-secret-de-paris-paris-photos\/instagram\/"]}]}},"_links":{"self":[{"href":"https:\/\/www.secretdeparis.com\/es\/wp-json\/wp\/v2\/pages\/5118","targetHints":{"allow":["GET"]}}],"collection":[{"href":"https:\/\/www.secretdeparis.com\/es\/wp-json\/wp\/v2\/pages"}],"about":[{"href":"https:\/\/www.secretdeparis.com\/es\/wp-json\/wp\/v2\/types\/page"}],"author":[{"embeddable":true,"href":"https:\/\/www.secretdeparis.com\/es\/wp-json\/wp\/v2\/users\/3"}],"replies":[{"embeddable":true,"href":"https:\/\/www.secretdeparis.com\/es\/wp-json\/wp\/v2\/comments?post=5118"}],"version-history":[{"count":4,"href":"https:\/\/www.secretdeparis.com\/es\/wp-json\/wp\/v2\/pages\/5118\/revisions"}],"predecessor-version":[{"id":5122,"href":"https:\/\/www.secretdeparis.com\/es\/wp-json\/wp\/v2\/pages\/5118\/revisions\/5122"}],"wp:attachment":[{"href":"https:\/\/www.secretdeparis.com\/es\/wp-json\/wp\/v2\/media?parent=5118"}],"curies":[{"name":"wp","href":"https:\/\/api.w.org\/{rel}","templated":true}]}}