{"id":5127,"date":"2023-03-01T15:28:25","date_gmt":"2023-03-01T14:28:25","guid":{"rendered":"https:\/\/www.secretdeparis.com\/?page_id=5127"},"modified":"2024-04-12T12:09:58","modified_gmt":"2024-04-12T10:09:58","slug":"musee-dorsay","status":"publish","type":"page","link":"https:\/\/www.secretdeparis.com\/es\/musee-dorsay\/","title":{"rendered":"Mus\u00e9e d&#8217;Orsay"},"content":{"rendered":"\t\t<div data-elementor-type=\"wp-page\" data-elementor-id=\"5127\" class=\"elementor elementor-5127 elementor-854\" data-elementor-post-type=\"page\">\n\t\t\t\t\t\t<section class=\"elementor-section elementor-top-section elementor-element elementor-element-91910f5 elementor-section-boxed elementor-section-height-default elementor-section-height-default\" data-id=\"91910f5\" data-element_type=\"section\">\n\t\t\t\t\t\t<div class=\"elementor-container elementor-column-gap-default\">\n\t\t\t\t\t<div class=\"elementor-column elementor-col-100 elementor-top-column elementor-element elementor-element-dffad05\" data-id=\"dffad05\" data-element_type=\"column\">\n\t\t\t<div class=\"elementor-widget-wrap elementor-element-populated\">\n\t\t\t\t\t\t<div class=\"elementor-element elementor-element-d9fd967 elementor-widget elementor-widget-heading\" data-id=\"d9fd967\" data-element_type=\"widget\" data-widget_type=\"heading.default\">\n\t\t\t\t<div class=\"elementor-widget-container\">\n\t\t\t\t\t<h1 class=\"elementor-heading-title elementor-size-default\">SOBRE EL MUSEO DE ORSAY<\/h1>\t\t\t\t<\/div>\n\t\t\t\t<\/div>\n\t\t\t\t\t<\/div>\n\t\t<\/div>\n\t\t\t\t\t<\/div>\n\t\t<\/section>\n\t\t\t\t<section class=\"elementor-section elementor-top-section elementor-element elementor-element-c402cf2 elementor-section-height-min-height elementor-section-boxed elementor-section-height-default elementor-section-items-middle\" data-id=\"c402cf2\" data-element_type=\"section\">\n\t\t\t\t\t\t<div class=\"elementor-container elementor-column-gap-default\">\n\t\t\t\t\t<div class=\"elementor-column elementor-col-100 elementor-top-column elementor-element elementor-element-086fdaf\" data-id=\"086fdaf\" data-element_type=\"column\">\n\t\t\t<div class=\"elementor-widget-wrap elementor-element-populated\">\n\t\t\t\t\t\t<div class=\"elementor-element elementor-element-d736a63 elementor-cta--layout-image-left elementor-cta--mobile-layout-image-above elementor-cta--skin-classic elementor-animated-content elementor-bg-transform elementor-bg-transform-zoom-in elementor-widget elementor-widget-call-to-action\" data-id=\"d736a63\" data-element_type=\"widget\" data-widget_type=\"call-to-action.default\">\n\t\t\t\t<div class=\"elementor-widget-container\">\n\t\t\t\t\t\t\t<div class=\"elementor-cta\">\n\t\t\t\t\t<div class=\"elementor-cta__bg-wrapper\">\n\t\t\t\t<div class=\"elementor-cta__bg elementor-bg\" style=\"background-image: url(https:\/\/www.secretdeparis.com\/wp-content\/uploads\/2023\/03\/musee-orsay-1024x685.jpg);\" role=\"img\" aria-label=\"Statue devant le mus\u00e9e d&#039;Orsay\"><\/div>\n\t\t\t\t<div class=\"elementor-cta__bg-overlay\"><\/div>\n\t\t\t<\/div>\n\t\t\t\t\t\t\t<div class=\"elementor-cta__content\">\n\t\t\t\t\n\t\t\t\t\t\t\t\t\t<h2 class=\"elementor-cta__title elementor-cta__content-item elementor-content-item\">\n\t\t\t\t\t\tMUS\u00c9E D\u2019ORSAY\t\t\t\t\t<\/h2>\n\t\t\t\t\n\t\t\t\t\t\t\t\t\t<div class=\"elementor-cta__description elementor-cta__content-item elementor-content-item\">\n\t\t\t\t\t\t<p style=\"text-align:justify\">Imperturbable al paso del tiempo, el museo est\u00e1 instalado en la antigua estaci\u00f3n de Orsay, construida para la Exposici\u00f3n Universal de 1900. En 1945, la estaci\u00f3n ces\u00f3 toda actividad ferroviaria. Antes de que surgiera el proyecto del museo, la nave se utilizaba para subastas mientras se renovaba el H\u00f4tel Drouot. La compa\u00f1\u00eda Renault-Barrault lleg\u00f3 a organizar representaciones teatrales y la estaci\u00f3n sirvi\u00f3 de escenario para la pel\u00edcula de Orson Welles \"El proceso\".<br><br>\n\n\"La estaci\u00f3n es soberbia y tiene el aire de un Palacio de Bellas Artes...\", escribi\u00f3 el pintor Edouard Detaille en 1900. 100 a\u00f1os despu\u00e9s, su profec\u00eda se ha cumplido. Simbolizado por el inmenso arco de luz de la nave, que parece desafiar al cielo, el edificio es, en cierto modo, la primera \"obra\" de las colecciones del museo de Orsay que muestra el arte del siglo XIX. Puente cronol\u00f3gico entre las colecciones del Louvre y del Centro Pompidou, Orsay alberga la mejor colecci\u00f3n de obras impresionistas del mundo (L'Origine du monde de Courbet, L'Olympia de Manet, Portrait du Docteur Gachet de Van Gogh).\n<br><br>\nEn lo alto del edificio, a trav\u00e9s de las agujas m\u00f3viles de los dos enormes relojes que adornan su fachada, podr\u00e1 ver todo Par\u00eds persiguiendo el tiempo.\n\n\nDescubra el Museo de Orsay con una estancia en Secret de Paris - Hotel &amp; Spa, un hotel con encanto para un fin de semana rom\u00e1ntico en Par\u00eds.\t\t\t\t\t<\/div>\n\t\t\t\t\n\t\t\t\t\t\t\t<\/div>\n\t\t\t\t\t\t<\/div>\n\t\t\t\t\t\t<\/div>\n\t\t\t\t<\/div>\n\t\t\t\t\t<\/div>\n\t\t<\/div>\n\t\t\t\t\t<\/div>\n\t\t<\/section>\n\t\t\t\t<\/div>\n\t\t","protected":false},"excerpt":{"rendered":"<p>SOBRE EL MUSEO DE ORSAY MUS\u00c9E D\u2019ORSAY Imperturbable al paso del tiempo, el museo est\u00e1 instalado en la antigua estaci\u00f3n de Orsay, construida para la Exposici\u00f3n Universal de 1900. En 1945, la estaci\u00f3n ces\u00f3 toda actividad ferroviaria. Antes de que surgiera el proyecto del museo, la nave se utilizaba para subastas mientras se renovaba el [&hellip;]<\/p>\n","protected":false},"author":3,"featured_media":0,"parent":0,"menu_order":0,"comment_status":"closed","ping_status":"closed","template":"","meta":{"footnotes":""},"class_list":["post-5127","page","type-page","status-publish","hentry"],"yoast_head":"<!-- This site is optimized with the Yoast SEO plugin v27.5 - https:\/\/yoast.com\/product\/yoast-seo-wordpress\/ -->\n<title>Mus\u00e9e d&#039;Orsay - Secret de Paris Hotel &amp; Spa - Hotel Spa Paris 75009<\/title>\n<meta name=\"robots\" content=\"index, follow, max-snippet:-1, max-image-preview:large, max-video-preview:-1\" \/>\n<link rel=\"canonical\" href=\"https:\/\/www.secretdeparis.com\/es\/musee-dorsay\/\" \/>\n<meta property=\"og:locale\" content=\"es_ES\" \/>\n<meta property=\"og:type\" content=\"article\" \/>\n<meta property=\"og:title\" content=\"Mus\u00e9e d&#039;Orsay - Secret de Paris Hotel &amp; Spa - Hotel Spa Paris 75009\" \/>\n<meta property=\"og:description\" content=\"SOBRE EL MUSEO DE ORSAY MUS\u00c9E D\u2019ORSAY Imperturbable al paso del tiempo, el museo est\u00e1 instalado en la antigua estaci\u00f3n de Orsay, construida para la Exposici\u00f3n Universal de 1900. En 1945, la estaci\u00f3n ces\u00f3 toda actividad ferroviaria. Antes de que surgiera el proyecto del museo, la nave se utilizaba para subastas mientras se renovaba el [&hellip;]\" \/>\n<meta property=\"og:url\" content=\"https:\/\/www.secretdeparis.com\/es\/musee-dorsay\/\" \/>\n<meta property=\"og:site_name\" content=\"Secret de Paris Hotel &amp; Spa - Hotel Spa Paris 75009\" \/>\n<meta property=\"article:publisher\" content=\"https:\/\/www.facebook.com\/HotelSecretdeParis\/\" \/>\n<meta property=\"article:modified_time\" content=\"2024-04-12T10:09:58+00:00\" \/>\n<meta name=\"twitter:card\" content=\"summary_large_image\" \/>\n<meta name=\"twitter:label1\" content=\"Tiempo de lectura\" \/>\n\t<meta name=\"twitter:data1\" content=\"2 minutos\" \/>\n<script type=\"application\/ld+json\" class=\"yoast-schema-graph\">{\"@context\":\"https:\\\/\\\/schema.org\",\"@graph\":[{\"@type\":\"WebPage\",\"@id\":\"https:\\\/\\\/www.secretdeparis.com\\\/es\\\/musee-dorsay\\\/\",\"url\":\"https:\\\/\\\/www.secretdeparis.com\\\/es\\\/musee-dorsay\\\/\",\"name\":\"Mus\u00e9e d'Orsay - Secret de Paris Hotel &amp; Spa - Hotel Spa Paris 75009\",\"isPartOf\":{\"@id\":\"https:\\\/\\\/www.secretdeparis.com\\\/fr\\\/#website\"},\"datePublished\":\"2023-03-01T14:28:25+00:00\",\"dateModified\":\"2024-04-12T10:09:58+00:00\",\"breadcrumb\":{\"@id\":\"https:\\\/\\\/www.secretdeparis.com\\\/es\\\/musee-dorsay\\\/#breadcrumb\"},\"inLanguage\":\"es\",\"potentialAction\":[{\"@type\":\"ReadAction\",\"target\":[\"https:\\\/\\\/www.secretdeparis.com\\\/es\\\/musee-dorsay\\\/\"]}]},{\"@type\":\"BreadcrumbList\",\"@id\":\"https:\\\/\\\/www.secretdeparis.com\\\/es\\\/musee-dorsay\\\/#breadcrumb\",\"itemListElement\":[{\"@type\":\"ListItem\",\"position\":1,\"name\":\"Accueil\",\"item\":\"https:\\\/\\\/www.secretdeparis.com\\\/es\\\/\"},{\"@type\":\"ListItem\",\"position\":2,\"name\":\"Mus\u00e9e d&rsquo;Orsay\"}]},{\"@type\":\"WebSite\",\"@id\":\"https:\\\/\\\/www.secretdeparis.com\\\/fr\\\/#website\",\"url\":\"https:\\\/\\\/www.secretdeparis.com\\\/fr\\\/\",\"name\":\"Secret de Paris Hotel &amp; Spa - Hotel Spa Paris 75009\",\"description\":\"Hotel Spa Paris\",\"publisher\":{\"@id\":\"https:\\\/\\\/www.secretdeparis.com\\\/fr\\\/#organization\"},\"potentialAction\":[{\"@type\":\"SearchAction\",\"target\":{\"@type\":\"EntryPoint\",\"urlTemplate\":\"https:\\\/\\\/www.secretdeparis.com\\\/fr\\\/?s={search_term_string}\"},\"query-input\":{\"@type\":\"PropertyValueSpecification\",\"valueRequired\":true,\"valueName\":\"search_term_string\"}}],\"inLanguage\":\"es\"},{\"@type\":\"Organization\",\"@id\":\"https:\\\/\\\/www.secretdeparis.com\\\/fr\\\/#organization\",\"name\":\"Secret de Paris Hotel &amp; Spa - Hotel Spa Paris 75009\",\"url\":\"https:\\\/\\\/www.secretdeparis.com\\\/fr\\\/\",\"logo\":{\"@type\":\"ImageObject\",\"inLanguage\":\"es\",\"@id\":\"https:\\\/\\\/www.secretdeparis.com\\\/fr\\\/#\\\/schema\\\/logo\\\/image\\\/\",\"url\":\"https:\\\/\\\/www.secretdeparis.com\\\/wp-content\\\/uploads\\\/2023\\\/02\\\/cropped-logo_footer.jpg\",\"contentUrl\":\"https:\\\/\\\/www.secretdeparis.com\\\/wp-content\\\/uploads\\\/2023\\\/02\\\/cropped-logo_footer.jpg\",\"width\":512,\"height\":512,\"caption\":\"Secret de Paris Hotel &amp; Spa - Hotel Spa Paris 75009\"},\"image\":{\"@id\":\"https:\\\/\\\/www.secretdeparis.com\\\/fr\\\/#\\\/schema\\\/logo\\\/image\\\/\"},\"sameAs\":[\"https:\\\/\\\/www.facebook.com\\\/HotelSecretdeParis\\\/\",\"https:\\\/\\\/www.secretdeparis.com\\\/hotel-secret-de-paris-paris-photos\\\/instagram\\\/\"]}]}<\/script>\n<!-- \/ Yoast SEO plugin. -->","yoast_head_json":{"title":"Mus\u00e9e d'Orsay - Secret de Paris Hotel &amp; Spa - Hotel Spa Paris 75009","robots":{"index":"index","follow":"follow","max-snippet":"max-snippet:-1","max-image-preview":"max-image-preview:large","max-video-preview":"max-video-preview:-1"},"canonical":"https:\/\/www.secretdeparis.com\/es\/musee-dorsay\/","og_locale":"es_ES","og_type":"article","og_title":"Mus\u00e9e d'Orsay - Secret de Paris Hotel &amp; Spa - Hotel Spa Paris 75009","og_description":"SOBRE EL MUSEO DE ORSAY MUS\u00c9E D\u2019ORSAY Imperturbable al paso del tiempo, el museo est\u00e1 instalado en la antigua estaci\u00f3n de Orsay, construida para la Exposici\u00f3n Universal de 1900. En 1945, la estaci\u00f3n ces\u00f3 toda actividad ferroviaria. Antes de que surgiera el proyecto del museo, la nave se utilizaba para subastas mientras se renovaba el [&hellip;]","og_url":"https:\/\/www.secretdeparis.com\/es\/musee-dorsay\/","og_site_name":"Secret de Paris Hotel &amp; Spa - Hotel Spa Paris 75009","article_publisher":"https:\/\/www.facebook.com\/HotelSecretdeParis\/","article_modified_time":"2024-04-12T10:09:58+00:00","twitter_card":"summary_large_image","twitter_misc":{"Tiempo de lectura":"2 minutos"},"schema":{"@context":"https:\/\/schema.org","@graph":[{"@type":"WebPage","@id":"https:\/\/www.secretdeparis.com\/es\/musee-dorsay\/","url":"https:\/\/www.secretdeparis.com\/es\/musee-dorsay\/","name":"Mus\u00e9e d'Orsay - Secret de Paris Hotel &amp; Spa - Hotel Spa Paris 75009","isPartOf":{"@id":"https:\/\/www.secretdeparis.com\/fr\/#website"},"datePublished":"2023-03-01T14:28:25+00:00","dateModified":"2024-04-12T10:09:58+00:00","breadcrumb":{"@id":"https:\/\/www.secretdeparis.com\/es\/musee-dorsay\/#breadcrumb"},"inLanguage":"es","potentialAction":[{"@type":"ReadAction","target":["https:\/\/www.secretdeparis.com\/es\/musee-dorsay\/"]}]},{"@type":"BreadcrumbList","@id":"https:\/\/www.secretdeparis.com\/es\/musee-dorsay\/#breadcrumb","itemListElement":[{"@type":"ListItem","position":1,"name":"Accueil","item":"https:\/\/www.secretdeparis.com\/es\/"},{"@type":"ListItem","position":2,"name":"Mus\u00e9e d&rsquo;Orsay"}]},{"@type":"WebSite","@id":"https:\/\/www.secretdeparis.com\/fr\/#website","url":"https:\/\/www.secretdeparis.com\/fr\/","name":"Secret de Paris Hotel &amp; Spa - Hotel Spa Paris 75009","description":"Hotel Spa Paris","publisher":{"@id":"https:\/\/www.secretdeparis.com\/fr\/#organization"},"potentialAction":[{"@type":"SearchAction","target":{"@type":"EntryPoint","urlTemplate":"https:\/\/www.secretdeparis.com\/fr\/?s={search_term_string}"},"query-input":{"@type":"PropertyValueSpecification","valueRequired":true,"valueName":"search_term_string"}}],"inLanguage":"es"},{"@type":"Organization","@id":"https:\/\/www.secretdeparis.com\/fr\/#organization","name":"Secret de Paris Hotel &amp; Spa - Hotel Spa Paris 75009","url":"https:\/\/www.secretdeparis.com\/fr\/","logo":{"@type":"ImageObject","inLanguage":"es","@id":"https:\/\/www.secretdeparis.com\/fr\/#\/schema\/logo\/image\/","url":"https:\/\/www.secretdeparis.com\/wp-content\/uploads\/2023\/02\/cropped-logo_footer.jpg","contentUrl":"https:\/\/www.secretdeparis.com\/wp-content\/uploads\/2023\/02\/cropped-logo_footer.jpg","width":512,"height":512,"caption":"Secret de Paris Hotel &amp; Spa - Hotel Spa Paris 75009"},"image":{"@id":"https:\/\/www.secretdeparis.com\/fr\/#\/schema\/logo\/image\/"},"sameAs":["https:\/\/www.facebook.com\/HotelSecretdeParis\/","https:\/\/www.secretdeparis.com\/hotel-secret-de-paris-paris-photos\/instagram\/"]}]}},"_links":{"self":[{"href":"https:\/\/www.secretdeparis.com\/es\/wp-json\/wp\/v2\/pages\/5127","targetHints":{"allow":["GET"]}}],"collection":[{"href":"https:\/\/www.secretdeparis.com\/es\/wp-json\/wp\/v2\/pages"}],"about":[{"href":"https:\/\/www.secretdeparis.com\/es\/wp-json\/wp\/v2\/types\/page"}],"author":[{"embeddable":true,"href":"https:\/\/www.secretdeparis.com\/es\/wp-json\/wp\/v2\/users\/3"}],"replies":[{"embeddable":true,"href":"https:\/\/www.secretdeparis.com\/es\/wp-json\/wp\/v2\/comments?post=5127"}],"version-history":[{"count":6,"href":"https:\/\/www.secretdeparis.com\/es\/wp-json\/wp\/v2\/pages\/5127\/revisions"}],"predecessor-version":[{"id":5141,"href":"https:\/\/www.secretdeparis.com\/es\/wp-json\/wp\/v2\/pages\/5127\/revisions\/5141"}],"wp:attachment":[{"href":"https:\/\/www.secretdeparis.com\/es\/wp-json\/wp\/v2\/media?parent=5127"}],"curies":[{"name":"wp","href":"https:\/\/api.w.org\/{rel}","templated":true}]}}