{"id":854,"date":"2023-03-01T15:28:25","date_gmt":"2023-03-01T14:28:25","guid":{"rendered":"https:\/\/2023.secretdeparis.com\/?page_id=854"},"modified":"2023-03-01T15:37:14","modified_gmt":"2023-03-01T14:37:14","slug":"musee-orsay-paris","status":"publish","type":"page","link":"https:\/\/www.secretdeparis.com\/fr\/musee-orsay-paris\/","title":{"rendered":"Mus\u00e9e d&rsquo;orsay paris"},"content":{"rendered":"\t\t<div data-elementor-type=\"wp-page\" data-elementor-id=\"854\" class=\"elementor elementor-854\" data-elementor-post-type=\"page\">\n\t\t\t\t\t\t<section class=\"elementor-section elementor-top-section elementor-element elementor-element-91910f5 elementor-section-boxed elementor-section-height-default elementor-section-height-default\" data-id=\"91910f5\" data-element_type=\"section\">\n\t\t\t\t\t\t<div class=\"elementor-container elementor-column-gap-default\">\n\t\t\t\t\t<div class=\"elementor-column elementor-col-100 elementor-top-column elementor-element elementor-element-dffad05\" data-id=\"dffad05\" data-element_type=\"column\">\n\t\t\t<div class=\"elementor-widget-wrap elementor-element-populated\">\n\t\t\t\t\t\t<div class=\"elementor-element elementor-element-d9fd967 elementor-widget elementor-widget-heading\" data-id=\"d9fd967\" data-element_type=\"widget\" data-widget_type=\"heading.default\">\n\t\t\t\t<div class=\"elementor-widget-container\">\n\t\t\t\t\t<h1 class=\"elementor-heading-title elementor-size-default\">A PROPOS DU MUS\u00c9E D\u2019ORSAY<\/h1>\t\t\t\t<\/div>\n\t\t\t\t<\/div>\n\t\t\t\t\t<\/div>\n\t\t<\/div>\n\t\t\t\t\t<\/div>\n\t\t<\/section>\n\t\t\t\t<section class=\"elementor-section elementor-top-section elementor-element elementor-element-c402cf2 elementor-section-height-min-height elementor-section-boxed elementor-section-height-default elementor-section-items-middle\" data-id=\"c402cf2\" data-element_type=\"section\">\n\t\t\t\t\t\t<div class=\"elementor-container elementor-column-gap-default\">\n\t\t\t\t\t<div class=\"elementor-column elementor-col-100 elementor-top-column elementor-element elementor-element-086fdaf\" data-id=\"086fdaf\" data-element_type=\"column\">\n\t\t\t<div class=\"elementor-widget-wrap elementor-element-populated\">\n\t\t\t\t\t\t<div class=\"elementor-element elementor-element-d736a63 elementor-cta--layout-image-left elementor-cta--mobile-layout-image-above elementor-cta--skin-classic elementor-animated-content elementor-bg-transform elementor-bg-transform-zoom-in elementor-widget elementor-widget-call-to-action\" data-id=\"d736a63\" data-element_type=\"widget\" data-widget_type=\"call-to-action.default\">\n\t\t\t\t<div class=\"elementor-widget-container\">\n\t\t\t\t\t\t\t<div class=\"elementor-cta\">\n\t\t\t\t\t<div class=\"elementor-cta__bg-wrapper\">\n\t\t\t\t<div class=\"elementor-cta__bg elementor-bg\" style=\"background-image: url(https:\/\/www.secretdeparis.com\/wp-content\/uploads\/2023\/03\/musee-orsay-1024x685.jpg);\" role=\"img\" aria-label=\"Statue devant le mus\u00e9e d&#039;Orsay\"><\/div>\n\t\t\t\t<div class=\"elementor-cta__bg-overlay\"><\/div>\n\t\t\t<\/div>\n\t\t\t\t\t\t\t<div class=\"elementor-cta__content\">\n\t\t\t\t\n\t\t\t\t\t\t\t\t\t<h2 class=\"elementor-cta__title elementor-cta__content-item elementor-content-item\">\n\t\t\t\t\t\tMUS\u00c9E D\u2019ORSAY\t\t\t\t\t<\/h2>\n\t\t\t\t\n\t\t\t\t\t\t\t\t\t<div class=\"elementor-cta__description elementor-cta__content-item elementor-content-item\">\n\t\t\t\t\t\t<p style=\"text-align:justify\">Imperturbable au temps qui passe, le mus\u00e9e a pris place dans l\u2019ancienne gare d\u2019Orsay construite pour l\u2019exposition universelle de 1900. En 1945, la gare cessa toute activit\u00e9 ferroviaire. Avant que le projet de mus\u00e9e ne voie le jour, la nef accueillit des ventes aux ench\u00e8res, le temps de la r\u00e9novation de l\u2019h\u00f4tel Drouot. La compagnie Renault-Barrault y organisa m\u00eame des repr\u00e9sentations th\u00e9\u00e2trales et la gare servit de d\u00e9cor au film d\u2019Orson Welles \u00ab Le Proc\u00e8s \u00bb.<br><br>\n\n\u00ab La gare est superbe et a l\u2019air d\u2019un Palais des Beaux-Arts\u2026 \u00bb, \u00e9crivait le peintre Edouard Detaille en 1900. 100 ans apr\u00e8s, sa proph\u00e9tie est v\u00e9rifi\u00e9e. Symbolis\u00e9 par l\u2019immense arche de lumi\u00e8re de la nef qui semble d\u00e9fier le ciel, le b\u00e2timent est, en quelque sorte, la premi\u00e8re \u00ab oeuvre \u00bb des collections du mus\u00e9e d\u2019Orsay qui pr\u00e9sente l\u2019art du XIXe si\u00e8cle. Passerelle chronologique entre les collections du Louvre et celle du Centre Pompidou, Orsay abrite la plus belle collection d\u2019\u0153uvres impressionnistes au monde (L\u2019Origine du monde de Courbet, L\u2019Olympia de Manet, le Portrait du Docteur Gachet de Van Gogh).\n<br><br>\nAu sommet du b\u00e2timent, \u00e0 travers des aiguilles en marche des deux \u00e9normes horloges qui ornent sa fa\u00e7ade, on voit tout Paris courir apr\u00e8s le temps.\n\n\nD\u00e9couvrez la mus\u00e9e d\u2019Orsay en s\u00e9journant \u00e0 Secret de Paris \u2013 Hotel &amp; Spa,  un h\u00f4tel de charme pour un week-end romantique \u00e0 Paris\t\t\t\t\t<\/div>\n\t\t\t\t\n\t\t\t\t\t\t\t<\/div>\n\t\t\t\t\t\t<\/div>\n\t\t\t\t\t\t<\/div>\n\t\t\t\t<\/div>\n\t\t\t\t\t<\/div>\n\t\t<\/div>\n\t\t\t\t\t<\/div>\n\t\t<\/section>\n\t\t\t\t<\/div>\n\t\t","protected":false},"excerpt":{"rendered":"<p>A PROPOS DU MUS\u00c9E D\u2019ORSAY MUS\u00c9E D\u2019ORSAY Imperturbable au temps qui passe, le mus\u00e9e a pris place dans l\u2019ancienne gare d\u2019Orsay construite pour l\u2019exposition universelle de 1900. En 1945, la gare cessa toute activit\u00e9 ferroviaire. Avant que le projet de mus\u00e9e ne voie le jour, la nef accueillit des ventes aux ench\u00e8res, le temps de [&hellip;]<\/p>\n","protected":false},"author":4,"featured_media":0,"parent":0,"menu_order":0,"comment_status":"closed","ping_status":"closed","template":"","meta":{"footnotes":""},"class_list":["post-854","page","type-page","status-publish","hentry"],"yoast_head":"<!-- This site is optimized with the Yoast SEO plugin v27.5 - https:\/\/yoast.com\/product\/yoast-seo-wordpress\/ -->\n<title>Mus\u00e9e d&#039;orsay paris - Secret de Paris Hotel &amp; Spa - Hotel Spa Paris 75009<\/title>\n<meta name=\"robots\" content=\"index, follow, max-snippet:-1, max-image-preview:large, max-video-preview:-1\" \/>\n<link rel=\"canonical\" href=\"https:\/\/www.secretdeparis.com\/fr\/musee-orsay-paris\/\" \/>\n<meta property=\"og:locale\" content=\"fr_FR\" \/>\n<meta property=\"og:type\" content=\"article\" \/>\n<meta property=\"og:title\" content=\"Mus\u00e9e d&#039;orsay paris - Secret de Paris Hotel &amp; Spa - Hotel Spa Paris 75009\" \/>\n<meta property=\"og:description\" content=\"A PROPOS DU MUS\u00c9E D\u2019ORSAY MUS\u00c9E D\u2019ORSAY Imperturbable au temps qui passe, le mus\u00e9e a pris place dans l\u2019ancienne gare d\u2019Orsay construite pour l\u2019exposition universelle de 1900. En 1945, la gare cessa toute activit\u00e9 ferroviaire. Avant que le projet de mus\u00e9e ne voie le jour, la nef accueillit des ventes aux ench\u00e8res, le temps de [&hellip;]\" \/>\n<meta property=\"og:url\" content=\"https:\/\/www.secretdeparis.com\/fr\/musee-orsay-paris\/\" \/>\n<meta property=\"og:site_name\" content=\"Secret de Paris Hotel &amp; Spa - Hotel Spa Paris 75009\" \/>\n<meta property=\"article:publisher\" content=\"https:\/\/www.facebook.com\/HotelSecretdeParis\/\" \/>\n<meta property=\"article:modified_time\" content=\"2023-03-01T14:37:14+00:00\" \/>\n<meta name=\"twitter:card\" content=\"summary_large_image\" \/>\n<meta name=\"twitter:label1\" content=\"Dur\u00e9e de lecture estim\u00e9e\" \/>\n\t<meta name=\"twitter:data1\" content=\"1 minute\" \/>\n<script type=\"application\/ld+json\" class=\"yoast-schema-graph\">{\"@context\":\"https:\\\/\\\/schema.org\",\"@graph\":[{\"@type\":\"WebPage\",\"@id\":\"https:\\\/\\\/www.secretdeparis.com\\\/fr\\\/musee-orsay-paris\\\/\",\"url\":\"https:\\\/\\\/www.secretdeparis.com\\\/fr\\\/musee-orsay-paris\\\/\",\"name\":\"Mus\u00e9e d'orsay paris - Secret de Paris Hotel &amp; Spa - Hotel Spa Paris 75009\",\"isPartOf\":{\"@id\":\"https:\\\/\\\/www.secretdeparis.com\\\/fr\\\/#website\"},\"datePublished\":\"2023-03-01T14:28:25+00:00\",\"dateModified\":\"2023-03-01T14:37:14+00:00\",\"breadcrumb\":{\"@id\":\"https:\\\/\\\/www.secretdeparis.com\\\/fr\\\/musee-orsay-paris\\\/#breadcrumb\"},\"inLanguage\":\"fr-FR\",\"potentialAction\":[{\"@type\":\"ReadAction\",\"target\":[\"https:\\\/\\\/www.secretdeparis.com\\\/fr\\\/musee-orsay-paris\\\/\"]}]},{\"@type\":\"BreadcrumbList\",\"@id\":\"https:\\\/\\\/www.secretdeparis.com\\\/fr\\\/musee-orsay-paris\\\/#breadcrumb\",\"itemListElement\":[{\"@type\":\"ListItem\",\"position\":1,\"name\":\"Accueil\",\"item\":\"https:\\\/\\\/www.secretdeparis.com\\\/fr\\\/\"},{\"@type\":\"ListItem\",\"position\":2,\"name\":\"Mus\u00e9e d&rsquo;orsay paris\"}]},{\"@type\":\"WebSite\",\"@id\":\"https:\\\/\\\/www.secretdeparis.com\\\/fr\\\/#website\",\"url\":\"https:\\\/\\\/www.secretdeparis.com\\\/fr\\\/\",\"name\":\"Secret de Paris Hotel &amp; Spa - Hotel Spa Paris 75009\",\"description\":\"Hotel Spa Paris\",\"publisher\":{\"@id\":\"https:\\\/\\\/www.secretdeparis.com\\\/fr\\\/#organization\"},\"potentialAction\":[{\"@type\":\"SearchAction\",\"target\":{\"@type\":\"EntryPoint\",\"urlTemplate\":\"https:\\\/\\\/www.secretdeparis.com\\\/fr\\\/?s={search_term_string}\"},\"query-input\":{\"@type\":\"PropertyValueSpecification\",\"valueRequired\":true,\"valueName\":\"search_term_string\"}}],\"inLanguage\":\"fr-FR\"},{\"@type\":\"Organization\",\"@id\":\"https:\\\/\\\/www.secretdeparis.com\\\/fr\\\/#organization\",\"name\":\"Secret de Paris Hotel &amp; Spa - Hotel Spa Paris 75009\",\"url\":\"https:\\\/\\\/www.secretdeparis.com\\\/fr\\\/\",\"logo\":{\"@type\":\"ImageObject\",\"inLanguage\":\"fr-FR\",\"@id\":\"https:\\\/\\\/www.secretdeparis.com\\\/fr\\\/#\\\/schema\\\/logo\\\/image\\\/\",\"url\":\"https:\\\/\\\/www.secretdeparis.com\\\/wp-content\\\/uploads\\\/2023\\\/02\\\/cropped-logo_footer.jpg\",\"contentUrl\":\"https:\\\/\\\/www.secretdeparis.com\\\/wp-content\\\/uploads\\\/2023\\\/02\\\/cropped-logo_footer.jpg\",\"width\":512,\"height\":512,\"caption\":\"Secret de Paris Hotel &amp; Spa - Hotel Spa Paris 75009\"},\"image\":{\"@id\":\"https:\\\/\\\/www.secretdeparis.com\\\/fr\\\/#\\\/schema\\\/logo\\\/image\\\/\"},\"sameAs\":[\"https:\\\/\\\/www.facebook.com\\\/HotelSecretdeParis\\\/\",\"https:\\\/\\\/www.secretdeparis.com\\\/hotel-secret-de-paris-paris-photos\\\/instagram\\\/\"]}]}<\/script>\n<!-- \/ Yoast SEO plugin. -->","yoast_head_json":{"title":"Mus\u00e9e d'orsay paris - Secret de Paris Hotel &amp; Spa - Hotel Spa Paris 75009","robots":{"index":"index","follow":"follow","max-snippet":"max-snippet:-1","max-image-preview":"max-image-preview:large","max-video-preview":"max-video-preview:-1"},"canonical":"https:\/\/www.secretdeparis.com\/fr\/musee-orsay-paris\/","og_locale":"fr_FR","og_type":"article","og_title":"Mus\u00e9e d'orsay paris - Secret de Paris Hotel &amp; Spa - Hotel Spa Paris 75009","og_description":"A PROPOS DU MUS\u00c9E D\u2019ORSAY MUS\u00c9E D\u2019ORSAY Imperturbable au temps qui passe, le mus\u00e9e a pris place dans l\u2019ancienne gare d\u2019Orsay construite pour l\u2019exposition universelle de 1900. En 1945, la gare cessa toute activit\u00e9 ferroviaire. Avant que le projet de mus\u00e9e ne voie le jour, la nef accueillit des ventes aux ench\u00e8res, le temps de [&hellip;]","og_url":"https:\/\/www.secretdeparis.com\/fr\/musee-orsay-paris\/","og_site_name":"Secret de Paris Hotel &amp; Spa - Hotel Spa Paris 75009","article_publisher":"https:\/\/www.facebook.com\/HotelSecretdeParis\/","article_modified_time":"2023-03-01T14:37:14+00:00","twitter_card":"summary_large_image","twitter_misc":{"Dur\u00e9e de lecture estim\u00e9e":"1 minute"},"schema":{"@context":"https:\/\/schema.org","@graph":[{"@type":"WebPage","@id":"https:\/\/www.secretdeparis.com\/fr\/musee-orsay-paris\/","url":"https:\/\/www.secretdeparis.com\/fr\/musee-orsay-paris\/","name":"Mus\u00e9e d'orsay paris - Secret de Paris Hotel &amp; Spa - Hotel Spa Paris 75009","isPartOf":{"@id":"https:\/\/www.secretdeparis.com\/fr\/#website"},"datePublished":"2023-03-01T14:28:25+00:00","dateModified":"2023-03-01T14:37:14+00:00","breadcrumb":{"@id":"https:\/\/www.secretdeparis.com\/fr\/musee-orsay-paris\/#breadcrumb"},"inLanguage":"fr-FR","potentialAction":[{"@type":"ReadAction","target":["https:\/\/www.secretdeparis.com\/fr\/musee-orsay-paris\/"]}]},{"@type":"BreadcrumbList","@id":"https:\/\/www.secretdeparis.com\/fr\/musee-orsay-paris\/#breadcrumb","itemListElement":[{"@type":"ListItem","position":1,"name":"Accueil","item":"https:\/\/www.secretdeparis.com\/fr\/"},{"@type":"ListItem","position":2,"name":"Mus\u00e9e d&rsquo;orsay paris"}]},{"@type":"WebSite","@id":"https:\/\/www.secretdeparis.com\/fr\/#website","url":"https:\/\/www.secretdeparis.com\/fr\/","name":"Secret de Paris Hotel &amp; Spa - Hotel Spa Paris 75009","description":"Hotel Spa Paris","publisher":{"@id":"https:\/\/www.secretdeparis.com\/fr\/#organization"},"potentialAction":[{"@type":"SearchAction","target":{"@type":"EntryPoint","urlTemplate":"https:\/\/www.secretdeparis.com\/fr\/?s={search_term_string}"},"query-input":{"@type":"PropertyValueSpecification","valueRequired":true,"valueName":"search_term_string"}}],"inLanguage":"fr-FR"},{"@type":"Organization","@id":"https:\/\/www.secretdeparis.com\/fr\/#organization","name":"Secret de Paris Hotel &amp; Spa - Hotel Spa Paris 75009","url":"https:\/\/www.secretdeparis.com\/fr\/","logo":{"@type":"ImageObject","inLanguage":"fr-FR","@id":"https:\/\/www.secretdeparis.com\/fr\/#\/schema\/logo\/image\/","url":"https:\/\/www.secretdeparis.com\/wp-content\/uploads\/2023\/02\/cropped-logo_footer.jpg","contentUrl":"https:\/\/www.secretdeparis.com\/wp-content\/uploads\/2023\/02\/cropped-logo_footer.jpg","width":512,"height":512,"caption":"Secret de Paris Hotel &amp; Spa - Hotel Spa Paris 75009"},"image":{"@id":"https:\/\/www.secretdeparis.com\/fr\/#\/schema\/logo\/image\/"},"sameAs":["https:\/\/www.facebook.com\/HotelSecretdeParis\/","https:\/\/www.secretdeparis.com\/hotel-secret-de-paris-paris-photos\/instagram\/"]}]}},"_links":{"self":[{"href":"https:\/\/www.secretdeparis.com\/fr\/wp-json\/wp\/v2\/pages\/854","targetHints":{"allow":["GET"]}}],"collection":[{"href":"https:\/\/www.secretdeparis.com\/fr\/wp-json\/wp\/v2\/pages"}],"about":[{"href":"https:\/\/www.secretdeparis.com\/fr\/wp-json\/wp\/v2\/types\/page"}],"author":[{"embeddable":true,"href":"https:\/\/www.secretdeparis.com\/fr\/wp-json\/wp\/v2\/users\/4"}],"replies":[{"embeddable":true,"href":"https:\/\/www.secretdeparis.com\/fr\/wp-json\/wp\/v2\/comments?post=854"}],"version-history":[{"count":13,"href":"https:\/\/www.secretdeparis.com\/fr\/wp-json\/wp\/v2\/pages\/854\/revisions"}],"predecessor-version":[{"id":876,"href":"https:\/\/www.secretdeparis.com\/fr\/wp-json\/wp\/v2\/pages\/854\/revisions\/876"}],"wp:attachment":[{"href":"https:\/\/www.secretdeparis.com\/fr\/wp-json\/wp\/v2\/media?parent=854"}],"curies":[{"name":"wp","href":"https:\/\/api.w.org\/{rel}","templated":true}]}}