{"id":872,"date":"2023-03-01T15:39:07","date_gmt":"2023-03-01T14:39:07","guid":{"rendered":"https:\/\/2023.secretdeparis.com\/?page_id=872"},"modified":"2023-03-01T15:39:53","modified_gmt":"2023-03-01T14:39:53","slug":"opera-garnier-paris","status":"publish","type":"page","link":"https:\/\/www.secretdeparis.com\/fr\/opera-garnier-paris\/","title":{"rendered":"Op\u00e9ra Garnier Paris"},"content":{"rendered":"\t\t<div data-elementor-type=\"wp-page\" data-elementor-id=\"872\" class=\"elementor elementor-872\" data-elementor-post-type=\"page\">\n\t\t\t\t\t\t<section class=\"elementor-section elementor-top-section elementor-element elementor-element-83e06c6 elementor-section-boxed elementor-section-height-default elementor-section-height-default\" data-id=\"83e06c6\" data-element_type=\"section\">\n\t\t\t\t\t\t<div class=\"elementor-container elementor-column-gap-default\">\n\t\t\t\t\t<div class=\"elementor-column elementor-col-100 elementor-top-column elementor-element elementor-element-219d299\" data-id=\"219d299\" data-element_type=\"column\">\n\t\t\t<div class=\"elementor-widget-wrap elementor-element-populated\">\n\t\t\t\t\t\t<div class=\"elementor-element elementor-element-bd53263 elementor-widget elementor-widget-heading\" data-id=\"bd53263\" data-element_type=\"widget\" data-widget_type=\"heading.default\">\n\t\t\t\t<div class=\"elementor-widget-container\">\n\t\t\t\t\t<h1 class=\"elementor-heading-title elementor-size-default\">A PROPOS DE L\u2019OP\u00c9RA GARNIER<\/h1>\t\t\t\t<\/div>\n\t\t\t\t<\/div>\n\t\t\t\t\t<\/div>\n\t\t<\/div>\n\t\t\t\t\t<\/div>\n\t\t<\/section>\n\t\t\t\t<section class=\"elementor-section elementor-top-section elementor-element elementor-element-f14228d elementor-section-height-min-height elementor-section-boxed elementor-section-height-default elementor-section-items-middle\" data-id=\"f14228d\" data-element_type=\"section\">\n\t\t\t\t\t\t<div class=\"elementor-container elementor-column-gap-default\">\n\t\t\t\t\t<div class=\"elementor-column elementor-col-100 elementor-top-column elementor-element elementor-element-c94e2c3\" data-id=\"c94e2c3\" data-element_type=\"column\">\n\t\t\t<div class=\"elementor-widget-wrap elementor-element-populated\">\n\t\t\t\t\t\t<div class=\"elementor-element elementor-element-06fc867 elementor-cta--layout-image-left elementor-cta--mobile-layout-image-above elementor-cta--skin-classic elementor-animated-content elementor-bg-transform elementor-bg-transform-zoom-in elementor-widget elementor-widget-call-to-action\" data-id=\"06fc867\" data-element_type=\"widget\" data-widget_type=\"call-to-action.default\">\n\t\t\t\t<div class=\"elementor-widget-container\">\n\t\t\t\t\t\t\t<div class=\"elementor-cta\">\n\t\t\t\t\t<div class=\"elementor-cta__bg-wrapper\">\n\t\t\t\t<div class=\"elementor-cta__bg elementor-bg\" style=\"background-image: url(https:\/\/www.secretdeparis.com\/wp-content\/uploads\/2023\/03\/opera-garnier-819x1024.jpg);\" role=\"img\" aria-label=\"Op\u00e9ra de Paris\"><\/div>\n\t\t\t\t<div class=\"elementor-cta__bg-overlay\"><\/div>\n\t\t\t<\/div>\n\t\t\t\t\t\t\t<div class=\"elementor-cta__content\">\n\t\t\t\t\n\t\t\t\t\t\t\t\t\t<h2 class=\"elementor-cta__title elementor-cta__content-item elementor-content-item\">\n\t\t\t\t\t\tOP\u00c9RA GARNIER\t\t\t\t\t<\/h2>\n\t\t\t\t\n\t\t\t\t\t\t\t\t\t<div class=\"elementor-cta__description elementor-cta__content-item elementor-content-item\">\n\t\t\t\t\t\t<p style=\"text-align:justify\">Difficile de ne pas \u00eatre \u00e9mu devant ce \u201cth\u00e9\u00e2tre imp\u00e9rial\u201d, chef-d\u2019\u0153uvre de l\u2019architecture du XIXe, o\u00f9 tout \u00e9voque la musique et la danse. Son architecte, Charles Garnier, \u00e9tait pourtant au moment de sa construction, en 1860, un jeune inconnu de 35 ans.<br><br>\n\nLa d\u00e9cision de sa construction a pour origine un fait-divers : en 1958, Napol\u00e9on III \u00e9chappe \u00e0 un attentat en sortant de l\u2019op\u00e9ra de la rue Le Peletier. Il d\u00e9cide de faire construire une autre salle de spectacle dans un endroit d\u00e9gag\u00e9 et sans risque. Napol\u00e9on III n\u2019inaugurera jamais l\u2019Op\u00e9ra, termin\u00e9 seulement en 1875, apr\u00e8s la chute de l\u2019Empire.<br><br>\n\nL\u2019exub\u00e9rance baroque de la fa\u00e7ade orn\u00e9e de sculptures t\u00e9moigne du souhait de Napol\u00e9on III. Sur la droite, on rep\u00e8re tout de suite le groupe de la \u201cDanse\u201d du sculpteur Carpeaux. Ce n\u2019est qu\u2019une copie, sign\u00e9e Paul Belmondo, le p\u00e8re de l\u2019acteur. L\u2019original se trouve au mus\u00e9e d\u2019Orsay, \u00e0 l\u2019abri de la pollution.<br>\n\nA l\u2019int\u00e9rieur, c\u2019est surtout le grand escalier d\u2019honneur \u2013 \u00e0 double r\u00e9volution \u2013 et ses trente colonnes en marbre qui font sensation. Sans oublier le plafond de la salle de spectacle, d\u00e9cor\u00e9 en 1962 par le peintre Chagall, o\u00f9 l\u2019on peut reconna\u00eetre \u2013 si l\u2019on ne craint pas le torticolis \u2013 les plus c\u00e9l\u00e8bres monuments de Paris comme la tour Eiffel et l\u2019arc de Triomphe, et les ballets cultes (l\u2019Oiseau de feu, Gis\u00e8le\u2026).<br><br>\n\nD\u00e9couvrez l\u2019 Op\u00e9ra Garnier \u00e0 10 minutes \u00e0 pied de Secret de Paris \u2013 Hotel &amp; Spa !\n\n&lt; Retour vers les chambres Op\u00e9ra Garnier de Secret de Paris \u2013 Hotel &amp; Spa , un h\u00f4tel de charme pour un week-end romantique \u00e0 Paris\t\t\t\t\t<\/div>\n\t\t\t\t\n\t\t\t\t\t\t\t<\/div>\n\t\t\t\t\t\t<\/div>\n\t\t\t\t\t\t<\/div>\n\t\t\t\t<\/div>\n\t\t\t\t\t<\/div>\n\t\t<\/div>\n\t\t\t\t\t<\/div>\n\t\t<\/section>\n\t\t\t\t<\/div>\n\t\t","protected":false},"excerpt":{"rendered":"<p>A PROPOS DE L\u2019OP\u00c9RA GARNIER OP\u00c9RA GARNIER Difficile de ne pas \u00eatre \u00e9mu devant ce \u201cth\u00e9\u00e2tre imp\u00e9rial\u201d, chef-d\u2019\u0153uvre de l\u2019architecture du XIXe, o\u00f9 tout \u00e9voque la musique et la danse. Son architecte, Charles Garnier, \u00e9tait pourtant au moment de sa construction, en 1860, un jeune inconnu de 35 ans. La d\u00e9cision de sa construction a [&hellip;]<\/p>\n","protected":false},"author":4,"featured_media":0,"parent":0,"menu_order":0,"comment_status":"closed","ping_status":"closed","template":"","meta":{"footnotes":""},"class_list":["post-872","page","type-page","status-publish","hentry"],"yoast_head":"<!-- This site is optimized with the Yoast SEO plugin v27.3 - https:\/\/yoast.com\/product\/yoast-seo-wordpress\/ -->\n<title>Op\u00e9ra Garnier Paris - Secret de Paris Hotel &amp; Spa - Hotel Spa Paris 75009<\/title>\n<meta name=\"robots\" content=\"index, follow, max-snippet:-1, max-image-preview:large, max-video-preview:-1\" \/>\n<link rel=\"canonical\" href=\"https:\/\/www.secretdeparis.com\/fr\/opera-garnier-paris\/\" \/>\n<meta property=\"og:locale\" content=\"fr_FR\" \/>\n<meta property=\"og:type\" content=\"article\" \/>\n<meta property=\"og:title\" content=\"Op\u00e9ra Garnier Paris - Secret de Paris Hotel &amp; Spa - Hotel Spa Paris 75009\" \/>\n<meta property=\"og:description\" content=\"A PROPOS DE L\u2019OP\u00c9RA GARNIER OP\u00c9RA GARNIER Difficile de ne pas \u00eatre \u00e9mu devant ce \u201cth\u00e9\u00e2tre imp\u00e9rial\u201d, chef-d\u2019\u0153uvre de l\u2019architecture du XIXe, o\u00f9 tout \u00e9voque la musique et la danse. Son architecte, Charles Garnier, \u00e9tait pourtant au moment de sa construction, en 1860, un jeune inconnu de 35 ans. La d\u00e9cision de sa construction a [&hellip;]\" \/>\n<meta property=\"og:url\" content=\"https:\/\/www.secretdeparis.com\/fr\/opera-garnier-paris\/\" \/>\n<meta property=\"og:site_name\" content=\"Secret de Paris Hotel &amp; Spa - Hotel Spa Paris 75009\" \/>\n<meta property=\"article:publisher\" content=\"https:\/\/www.facebook.com\/HotelSecretdeParis\/\" \/>\n<meta property=\"article:modified_time\" content=\"2023-03-01T14:39:53+00:00\" \/>\n<meta name=\"twitter:card\" content=\"summary_large_image\" \/>\n<meta name=\"twitter:label1\" content=\"Dur\u00e9e de lecture estim\u00e9e\" \/>\n\t<meta name=\"twitter:data1\" content=\"2 minutes\" \/>\n<script type=\"application\/ld+json\" class=\"yoast-schema-graph\">{\"@context\":\"https:\\\/\\\/schema.org\",\"@graph\":[{\"@type\":\"WebPage\",\"@id\":\"https:\\\/\\\/www.secretdeparis.com\\\/fr\\\/opera-garnier-paris\\\/\",\"url\":\"https:\\\/\\\/www.secretdeparis.com\\\/fr\\\/opera-garnier-paris\\\/\",\"name\":\"Op\u00e9ra Garnier Paris - Secret de Paris Hotel &amp; Spa - Hotel Spa Paris 75009\",\"isPartOf\":{\"@id\":\"https:\\\/\\\/www.secretdeparis.com\\\/fr\\\/#website\"},\"datePublished\":\"2023-03-01T14:39:07+00:00\",\"dateModified\":\"2023-03-01T14:39:53+00:00\",\"breadcrumb\":{\"@id\":\"https:\\\/\\\/www.secretdeparis.com\\\/fr\\\/opera-garnier-paris\\\/#breadcrumb\"},\"inLanguage\":\"fr-FR\",\"potentialAction\":[{\"@type\":\"ReadAction\",\"target\":[\"https:\\\/\\\/www.secretdeparis.com\\\/fr\\\/opera-garnier-paris\\\/\"]}]},{\"@type\":\"BreadcrumbList\",\"@id\":\"https:\\\/\\\/www.secretdeparis.com\\\/fr\\\/opera-garnier-paris\\\/#breadcrumb\",\"itemListElement\":[{\"@type\":\"ListItem\",\"position\":1,\"name\":\"Accueil\",\"item\":\"https:\\\/\\\/www.secretdeparis.com\\\/fr\\\/\"},{\"@type\":\"ListItem\",\"position\":2,\"name\":\"Op\u00e9ra Garnier Paris\"}]},{\"@type\":\"WebSite\",\"@id\":\"https:\\\/\\\/www.secretdeparis.com\\\/fr\\\/#website\",\"url\":\"https:\\\/\\\/www.secretdeparis.com\\\/fr\\\/\",\"name\":\"Secret de Paris Hotel &amp; Spa - Hotel Spa Paris 75009\",\"description\":\"Hotel Spa Paris\",\"publisher\":{\"@id\":\"https:\\\/\\\/www.secretdeparis.com\\\/fr\\\/#organization\"},\"potentialAction\":[{\"@type\":\"SearchAction\",\"target\":{\"@type\":\"EntryPoint\",\"urlTemplate\":\"https:\\\/\\\/www.secretdeparis.com\\\/fr\\\/?s={search_term_string}\"},\"query-input\":{\"@type\":\"PropertyValueSpecification\",\"valueRequired\":true,\"valueName\":\"search_term_string\"}}],\"inLanguage\":\"fr-FR\"},{\"@type\":\"Organization\",\"@id\":\"https:\\\/\\\/www.secretdeparis.com\\\/fr\\\/#organization\",\"name\":\"Secret de Paris Hotel &amp; Spa - Hotel Spa Paris 75009\",\"url\":\"https:\\\/\\\/www.secretdeparis.com\\\/fr\\\/\",\"logo\":{\"@type\":\"ImageObject\",\"inLanguage\":\"fr-FR\",\"@id\":\"https:\\\/\\\/www.secretdeparis.com\\\/fr\\\/#\\\/schema\\\/logo\\\/image\\\/\",\"url\":\"https:\\\/\\\/www.secretdeparis.com\\\/wp-content\\\/uploads\\\/2023\\\/02\\\/cropped-logo_footer.jpg\",\"contentUrl\":\"https:\\\/\\\/www.secretdeparis.com\\\/wp-content\\\/uploads\\\/2023\\\/02\\\/cropped-logo_footer.jpg\",\"width\":512,\"height\":512,\"caption\":\"Secret de Paris Hotel &amp; Spa - Hotel Spa Paris 75009\"},\"image\":{\"@id\":\"https:\\\/\\\/www.secretdeparis.com\\\/fr\\\/#\\\/schema\\\/logo\\\/image\\\/\"},\"sameAs\":[\"https:\\\/\\\/www.facebook.com\\\/HotelSecretdeParis\\\/\",\"https:\\\/\\\/www.secretdeparis.com\\\/hotel-secret-de-paris-paris-photos\\\/instagram\\\/\"]}]}<\/script>\n<!-- \/ Yoast SEO plugin. -->","yoast_head_json":{"title":"Op\u00e9ra Garnier Paris - Secret de Paris Hotel &amp; Spa - Hotel Spa Paris 75009","robots":{"index":"index","follow":"follow","max-snippet":"max-snippet:-1","max-image-preview":"max-image-preview:large","max-video-preview":"max-video-preview:-1"},"canonical":"https:\/\/www.secretdeparis.com\/fr\/opera-garnier-paris\/","og_locale":"fr_FR","og_type":"article","og_title":"Op\u00e9ra Garnier Paris - Secret de Paris Hotel &amp; Spa - Hotel Spa Paris 75009","og_description":"A PROPOS DE L\u2019OP\u00c9RA GARNIER OP\u00c9RA GARNIER Difficile de ne pas \u00eatre \u00e9mu devant ce \u201cth\u00e9\u00e2tre imp\u00e9rial\u201d, chef-d\u2019\u0153uvre de l\u2019architecture du XIXe, o\u00f9 tout \u00e9voque la musique et la danse. Son architecte, Charles Garnier, \u00e9tait pourtant au moment de sa construction, en 1860, un jeune inconnu de 35 ans. La d\u00e9cision de sa construction a [&hellip;]","og_url":"https:\/\/www.secretdeparis.com\/fr\/opera-garnier-paris\/","og_site_name":"Secret de Paris Hotel &amp; Spa - Hotel Spa Paris 75009","article_publisher":"https:\/\/www.facebook.com\/HotelSecretdeParis\/","article_modified_time":"2023-03-01T14:39:53+00:00","twitter_card":"summary_large_image","twitter_misc":{"Dur\u00e9e de lecture estim\u00e9e":"2 minutes"},"schema":{"@context":"https:\/\/schema.org","@graph":[{"@type":"WebPage","@id":"https:\/\/www.secretdeparis.com\/fr\/opera-garnier-paris\/","url":"https:\/\/www.secretdeparis.com\/fr\/opera-garnier-paris\/","name":"Op\u00e9ra Garnier Paris - Secret de Paris Hotel &amp; Spa - Hotel Spa Paris 75009","isPartOf":{"@id":"https:\/\/www.secretdeparis.com\/fr\/#website"},"datePublished":"2023-03-01T14:39:07+00:00","dateModified":"2023-03-01T14:39:53+00:00","breadcrumb":{"@id":"https:\/\/www.secretdeparis.com\/fr\/opera-garnier-paris\/#breadcrumb"},"inLanguage":"fr-FR","potentialAction":[{"@type":"ReadAction","target":["https:\/\/www.secretdeparis.com\/fr\/opera-garnier-paris\/"]}]},{"@type":"BreadcrumbList","@id":"https:\/\/www.secretdeparis.com\/fr\/opera-garnier-paris\/#breadcrumb","itemListElement":[{"@type":"ListItem","position":1,"name":"Accueil","item":"https:\/\/www.secretdeparis.com\/fr\/"},{"@type":"ListItem","position":2,"name":"Op\u00e9ra Garnier Paris"}]},{"@type":"WebSite","@id":"https:\/\/www.secretdeparis.com\/fr\/#website","url":"https:\/\/www.secretdeparis.com\/fr\/","name":"Secret de Paris Hotel &amp; Spa - Hotel Spa Paris 75009","description":"Hotel Spa Paris","publisher":{"@id":"https:\/\/www.secretdeparis.com\/fr\/#organization"},"potentialAction":[{"@type":"SearchAction","target":{"@type":"EntryPoint","urlTemplate":"https:\/\/www.secretdeparis.com\/fr\/?s={search_term_string}"},"query-input":{"@type":"PropertyValueSpecification","valueRequired":true,"valueName":"search_term_string"}}],"inLanguage":"fr-FR"},{"@type":"Organization","@id":"https:\/\/www.secretdeparis.com\/fr\/#organization","name":"Secret de Paris Hotel &amp; Spa - Hotel Spa Paris 75009","url":"https:\/\/www.secretdeparis.com\/fr\/","logo":{"@type":"ImageObject","inLanguage":"fr-FR","@id":"https:\/\/www.secretdeparis.com\/fr\/#\/schema\/logo\/image\/","url":"https:\/\/www.secretdeparis.com\/wp-content\/uploads\/2023\/02\/cropped-logo_footer.jpg","contentUrl":"https:\/\/www.secretdeparis.com\/wp-content\/uploads\/2023\/02\/cropped-logo_footer.jpg","width":512,"height":512,"caption":"Secret de Paris Hotel &amp; Spa - Hotel Spa Paris 75009"},"image":{"@id":"https:\/\/www.secretdeparis.com\/fr\/#\/schema\/logo\/image\/"},"sameAs":["https:\/\/www.facebook.com\/HotelSecretdeParis\/","https:\/\/www.secretdeparis.com\/hotel-secret-de-paris-paris-photos\/instagram\/"]}]}},"_links":{"self":[{"href":"https:\/\/www.secretdeparis.com\/fr\/wp-json\/wp\/v2\/pages\/872","targetHints":{"allow":["GET"]}}],"collection":[{"href":"https:\/\/www.secretdeparis.com\/fr\/wp-json\/wp\/v2\/pages"}],"about":[{"href":"https:\/\/www.secretdeparis.com\/fr\/wp-json\/wp\/v2\/types\/page"}],"author":[{"embeddable":true,"href":"https:\/\/www.secretdeparis.com\/fr\/wp-json\/wp\/v2\/users\/4"}],"replies":[{"embeddable":true,"href":"https:\/\/www.secretdeparis.com\/fr\/wp-json\/wp\/v2\/comments?post=872"}],"version-history":[{"count":4,"href":"https:\/\/www.secretdeparis.com\/fr\/wp-json\/wp\/v2\/pages\/872\/revisions"}],"predecessor-version":[{"id":880,"href":"https:\/\/www.secretdeparis.com\/fr\/wp-json\/wp\/v2\/pages\/872\/revisions\/880"}],"wp:attachment":[{"href":"https:\/\/www.secretdeparis.com\/fr\/wp-json\/wp\/v2\/media?parent=872"}],"curies":[{"name":"wp","href":"https:\/\/api.w.org\/{rel}","templated":true}]}}