{"id":902,"date":"2023-03-01T15:55:05","date_gmt":"2023-03-01T14:55:05","guid":{"rendered":"https:\/\/2023.secretdeparis.com\/?page_id=902"},"modified":"2023-03-01T15:55:13","modified_gmt":"2023-03-01T14:55:13","slug":"propos-du-moulin-rouge","status":"publish","type":"page","link":"https:\/\/www.secretdeparis.com\/fr\/propos-du-moulin-rouge\/","title":{"rendered":"Moulin rouge"},"content":{"rendered":"\t\t<div data-elementor-type=\"wp-page\" data-elementor-id=\"902\" class=\"elementor elementor-902\" data-elementor-post-type=\"page\">\n\t\t\t\t\t\t<section class=\"elementor-section elementor-top-section elementor-element elementor-element-f896b4a elementor-section-boxed elementor-section-height-default elementor-section-height-default\" data-id=\"f896b4a\" data-element_type=\"section\">\n\t\t\t\t\t\t<div class=\"elementor-container elementor-column-gap-default\">\n\t\t\t\t\t<div class=\"elementor-column elementor-col-100 elementor-top-column elementor-element elementor-element-0833cbe\" data-id=\"0833cbe\" data-element_type=\"column\">\n\t\t\t<div class=\"elementor-widget-wrap elementor-element-populated\">\n\t\t\t\t\t\t<div class=\"elementor-element elementor-element-d18fe64 elementor-widget elementor-widget-heading\" data-id=\"d18fe64\" data-element_type=\"widget\" data-widget_type=\"heading.default\">\n\t\t\t\t<div class=\"elementor-widget-container\">\n\t\t\t\t\t<h1 class=\"elementor-heading-title elementor-size-default\">A PROPOS DU MOULIN ROUGE<\/h1>\t\t\t\t<\/div>\n\t\t\t\t<\/div>\n\t\t\t\t\t<\/div>\n\t\t<\/div>\n\t\t\t\t\t<\/div>\n\t\t<\/section>\n\t\t\t\t<section class=\"elementor-section elementor-top-section elementor-element elementor-element-f475482 elementor-section-height-min-height elementor-section-boxed elementor-section-height-default elementor-section-items-middle\" data-id=\"f475482\" data-element_type=\"section\">\n\t\t\t\t\t\t<div class=\"elementor-container elementor-column-gap-default\">\n\t\t\t\t\t<div class=\"elementor-column elementor-col-100 elementor-top-column elementor-element elementor-element-b10ef8e\" data-id=\"b10ef8e\" data-element_type=\"column\">\n\t\t\t<div class=\"elementor-widget-wrap elementor-element-populated\">\n\t\t\t\t\t\t<div class=\"elementor-element elementor-element-c430550 elementor-cta--layout-image-left elementor-cta--mobile-layout-image-above elementor-cta--skin-classic elementor-animated-content elementor-bg-transform elementor-bg-transform-zoom-in elementor-widget elementor-widget-call-to-action\" data-id=\"c430550\" data-element_type=\"widget\" data-widget_type=\"call-to-action.default\">\n\t\t\t\t<div class=\"elementor-widget-container\">\n\t\t\t\t\t\t\t<div class=\"elementor-cta\">\n\t\t\t\t\t<div class=\"elementor-cta__bg-wrapper\">\n\t\t\t\t<div class=\"elementor-cta__bg elementor-bg\" style=\"background-image: url(https:\/\/www.secretdeparis.com\/wp-content\/uploads\/2023\/03\/moulin-rouge-682x1024.jpg);\" role=\"img\" aria-label=\"Enseigne du moulin rouge \u00e0 Paris\"><\/div>\n\t\t\t\t<div class=\"elementor-cta__bg-overlay\"><\/div>\n\t\t\t<\/div>\n\t\t\t\t\t\t\t<div class=\"elementor-cta__content\">\n\t\t\t\t\n\t\t\t\t\t\t\t\t\t<h2 class=\"elementor-cta__title elementor-cta__content-item elementor-content-item\">\n\t\t\t\t\t\tMOULIN ROUGE\t\t\t\t\t<\/h2>\n\t\t\t\t\n\t\t\t\t\t\t\t\t\t<div class=\"elementor-cta__description elementor-cta__content-item elementor-content-item\">\n\t\t\t\t\t\t<p style=\"text-align:justify\">C\u00e9l\u00e8bre dans le monde entier pour son French Cancan effr\u00e9n\u00e9, ce cabaret a \u00e9t\u00e9 cr\u00e9\u00e9 en 1889 par Joseph Oller et Charles Zidler qui poss\u00e9daient d\u00e9j\u00e0 l\u2019Olympia. Pour faire recette, les deux associ\u00e9s coiffent ce hangar qui accueillait \u201cle bal de la reine Blanche\u201d d\u2019un faux moulin dont les ailes lumineuses tournoient fi\u00e8rement. Dans le jardin tr\u00f4ne un immense \u00e9l\u00e9phant en stuc dans lequel les hommes peuvent assister \u00e0 des spectacles de danse du ventre.<br><br>\n\nTous les Parisiens avides de frivolit\u00e9 et d\u2019extravagance se pressent sur le boulevard de Clichy. Sous des pseudonymes imag\u00e9s et plut\u00f4t canailles, les plus c\u00e9l\u00e8bres danseuses de l\u2019\u00e9poque rivalisent sur la sc\u00e8ne du cabaret : Grille d\u2019Egout, la M\u00f4me Fromage, Nini Pattes-en-l\u2019Air. Fid\u00e8le parmi les fid\u00e8les, le peintre Henri de Toulouse Lautrec est le grand t\u00e9moin de cette p\u00e9riode faste. Dix-sept de ses \u0153uvres sont inspir\u00e9es du cabaret et de sa danseuse c\u00e9l\u00e9brissime \u00e0 la gouaille inimitable : la Goulue.<br><br>\n\nA partir de 1903, les spectacles \u00e9voluent vers le music-hall. En 1925, la revue \u201c\u00c7a c\u2019est Paris\u201d, men\u00e9e par Mistinguett, fait un triomphe.<br><br>\n\nLe Moulin Rouge symbolise toujours \u00e0 l\u2019\u00e9tranger l\u2019esprit de la f\u00eate parisienne. Et le fait est que l\u2019\u00e9tablissement est un des plus grands clients de champagne au monde, avec environ 240 000 bouteilles consomm\u00e9es chaque ann\u00e9e.<br><br>\n\nD\u00e9couvrez le Moulin Rouge \u00e0 7 minutes \u00e0 pied de Secret de Paris \u2013 Hotel &amp; Spa !\n<br><br>\n\n&lt; Retour vers les chambres \u00ab Moulin Rouge \u00bb de Secret de Paris \u2013 Hotel &amp; Spa, un h\u00f4tel de charme pour un week-end romantique \u00e0 Paris\n\n \n\nMoulin Rouge \u00ae est une marque d\u00e9pos\u00e9e de Moulin Rouge SA\t\t\t\t\t<\/div>\n\t\t\t\t\n\t\t\t\t\t\t\t<\/div>\n\t\t\t\t\t\t<\/div>\n\t\t\t\t\t\t<\/div>\n\t\t\t\t<\/div>\n\t\t\t\t\t<\/div>\n\t\t<\/div>\n\t\t\t\t\t<\/div>\n\t\t<\/section>\n\t\t\t\t<\/div>\n\t\t","protected":false},"excerpt":{"rendered":"<p>A PROPOS DU MOULIN ROUGE MOULIN ROUGE C\u00e9l\u00e8bre dans le monde entier pour son French Cancan effr\u00e9n\u00e9, ce cabaret a \u00e9t\u00e9 cr\u00e9\u00e9 en 1889 par Joseph Oller et Charles Zidler qui poss\u00e9daient d\u00e9j\u00e0 l\u2019Olympia. Pour faire recette, les deux associ\u00e9s coiffent ce hangar qui accueillait \u201cle bal de la reine Blanche\u201d d\u2019un faux moulin dont [&hellip;]<\/p>\n","protected":false},"author":4,"featured_media":0,"parent":0,"menu_order":0,"comment_status":"closed","ping_status":"closed","template":"","meta":{"footnotes":""},"class_list":["post-902","page","type-page","status-publish","hentry"],"yoast_head":"<!-- This site is optimized with the Yoast SEO plugin v27.6 - https:\/\/yoast.com\/product\/yoast-seo-wordpress\/ -->\n<title>Moulin rouge - Secret de Paris Hotel &amp; Spa - Hotel Spa Paris 75009<\/title>\n<meta name=\"robots\" content=\"index, follow, max-snippet:-1, max-image-preview:large, max-video-preview:-1\" \/>\n<link rel=\"canonical\" href=\"https:\/\/www.secretdeparis.com\/fr\/propos-du-moulin-rouge\/\" \/>\n<meta property=\"og:locale\" content=\"fr_FR\" \/>\n<meta property=\"og:type\" content=\"article\" \/>\n<meta property=\"og:title\" content=\"Moulin rouge - Secret de Paris Hotel &amp; Spa - Hotel Spa Paris 75009\" \/>\n<meta property=\"og:description\" content=\"A PROPOS DU MOULIN ROUGE MOULIN ROUGE C\u00e9l\u00e8bre dans le monde entier pour son French Cancan effr\u00e9n\u00e9, ce cabaret a \u00e9t\u00e9 cr\u00e9\u00e9 en 1889 par Joseph Oller et Charles Zidler qui poss\u00e9daient d\u00e9j\u00e0 l\u2019Olympia. Pour faire recette, les deux associ\u00e9s coiffent ce hangar qui accueillait \u201cle bal de la reine Blanche\u201d d\u2019un faux moulin dont [&hellip;]\" \/>\n<meta property=\"og:url\" content=\"https:\/\/www.secretdeparis.com\/fr\/propos-du-moulin-rouge\/\" \/>\n<meta property=\"og:site_name\" content=\"Secret de Paris Hotel &amp; Spa - Hotel Spa Paris 75009\" \/>\n<meta property=\"article:publisher\" content=\"https:\/\/www.facebook.com\/HotelSecretdeParis\/\" \/>\n<meta property=\"article:modified_time\" content=\"2023-03-01T14:55:13+00:00\" \/>\n<meta name=\"twitter:card\" content=\"summary_large_image\" \/>\n<meta name=\"twitter:label1\" content=\"Dur\u00e9e de lecture estim\u00e9e\" \/>\n\t<meta name=\"twitter:data1\" content=\"1 minute\" \/>\n<script type=\"application\/ld+json\" class=\"yoast-schema-graph\">{\"@context\":\"https:\\\/\\\/schema.org\",\"@graph\":[{\"@type\":\"WebPage\",\"@id\":\"https:\\\/\\\/www.secretdeparis.com\\\/fr\\\/propos-du-moulin-rouge\\\/\",\"url\":\"https:\\\/\\\/www.secretdeparis.com\\\/fr\\\/propos-du-moulin-rouge\\\/\",\"name\":\"Moulin rouge - Secret de Paris Hotel &amp; Spa - Hotel Spa Paris 75009\",\"isPartOf\":{\"@id\":\"https:\\\/\\\/www.secretdeparis.com\\\/fr\\\/#website\"},\"datePublished\":\"2023-03-01T14:55:05+00:00\",\"dateModified\":\"2023-03-01T14:55:13+00:00\",\"breadcrumb\":{\"@id\":\"https:\\\/\\\/www.secretdeparis.com\\\/fr\\\/propos-du-moulin-rouge\\\/#breadcrumb\"},\"inLanguage\":\"fr-FR\",\"potentialAction\":[{\"@type\":\"ReadAction\",\"target\":[\"https:\\\/\\\/www.secretdeparis.com\\\/fr\\\/propos-du-moulin-rouge\\\/\"]}]},{\"@type\":\"BreadcrumbList\",\"@id\":\"https:\\\/\\\/www.secretdeparis.com\\\/fr\\\/propos-du-moulin-rouge\\\/#breadcrumb\",\"itemListElement\":[{\"@type\":\"ListItem\",\"position\":1,\"name\":\"Accueil\",\"item\":\"https:\\\/\\\/www.secretdeparis.com\\\/fr\\\/\"},{\"@type\":\"ListItem\",\"position\":2,\"name\":\"Moulin rouge\"}]},{\"@type\":\"WebSite\",\"@id\":\"https:\\\/\\\/www.secretdeparis.com\\\/fr\\\/#website\",\"url\":\"https:\\\/\\\/www.secretdeparis.com\\\/fr\\\/\",\"name\":\"Secret de Paris Hotel &amp; Spa - Hotel Spa Paris 75009\",\"description\":\"Hotel Spa Paris\",\"publisher\":{\"@id\":\"https:\\\/\\\/www.secretdeparis.com\\\/fr\\\/#organization\"},\"potentialAction\":[{\"@type\":\"SearchAction\",\"target\":{\"@type\":\"EntryPoint\",\"urlTemplate\":\"https:\\\/\\\/www.secretdeparis.com\\\/fr\\\/?s={search_term_string}\"},\"query-input\":{\"@type\":\"PropertyValueSpecification\",\"valueRequired\":true,\"valueName\":\"search_term_string\"}}],\"inLanguage\":\"fr-FR\"},{\"@type\":\"Organization\",\"@id\":\"https:\\\/\\\/www.secretdeparis.com\\\/fr\\\/#organization\",\"name\":\"Secret de Paris Hotel &amp; Spa - Hotel Spa Paris 75009\",\"url\":\"https:\\\/\\\/www.secretdeparis.com\\\/fr\\\/\",\"logo\":{\"@type\":\"ImageObject\",\"inLanguage\":\"fr-FR\",\"@id\":\"https:\\\/\\\/www.secretdeparis.com\\\/fr\\\/#\\\/schema\\\/logo\\\/image\\\/\",\"url\":\"https:\\\/\\\/www.secretdeparis.com\\\/wp-content\\\/uploads\\\/2023\\\/02\\\/cropped-logo_footer.jpg\",\"contentUrl\":\"https:\\\/\\\/www.secretdeparis.com\\\/wp-content\\\/uploads\\\/2023\\\/02\\\/cropped-logo_footer.jpg\",\"width\":512,\"height\":512,\"caption\":\"Secret de Paris Hotel &amp; Spa - Hotel Spa Paris 75009\"},\"image\":{\"@id\":\"https:\\\/\\\/www.secretdeparis.com\\\/fr\\\/#\\\/schema\\\/logo\\\/image\\\/\"},\"sameAs\":[\"https:\\\/\\\/www.facebook.com\\\/HotelSecretdeParis\\\/\",\"https:\\\/\\\/www.secretdeparis.com\\\/hotel-secret-de-paris-paris-photos\\\/instagram\\\/\"]}]}<\/script>\n<!-- \/ Yoast SEO plugin. -->","yoast_head_json":{"title":"Moulin rouge - Secret de Paris Hotel &amp; Spa - Hotel Spa Paris 75009","robots":{"index":"index","follow":"follow","max-snippet":"max-snippet:-1","max-image-preview":"max-image-preview:large","max-video-preview":"max-video-preview:-1"},"canonical":"https:\/\/www.secretdeparis.com\/fr\/propos-du-moulin-rouge\/","og_locale":"fr_FR","og_type":"article","og_title":"Moulin rouge - Secret de Paris Hotel &amp; Spa - Hotel Spa Paris 75009","og_description":"A PROPOS DU MOULIN ROUGE MOULIN ROUGE C\u00e9l\u00e8bre dans le monde entier pour son French Cancan effr\u00e9n\u00e9, ce cabaret a \u00e9t\u00e9 cr\u00e9\u00e9 en 1889 par Joseph Oller et Charles Zidler qui poss\u00e9daient d\u00e9j\u00e0 l\u2019Olympia. Pour faire recette, les deux associ\u00e9s coiffent ce hangar qui accueillait \u201cle bal de la reine Blanche\u201d d\u2019un faux moulin dont [&hellip;]","og_url":"https:\/\/www.secretdeparis.com\/fr\/propos-du-moulin-rouge\/","og_site_name":"Secret de Paris Hotel &amp; Spa - Hotel Spa Paris 75009","article_publisher":"https:\/\/www.facebook.com\/HotelSecretdeParis\/","article_modified_time":"2023-03-01T14:55:13+00:00","twitter_card":"summary_large_image","twitter_misc":{"Dur\u00e9e de lecture estim\u00e9e":"1 minute"},"schema":{"@context":"https:\/\/schema.org","@graph":[{"@type":"WebPage","@id":"https:\/\/www.secretdeparis.com\/fr\/propos-du-moulin-rouge\/","url":"https:\/\/www.secretdeparis.com\/fr\/propos-du-moulin-rouge\/","name":"Moulin rouge - Secret de Paris Hotel &amp; Spa - Hotel Spa Paris 75009","isPartOf":{"@id":"https:\/\/www.secretdeparis.com\/fr\/#website"},"datePublished":"2023-03-01T14:55:05+00:00","dateModified":"2023-03-01T14:55:13+00:00","breadcrumb":{"@id":"https:\/\/www.secretdeparis.com\/fr\/propos-du-moulin-rouge\/#breadcrumb"},"inLanguage":"fr-FR","potentialAction":[{"@type":"ReadAction","target":["https:\/\/www.secretdeparis.com\/fr\/propos-du-moulin-rouge\/"]}]},{"@type":"BreadcrumbList","@id":"https:\/\/www.secretdeparis.com\/fr\/propos-du-moulin-rouge\/#breadcrumb","itemListElement":[{"@type":"ListItem","position":1,"name":"Accueil","item":"https:\/\/www.secretdeparis.com\/fr\/"},{"@type":"ListItem","position":2,"name":"Moulin rouge"}]},{"@type":"WebSite","@id":"https:\/\/www.secretdeparis.com\/fr\/#website","url":"https:\/\/www.secretdeparis.com\/fr\/","name":"Secret de Paris Hotel &amp; Spa - Hotel Spa Paris 75009","description":"Hotel Spa Paris","publisher":{"@id":"https:\/\/www.secretdeparis.com\/fr\/#organization"},"potentialAction":[{"@type":"SearchAction","target":{"@type":"EntryPoint","urlTemplate":"https:\/\/www.secretdeparis.com\/fr\/?s={search_term_string}"},"query-input":{"@type":"PropertyValueSpecification","valueRequired":true,"valueName":"search_term_string"}}],"inLanguage":"fr-FR"},{"@type":"Organization","@id":"https:\/\/www.secretdeparis.com\/fr\/#organization","name":"Secret de Paris Hotel &amp; Spa - Hotel Spa Paris 75009","url":"https:\/\/www.secretdeparis.com\/fr\/","logo":{"@type":"ImageObject","inLanguage":"fr-FR","@id":"https:\/\/www.secretdeparis.com\/fr\/#\/schema\/logo\/image\/","url":"https:\/\/www.secretdeparis.com\/wp-content\/uploads\/2023\/02\/cropped-logo_footer.jpg","contentUrl":"https:\/\/www.secretdeparis.com\/wp-content\/uploads\/2023\/02\/cropped-logo_footer.jpg","width":512,"height":512,"caption":"Secret de Paris Hotel &amp; Spa - Hotel Spa Paris 75009"},"image":{"@id":"https:\/\/www.secretdeparis.com\/fr\/#\/schema\/logo\/image\/"},"sameAs":["https:\/\/www.facebook.com\/HotelSecretdeParis\/","https:\/\/www.secretdeparis.com\/hotel-secret-de-paris-paris-photos\/instagram\/"]}]}},"_links":{"self":[{"href":"https:\/\/www.secretdeparis.com\/fr\/wp-json\/wp\/v2\/pages\/902","targetHints":{"allow":["GET"]}}],"collection":[{"href":"https:\/\/www.secretdeparis.com\/fr\/wp-json\/wp\/v2\/pages"}],"about":[{"href":"https:\/\/www.secretdeparis.com\/fr\/wp-json\/wp\/v2\/types\/page"}],"author":[{"embeddable":true,"href":"https:\/\/www.secretdeparis.com\/fr\/wp-json\/wp\/v2\/users\/4"}],"replies":[{"embeddable":true,"href":"https:\/\/www.secretdeparis.com\/fr\/wp-json\/wp\/v2\/comments?post=902"}],"version-history":[{"count":4,"href":"https:\/\/www.secretdeparis.com\/fr\/wp-json\/wp\/v2\/pages\/902\/revisions"}],"predecessor-version":[{"id":907,"href":"https:\/\/www.secretdeparis.com\/fr\/wp-json\/wp\/v2\/pages\/902\/revisions\/907"}],"wp:attachment":[{"href":"https:\/\/www.secretdeparis.com\/fr\/wp-json\/wp\/v2\/media?parent=902"}],"curies":[{"name":"wp","href":"https:\/\/api.w.org\/{rel}","templated":true}]}}