{"id":916,"date":"2023-03-01T16:00:25","date_gmt":"2023-03-01T15:00:25","guid":{"rendered":"https:\/\/2023.secretdeparis.com\/?page_id=916"},"modified":"2024-01-03T16:40:22","modified_gmt":"2024-01-03T15:40:22","slug":"mentions-legales","status":"publish","type":"page","link":"https:\/\/www.secretdeparis.com\/fr\/mentions-legales\/","title":{"rendered":"Mentions l\u00e9gales"},"content":{"rendered":"\t\t<div data-elementor-type=\"wp-page\" data-elementor-id=\"916\" class=\"elementor elementor-916\" data-elementor-post-type=\"page\">\n\t\t\t\t\t\t<section class=\"elementor-section elementor-top-section elementor-element elementor-element-cfbbe42 elementor-section-boxed elementor-section-height-default elementor-section-height-default\" data-id=\"cfbbe42\" data-element_type=\"section\">\n\t\t\t\t\t\t<div class=\"elementor-container elementor-column-gap-default\">\n\t\t\t\t\t<div class=\"elementor-column elementor-col-100 elementor-top-column elementor-element elementor-element-3146062\" data-id=\"3146062\" data-element_type=\"column\">\n\t\t\t<div class=\"elementor-widget-wrap elementor-element-populated\">\n\t\t\t\t\t\t<div class=\"elementor-element elementor-element-65c34df elementor-widget elementor-widget-heading\" data-id=\"65c34df\" data-element_type=\"widget\" data-widget_type=\"heading.default\">\n\t\t\t\t<div class=\"elementor-widget-container\">\n\t\t\t\t\t<h1 class=\"elementor-heading-title elementor-size-default\">Mentions l\u00e9gales\n<\/h1>\t\t\t\t<\/div>\n\t\t\t\t<\/div>\n\t\t\t\t\t<\/div>\n\t\t<\/div>\n\t\t\t\t\t<\/div>\n\t\t<\/section>\n\t\t\t\t<section class=\"elementor-section elementor-top-section elementor-element elementor-element-f34ebc1 elementor-section-boxed elementor-section-height-default elementor-section-height-default\" data-id=\"f34ebc1\" data-element_type=\"section\">\n\t\t\t\t\t\t<div class=\"elementor-container elementor-column-gap-default\">\n\t\t\t\t\t<div class=\"elementor-column elementor-col-100 elementor-top-column elementor-element elementor-element-3466274\" data-id=\"3466274\" data-element_type=\"column\">\n\t\t\t<div class=\"elementor-widget-wrap elementor-element-populated\">\n\t\t\t\t\t\t<div class=\"elementor-element elementor-element-d714349 elementor-widget elementor-widget-text-editor\" data-id=\"d714349\" data-element_type=\"widget\" data-widget_type=\"text-editor.default\">\n\t\t\t\t<div class=\"elementor-widget-container\">\n\t\t\t\t\t\t\t\t\t<div><div><h2>\u00a0<\/h2><\/div><\/div><div><div><h3>\u00c9diteur<\/h3><p>SARL Villa de Parme ,\u00a0 2 rue de Parme 75009 Paris , RCS de Paris : B480 090 422 N\u00b0 TVA intracommunautaire: FR49480090422 Capital social de 1,500,000\u20ac, T\u00e9l\u00e9phone : <a href=\"https:\/\/www.google.com\/search?q=Secret+de+Paris+-+Hotel+%26+Spa&amp;stick=H4sIAAAAAAAA_-NgU1I1qDAxTzUzSzVJSjNONEkzMkuyMqhINk42MElONkk1SjY2MjZKWcQqG5yaXJRaopCSqhCQWJRZrKCr4JFfkpqjoKYQXJAIAL3UywdJAAAA&amp;hl=fr&amp;mat=CQyLnTe5xD0FElcBeenfiPhSP1FdS8qMvNh9HGiK7F5t7PdamwsZNbJ5qe_QESoN7pJ8UC3KSIho8fFRc_MPlHj-SoMM2pV7dFHTfnYF0PLzLwrIS9pgsGM5RZ-fPlzUrsU&amp;authuser=0#\" data-dtype=\"d3ph\" data-local-attribute=\"d3ph\" data-ved=\"2ahUKEwjIyZjgtIGBAxUZTaQEHaP3D_gQkAgoAHoECFcQAw\"><span aria-label=\"Appeler le 01 53 16 33 33\">01 53 16 33 33<\/span><\/a> , E-mail : <span style=\"background-color: var( --e-global-color-primary ); color: var( --e-global-color-secondary );\">\u00a0hotel@secretdeparis.com, Directeur de la publication : C. Mendjel\u00a0<\/span><\/p><h3>Cr\u00e9dits<\/h3><p>R\u00e9alisation:\u00a0<a href=\"http:\/\/www.hotelmarketing35.com\/\" target=\"_blank\" rel=\"noopener\">HotelMarketing35.com<\/a>\u00a0H\u00e9bergement : OVH 2 rue Kellermann \u2013 59100 Roubaix \u2013 France.\u00a0<a href=\"https:\/\/www.ovh.com\/\" target=\"_blank\" rel=\"noopener\">www.ovh.com<\/a><\/p><h3>Propri\u00e9t\u00e9<\/h3><p>Le site et les informations qu\u2019il contient sont prot\u00e9g\u00e9s par la loi fran\u00e7aise sur la propri\u00e9t\u00e9 intellectuelle et par les conventions internationales. Hors utilisation dans le cercle de famille ou usage priv\u00e9, le site et aucun \u00e9l\u00e9ment de son contenu ne peuvent \u00eatre reproduits, republi\u00e9s, retranscrits, modifies ou retransmis sans l\u2019autorisation pr\u00e9alable des ayants droit.\u00a0<\/p><h3>Fonctionnalit\u00e9s<\/h3><p>Le site www.secretdeparis.com pr\u00e9sente les prestations du Secret de Paris &#8211; Hotel &amp; Spa. L\u2019internaute a la possibilit\u00e9 de r\u00e9server en ligne via un syst\u00e8me de r\u00e9servation tiers.<\/p><h3>R\u00e9servation en ligne<\/h3><p>Les conditions g\u00e9n\u00e9rales de vente et d\u2019annulation li\u00e9es \u00e0 la r\u00e9servation en ligne ou demande de r\u00e9servation sont indiqu\u00e9es pr\u00e9cis\u00e9ment dans les formulaires concern\u00e9s.<br \/>Vous pouvez demander une copie des conditions g\u00e9n\u00e9rales de vente \u00e0 l\u2019adresse ci-dessus.<br \/>Les solutions de r\u00e9servation en ligne imposent de cocher la case \u00ab acceptation des conditions g\u00e9n\u00e9rales de vente \u00bb avant tout achat.<br \/>Les taxes de s\u00e9jour, s\u2019il y en a, seront pr\u00e9cis\u00e9es sur la facture de l\u2019\u00e9tablissement.<br \/>Elles ne sont pas comprises dans les montants indiqu\u00e9s lors de la r\u00e9servation.<br \/>La fixation de ces taxes est ind\u00e9pendante de la volont\u00e9 de la soci\u00e9t\u00e9 Villa de Parme.<\/p><p><strong>Paiement s\u00e9curis\u00e9<\/strong><\/p><p>Pour vos transactions financi\u00e8res, le site www.secretdeparis.com \u00a0utilise une solution de paiement externe.<br \/>Avec ce syst\u00e8me, votre paiement par carte de cr\u00e9dit s\u2019effectue directement sur le serveur s\u00e9curis\u00e9 de la banque en ligne.<br \/>A aucun moment, votre num\u00e9ro de carte de cr\u00e9dit n\u2019est stock\u00e9e dans les bases de donn\u00e9es de la soci\u00e9t\u00e9 Villa de Parme.<\/p><p><strong>Donn\u00e9es personnelles<\/strong><\/p><p>Toutes les donn\u00e9es collect\u00e9es sur ce site, par quelque moyen que ce soit, sont \u00e0 l\u2019usage r\u00e9serv\u00e9 de la soci\u00e9t\u00e9 Villa de Parme.<br \/>Conform\u00e9ment \u00e0 l\u2019article 34 de la loi 78-17 Informatique et Libert\u00e9s du 6 janvier 1978 modifi\u00e9e et le R\u00e8glement G\u00e9n\u00e9ral sur la Protection des Donn\u00e9es (R\u00e8glement UE 2016\/679) ou \u00ab RGPD \u00bb, vous disposez d\u2019un droit d\u2019acc\u00e8s, de modification, de rectification et de suppression des donn\u00e9es vous concernant.<\/p><p>Pour exercer ce droit, contactez-nous par e-mail \u00e0 :\u00a0<a href=\"mailto:hotel@secretdeparis.com.\">hotel@secretdeparis.com.<\/a><\/p><h3>D\u00e9finition<\/h3><p>Le terme \u00ab Donn\u00e9es Personnelles \u00bb d\u00e9signe l\u2019ensemble des informations nominatives concernant les Internautes. Il s\u2019agit ici des donn\u00e9es volontairement transmises via le formulaire de contact du site.<\/p><h3>Acceptation des conditions d\u2019utilisation<\/h3><p>L\u2019Internaute reconna\u00eet avoir pris connaissance au moment de la consultation et de l\u2019utilisation du site internet, des pr\u00e9sentes Conditions G\u00e9n\u00e9rales et d\u00e9clare express\u00e9ment les accepter sans r\u00e9serve. Les pr\u00e9sentes Conditions G\u00e9n\u00e9rales pouvant faire l\u2019objet de modifications, les conditions applicables sont celles en vigueur et accessibles sur le site Internet \u00e0 la date d\u2019acc\u00e8s au site par l\u2019Internaute. L\u2019utilisateur reconna\u00eet avoir \u00e9t\u00e9 inform\u00e9 que le pr\u00e9sent site est accessible sans interruption, \u00e0 l\u2019exception des cas de force majeure, difficult\u00e9s informatiques, difficult\u00e9s li\u00e9es aux r\u00e9seaux de communications ou de probl\u00e8mes techniques. Pour des raisons de maintenance, h\u00f4tel secret de paris se r\u00e9serve le droit d\u2019interrompre le site \u00e0 tout moment.<br \/>L&rsquo;h\u00f4tel Secret de Paris met tout en \u0153uvre pour offrir aux utilisateurs des informations et\/ou outils disponibles et v\u00e9rifi\u00e9s, mais ne saurait \u00eatre tenue pour responsable des erreurs, d\u2019une absence de disponibilit\u00e9 des informations et\/ou de la pr\u00e9sence de virus sur son site. Conform\u00e9ment \u00e0 la l\u00e9gislation fran\u00e7aise en vigueur (art. 40 de la loi relative \u00e0 l\u2019informatique, aux fichiers et aux libert\u00e9s du 6 janvier 1978 modifi\u00e9e par la loi du 6 ao\u00fbt 2004), l\u2019Internaute dispose d\u2019un droit d\u2019acc\u00e8s, de modification, de rectification et de suppression de ses donn\u00e9es personnelles. Afin de faire valoir ce droit, il peut contacter la soci\u00e9t\u00e9 \u00e0 l\u2019adresse suivante : <a href=\"mailto:hotel@secretdeparis.com.\">hotel@secretdeparis.com.<\/a>\u00a0accompagn\u00e9 d\u2019une copie d\u2019un titre d\u2019identit\u00e9.<\/p><h3>Formulaire de contact<\/h3><p>Les informations recueillies sur ce site par l\u2019interm\u00e9diaire des formulaires font l\u2019objet d\u2019un traitement informatique destin\u00e9 \u00e0 l\u2019\u00e9laboration d\u2019une proposition commerciale.<br \/>Le destinataire des donn\u00e9es est : Secret de Paris &#8211; Hotel &amp; Spa<br \/>Conform\u00e9ment \u00e0 la loi Informatique et Libert\u00e9s du 6 janvier 1978, vous b\u00e9n\u00e9ficiez d\u2019un droit d\u2019acc\u00e8s et de rectification aux informations qui vous concernent.<br \/>Si vous souhaitez exercer ce droit et obtenir communication des informations vous concernant, contactez-nous \u00e0 l\u2019adresse :\u00a0<a href=\"mailto:hotel@secretdeparis.com.\">hotel@secretdeparis.com<\/a><\/p><h3>M\u00e9diation des litiges de la consommation<\/h3><p>Conform\u00e9ment aux dispositions du Code de la consommation, le client a le droit de recourir gratuitement au service de m\u00e9diation propos\u00e9 par le Secret de Paris. Le m\u00e9diateur \u00e0 la consommation ainsi propos\u00e9, est l&rsquo;AME. Il peut \u00eatre saisi :<\/p><ul><li>Par internet\u00a0 : www.mediationsonso-ame.com ;<\/li><li>ou par voie postale (en compl\u00e9tant le formulaire mis \u00e0 disposition sur le site internet) : M\u00e9diation \u00e0 la consommation AME &#8211; 197 Boulevard Saint-Germain &#8211; 75007 Paris<\/li><\/ul><h3>Newsletters<\/h3><p>Le Secret de Paris &#8211; Hotel &amp; Spa peut \u00eatre amen\u00e9 \u00e0 communiquer des offres commerciales \u00e0 toute personne ayant effectu\u00e9 une r\u00e9servation sur le site internet. L\u2019adresse email du contact est conserv\u00e9e dans un fichier informatis\u00e9 et utilis\u00e9 exclusivement dans le cadre de l\u2019envoi p\u00e9riodique de newsletters (lettres d\u2019informations) aux clients. Selon le R\u00e8glement g\u00e9n\u00e9ral sur la protection des donn\u00e9es, elles sont conserv\u00e9es pour une p\u00e9riode inf\u00e9rieure \u00e0 36 mois et sont uniquement destin\u00e9es \u00e0 la soci\u00e9t\u00e9 h\u00f4tel secret de paris. L&rsquo;h\u00f4tel Secret de Paris s\u2019engage \u00e0 prendre toutes pr\u00e9cautions utiles pour pr\u00e9server la s\u00e9curit\u00e9 des donn\u00e9es et, notamment, emp\u00eacher qu\u2019elles soient d\u00e9form\u00e9es, endommag\u00e9es, ou que des tiers non autoris\u00e9s y aient acc\u00e8s. Selon l\u2019article L34-5 du Code des postes et des communications \u00e9lectroniques, il est possible de faire une demande de d\u00e9sabonnement aux newsletters, sans aucun frais. Cette demande se fait \u00e0 l\u2019adresse mail suivante : <a href=\"mailto:hotel@secretdeparis.com.\">hotel@secretdeparis.com<\/a><br \/>De plus, vous trouverez la possibilit\u00e9 de vous d\u00e9sabonner gr\u00e2ce \u00e0 des instructions d\u00e9taill\u00e9es incluses en bas de chaque mail transmis.<\/p><h3>Analyse performance<\/h3><p>Dans le cadre du suivi de la performance de notre site internet, nous utilisons les fonctionnalit\u00e9s statistiques de Google Analytics. Les donn\u00e9es r\u00e9colt\u00e9es sont les donn\u00e9es suivantes :<br \/>&#8211; Fr\u00e9quentation du site internet<br \/>&#8211; Provenance g\u00e9ographique des utilisateurs<br \/>&#8211; Nombre de pages ayant \u00e9t\u00e9 visit\u00e9es<br \/>&#8211; Temps de l\u2019utilisateur pass\u00e9 sur le site<br \/>&#8211; La plateforme ayant permis \u00e0 l\u2019utilisateur l\u2019acc\u00e8s \u00e0 notre site<br \/>En aucun cas, nous ne conservons les donn\u00e9es nominatives (nom, adresse IP, \u2026) ni de donn\u00e9es de localisation sp\u00e9cifiques (adresse du domicile, lieu de travail), ni m\u00eame toute autre information non mentionn\u00e9es dans la liste ci-dessus. Les donn\u00e9es enregistr\u00e9es sur Google Analytics sont conserv\u00e9es sur une p\u00e9riode de 26 mois (inf\u00e9rieur aux 36 mois impos\u00e9s par la RGPD), cette p\u00e9riode \u00e9tant r\u00e9initialis\u00e9e d\u00e8s lors qu\u2019un utilisateur r\u00e9alise un nouvel \u00e9v\u00e9nement sur notre site internet.\u00a0https:\/\/www.secretdeparis.com\/<\/p><\/div><\/div>\t\t\t\t\t\t\t\t<\/div>\n\t\t\t\t<\/div>\n\t\t\t\t\t<\/div>\n\t\t<\/div>\n\t\t\t\t\t<\/div>\n\t\t<\/section>\n\t\t\t\t<\/div>\n\t\t","protected":false},"excerpt":{"rendered":"<p>Mentions l\u00e9gales \u00a0 \u00c9diteur SARL Villa de Parme ,\u00a0 2 rue de Parme 75009 Paris , RCS de Paris : B480 090 422 N\u00b0 TVA intracommunautaire: FR49480090422 Capital social de 1,500,000\u20ac, T\u00e9l\u00e9phone : 01 53 16 33 33 , E-mail : \u00a0hotel@secretdeparis.com, Directeur de la publication : C. Mendjel\u00a0 Cr\u00e9dits R\u00e9alisation:\u00a0HotelMarketing35.com\u00a0H\u00e9bergement : OVH 2 rue [&hellip;]<\/p>\n","protected":false},"author":4,"featured_media":0,"parent":0,"menu_order":0,"comment_status":"closed","ping_status":"closed","template":"","meta":{"footnotes":""},"class_list":["post-916","page","type-page","status-publish","hentry"],"yoast_head":"<!-- This site is optimized with the Yoast SEO plugin v27.4 - https:\/\/yoast.com\/product\/yoast-seo-wordpress\/ -->\n<title>Mentions l\u00e9gales - Secret de Paris Hotel &amp; Spa - Hotel Spa Paris 75009<\/title>\n<meta name=\"robots\" content=\"index, follow, max-snippet:-1, max-image-preview:large, max-video-preview:-1\" \/>\n<link rel=\"canonical\" href=\"https:\/\/www.secretdeparis.com\/fr\/mentions-legales\/\" \/>\n<meta property=\"og:locale\" content=\"fr_FR\" \/>\n<meta property=\"og:type\" content=\"article\" \/>\n<meta property=\"og:title\" content=\"Mentions l\u00e9gales - Secret de Paris Hotel &amp; Spa - Hotel Spa Paris 75009\" \/>\n<meta property=\"og:description\" content=\"Mentions l\u00e9gales \u00a0 \u00c9diteur SARL Villa de Parme ,\u00a0 2 rue de Parme 75009 Paris , RCS de Paris : B480 090 422 N\u00b0 TVA intracommunautaire: FR49480090422 Capital social de 1,500,000\u20ac, T\u00e9l\u00e9phone : 01 53 16 33 33 , E-mail : \u00a0hotel@secretdeparis.com, Directeur de la publication : C. Mendjel\u00a0 Cr\u00e9dits R\u00e9alisation:\u00a0HotelMarketing35.com\u00a0H\u00e9bergement : OVH 2 rue [&hellip;]\" \/>\n<meta property=\"og:url\" content=\"https:\/\/www.secretdeparis.com\/fr\/mentions-legales\/\" \/>\n<meta property=\"og:site_name\" content=\"Secret de Paris Hotel &amp; Spa - Hotel Spa Paris 75009\" \/>\n<meta property=\"article:publisher\" content=\"https:\/\/www.facebook.com\/HotelSecretdeParis\/\" \/>\n<meta property=\"article:modified_time\" content=\"2024-01-03T15:40:22+00:00\" \/>\n<meta name=\"twitter:card\" content=\"summary_large_image\" \/>\n<meta name=\"twitter:label1\" content=\"Dur\u00e9e de lecture estim\u00e9e\" \/>\n\t<meta name=\"twitter:data1\" content=\"6 minutes\" \/>\n<script type=\"application\/ld+json\" class=\"yoast-schema-graph\">{\"@context\":\"https:\\\/\\\/schema.org\",\"@graph\":[{\"@type\":\"WebPage\",\"@id\":\"https:\\\/\\\/www.secretdeparis.com\\\/fr\\\/mentions-legales\\\/\",\"url\":\"https:\\\/\\\/www.secretdeparis.com\\\/fr\\\/mentions-legales\\\/\",\"name\":\"Mentions l\u00e9gales - Secret de Paris Hotel &amp; Spa - Hotel Spa Paris 75009\",\"isPartOf\":{\"@id\":\"https:\\\/\\\/www.secretdeparis.com\\\/fr\\\/#website\"},\"datePublished\":\"2023-03-01T15:00:25+00:00\",\"dateModified\":\"2024-01-03T15:40:22+00:00\",\"breadcrumb\":{\"@id\":\"https:\\\/\\\/www.secretdeparis.com\\\/fr\\\/mentions-legales\\\/#breadcrumb\"},\"inLanguage\":\"fr-FR\",\"potentialAction\":[{\"@type\":\"ReadAction\",\"target\":[\"https:\\\/\\\/www.secretdeparis.com\\\/fr\\\/mentions-legales\\\/\"]}]},{\"@type\":\"BreadcrumbList\",\"@id\":\"https:\\\/\\\/www.secretdeparis.com\\\/fr\\\/mentions-legales\\\/#breadcrumb\",\"itemListElement\":[{\"@type\":\"ListItem\",\"position\":1,\"name\":\"Accueil\",\"item\":\"https:\\\/\\\/www.secretdeparis.com\\\/fr\\\/\"},{\"@type\":\"ListItem\",\"position\":2,\"name\":\"Mentions l\u00e9gales\"}]},{\"@type\":\"WebSite\",\"@id\":\"https:\\\/\\\/www.secretdeparis.com\\\/fr\\\/#website\",\"url\":\"https:\\\/\\\/www.secretdeparis.com\\\/fr\\\/\",\"name\":\"Secret de Paris Hotel &amp; Spa - Hotel Spa Paris 75009\",\"description\":\"Hotel Spa Paris\",\"publisher\":{\"@id\":\"https:\\\/\\\/www.secretdeparis.com\\\/fr\\\/#organization\"},\"potentialAction\":[{\"@type\":\"SearchAction\",\"target\":{\"@type\":\"EntryPoint\",\"urlTemplate\":\"https:\\\/\\\/www.secretdeparis.com\\\/fr\\\/?s={search_term_string}\"},\"query-input\":{\"@type\":\"PropertyValueSpecification\",\"valueRequired\":true,\"valueName\":\"search_term_string\"}}],\"inLanguage\":\"fr-FR\"},{\"@type\":\"Organization\",\"@id\":\"https:\\\/\\\/www.secretdeparis.com\\\/fr\\\/#organization\",\"name\":\"Secret de Paris Hotel &amp; Spa - Hotel Spa Paris 75009\",\"url\":\"https:\\\/\\\/www.secretdeparis.com\\\/fr\\\/\",\"logo\":{\"@type\":\"ImageObject\",\"inLanguage\":\"fr-FR\",\"@id\":\"https:\\\/\\\/www.secretdeparis.com\\\/fr\\\/#\\\/schema\\\/logo\\\/image\\\/\",\"url\":\"https:\\\/\\\/www.secretdeparis.com\\\/wp-content\\\/uploads\\\/2023\\\/02\\\/cropped-logo_footer.jpg\",\"contentUrl\":\"https:\\\/\\\/www.secretdeparis.com\\\/wp-content\\\/uploads\\\/2023\\\/02\\\/cropped-logo_footer.jpg\",\"width\":512,\"height\":512,\"caption\":\"Secret de Paris Hotel &amp; Spa - Hotel Spa Paris 75009\"},\"image\":{\"@id\":\"https:\\\/\\\/www.secretdeparis.com\\\/fr\\\/#\\\/schema\\\/logo\\\/image\\\/\"},\"sameAs\":[\"https:\\\/\\\/www.facebook.com\\\/HotelSecretdeParis\\\/\",\"https:\\\/\\\/www.secretdeparis.com\\\/hotel-secret-de-paris-paris-photos\\\/instagram\\\/\"]}]}<\/script>\n<!-- \/ Yoast SEO plugin. -->","yoast_head_json":{"title":"Mentions l\u00e9gales - Secret de Paris Hotel &amp; Spa - Hotel Spa Paris 75009","robots":{"index":"index","follow":"follow","max-snippet":"max-snippet:-1","max-image-preview":"max-image-preview:large","max-video-preview":"max-video-preview:-1"},"canonical":"https:\/\/www.secretdeparis.com\/fr\/mentions-legales\/","og_locale":"fr_FR","og_type":"article","og_title":"Mentions l\u00e9gales - Secret de Paris Hotel &amp; Spa - Hotel Spa Paris 75009","og_description":"Mentions l\u00e9gales \u00a0 \u00c9diteur SARL Villa de Parme ,\u00a0 2 rue de Parme 75009 Paris , RCS de Paris : B480 090 422 N\u00b0 TVA intracommunautaire: FR49480090422 Capital social de 1,500,000\u20ac, T\u00e9l\u00e9phone : 01 53 16 33 33 , E-mail : \u00a0hotel@secretdeparis.com, Directeur de la publication : C. Mendjel\u00a0 Cr\u00e9dits R\u00e9alisation:\u00a0HotelMarketing35.com\u00a0H\u00e9bergement : OVH 2 rue [&hellip;]","og_url":"https:\/\/www.secretdeparis.com\/fr\/mentions-legales\/","og_site_name":"Secret de Paris Hotel &amp; Spa - Hotel Spa Paris 75009","article_publisher":"https:\/\/www.facebook.com\/HotelSecretdeParis\/","article_modified_time":"2024-01-03T15:40:22+00:00","twitter_card":"summary_large_image","twitter_misc":{"Dur\u00e9e de lecture estim\u00e9e":"6 minutes"},"schema":{"@context":"https:\/\/schema.org","@graph":[{"@type":"WebPage","@id":"https:\/\/www.secretdeparis.com\/fr\/mentions-legales\/","url":"https:\/\/www.secretdeparis.com\/fr\/mentions-legales\/","name":"Mentions l\u00e9gales - Secret de Paris Hotel &amp; Spa - Hotel Spa Paris 75009","isPartOf":{"@id":"https:\/\/www.secretdeparis.com\/fr\/#website"},"datePublished":"2023-03-01T15:00:25+00:00","dateModified":"2024-01-03T15:40:22+00:00","breadcrumb":{"@id":"https:\/\/www.secretdeparis.com\/fr\/mentions-legales\/#breadcrumb"},"inLanguage":"fr-FR","potentialAction":[{"@type":"ReadAction","target":["https:\/\/www.secretdeparis.com\/fr\/mentions-legales\/"]}]},{"@type":"BreadcrumbList","@id":"https:\/\/www.secretdeparis.com\/fr\/mentions-legales\/#breadcrumb","itemListElement":[{"@type":"ListItem","position":1,"name":"Accueil","item":"https:\/\/www.secretdeparis.com\/fr\/"},{"@type":"ListItem","position":2,"name":"Mentions l\u00e9gales"}]},{"@type":"WebSite","@id":"https:\/\/www.secretdeparis.com\/fr\/#website","url":"https:\/\/www.secretdeparis.com\/fr\/","name":"Secret de Paris Hotel &amp; Spa - Hotel Spa Paris 75009","description":"Hotel Spa Paris","publisher":{"@id":"https:\/\/www.secretdeparis.com\/fr\/#organization"},"potentialAction":[{"@type":"SearchAction","target":{"@type":"EntryPoint","urlTemplate":"https:\/\/www.secretdeparis.com\/fr\/?s={search_term_string}"},"query-input":{"@type":"PropertyValueSpecification","valueRequired":true,"valueName":"search_term_string"}}],"inLanguage":"fr-FR"},{"@type":"Organization","@id":"https:\/\/www.secretdeparis.com\/fr\/#organization","name":"Secret de Paris Hotel &amp; Spa - Hotel Spa Paris 75009","url":"https:\/\/www.secretdeparis.com\/fr\/","logo":{"@type":"ImageObject","inLanguage":"fr-FR","@id":"https:\/\/www.secretdeparis.com\/fr\/#\/schema\/logo\/image\/","url":"https:\/\/www.secretdeparis.com\/wp-content\/uploads\/2023\/02\/cropped-logo_footer.jpg","contentUrl":"https:\/\/www.secretdeparis.com\/wp-content\/uploads\/2023\/02\/cropped-logo_footer.jpg","width":512,"height":512,"caption":"Secret de Paris Hotel &amp; Spa - Hotel Spa Paris 75009"},"image":{"@id":"https:\/\/www.secretdeparis.com\/fr\/#\/schema\/logo\/image\/"},"sameAs":["https:\/\/www.facebook.com\/HotelSecretdeParis\/","https:\/\/www.secretdeparis.com\/hotel-secret-de-paris-paris-photos\/instagram\/"]}]}},"_links":{"self":[{"href":"https:\/\/www.secretdeparis.com\/fr\/wp-json\/wp\/v2\/pages\/916","targetHints":{"allow":["GET"]}}],"collection":[{"href":"https:\/\/www.secretdeparis.com\/fr\/wp-json\/wp\/v2\/pages"}],"about":[{"href":"https:\/\/www.secretdeparis.com\/fr\/wp-json\/wp\/v2\/types\/page"}],"author":[{"embeddable":true,"href":"https:\/\/www.secretdeparis.com\/fr\/wp-json\/wp\/v2\/users\/4"}],"replies":[{"embeddable":true,"href":"https:\/\/www.secretdeparis.com\/fr\/wp-json\/wp\/v2\/comments?post=916"}],"version-history":[{"count":43,"href":"https:\/\/www.secretdeparis.com\/fr\/wp-json\/wp\/v2\/pages\/916\/revisions"}],"predecessor-version":[{"id":4496,"href":"https:\/\/www.secretdeparis.com\/fr\/wp-json\/wp\/v2\/pages\/916\/revisions\/4496"}],"wp:attachment":[{"href":"https:\/\/www.secretdeparis.com\/fr\/wp-json\/wp\/v2\/media?parent=916"}],"curies":[{"name":"wp","href":"https:\/\/api.w.org\/{rel}","templated":true}]}}