{"id":961,"date":"2023-03-01T16:43:27","date_gmt":"2023-03-01T15:43:27","guid":{"rendered":"https:\/\/2023.secretdeparis.com\/?page_id=961"},"modified":"2023-12-28T12:01:16","modified_gmt":"2023-12-28T11:01:16","slug":"chambre-romantique-en-journee","status":"publish","type":"page","link":"https:\/\/www.secretdeparis.com\/fr\/chambre-romantique-en-journee\/","title":{"rendered":"CHAMBRE ROMANTIQUE EN JOURN\u00c9E"},"content":{"rendered":"\t\t<div data-elementor-type=\"wp-page\" data-elementor-id=\"961\" class=\"elementor elementor-961\" data-elementor-post-type=\"page\">\n\t\t\t\t\t\t<section class=\"elementor-section elementor-top-section elementor-element elementor-element-3d3fde17 elementor-section-full_width elementor-section-height-min-height elementor-section-height-default elementor-section-items-middle\" data-id=\"3d3fde17\" data-element_type=\"section\" data-settings=\"{&quot;background_background&quot;:&quot;classic&quot;}\">\n\t\t\t\t\t\t\t<div class=\"elementor-background-overlay\"><\/div>\n\t\t\t\t\t\t\t<div class=\"elementor-container elementor-column-gap-no\">\n\t\t\t\t\t<div class=\"elementor-column elementor-col-100 elementor-top-column elementor-element elementor-element-52a4f202\" data-id=\"52a4f202\" data-element_type=\"column\">\n\t\t\t<div class=\"elementor-widget-wrap elementor-element-populated\">\n\t\t\t\t\t\t<div class=\"elementor-element elementor-element-6b56b5 elementor-widget elementor-widget-image\" data-id=\"6b56b5\" data-element_type=\"widget\" data-widget_type=\"image.default\">\n\t\t\t\t<div class=\"elementor-widget-container\">\n\t\t\t\t\t\t\t\t\t\t\t\t\t\t\t<img decoding=\"async\" width=\"338\" height=\"128\" src=\"https:\/\/www.secretdeparis.com\/wp-content\/uploads\/2023\/02\/logo_chambre.png\" class=\"attachment-large size-large wp-image-91\" alt=\"\" srcset=\"https:\/\/www.secretdeparis.com\/wp-content\/uploads\/2023\/02\/logo_chambre.png 338w, https:\/\/www.secretdeparis.com\/wp-content\/uploads\/2023\/02\/logo_chambre-300x114.png 300w\" sizes=\"(max-width: 338px) 100vw, 338px\" \/>\t\t\t\t\t\t\t\t\t\t\t\t\t\t\t<\/div>\n\t\t\t\t<\/div>\n\t\t\t\t\t<\/div>\n\t\t<\/div>\n\t\t\t\t\t<\/div>\n\t\t<\/section>\n\t\t\t\t<section class=\"elementor-section elementor-top-section elementor-element elementor-element-6ab739c4 elementor-section-boxed elementor-section-height-default elementor-section-height-default\" data-id=\"6ab739c4\" data-element_type=\"section\">\n\t\t\t\t\t\t<div class=\"elementor-container elementor-column-gap-default\">\n\t\t\t\t\t<div class=\"elementor-column elementor-col-100 elementor-top-column elementor-element elementor-element-5e9fccba\" data-id=\"5e9fccba\" data-element_type=\"column\">\n\t\t\t<div class=\"elementor-widget-wrap elementor-element-populated\">\n\t\t\t\t\t\t<div class=\"elementor-element elementor-element-221900e2 elementor-widget elementor-widget-heading\" data-id=\"221900e2\" data-element_type=\"widget\" data-widget_type=\"heading.default\">\n\t\t\t\t<div class=\"elementor-widget-container\">\n\t\t\t\t\t<h1 class=\"elementor-heading-title elementor-size-default\">CHAMBRE ROMANTIQUE EN JOURN\u00c9E<\/h1>\t\t\t\t<\/div>\n\t\t\t\t<\/div>\n\t\t\t\t<div class=\"elementor-element elementor-element-2c80973e elementor-widget elementor-widget-text-editor\" data-id=\"2c80973e\" data-element_type=\"widget\" data-widget_type=\"text-editor.default\">\n\t\t\t\t<div class=\"elementor-widget-container\">\n\t\t\t\t\t\t\t\t\t<h2>\u00a0\u00ab\u00a0Moment Secret en journ\u00e9e\u00a0\u00bb<\/h2><p>Offrez-vous un moment m\u00e9morable avec la nouvelle exp\u00e9rience du Secret de Paris : la chambre baln\u00e9o en journ\u00e9e.<\/p><p>Du lundi au jeudi uniquement, sous r\u00e9serve de disponibilit\u00e9.<br \/>Cr\u00e9neau de 11h00 \u00e0 16h00.<\/p><h4>150 \u20ac au lieu de <span style=\"text-decoration: line-through;\">250 \u20ac<\/span><\/h4>\t\t\t\t\t\t\t\t<\/div>\n\t\t\t\t<\/div>\n\t\t\t\t\t<\/div>\n\t\t<\/div>\n\t\t\t\t\t<\/div>\n\t\t<\/section>\n\t\t\t\t<section class=\"elementor-section elementor-top-section elementor-element elementor-element-53202f5 elementor-section-boxed elementor-section-height-default elementor-section-height-default\" data-id=\"53202f5\" data-element_type=\"section\">\n\t\t\t\t\t\t<div class=\"elementor-container elementor-column-gap-default\">\n\t\t\t\t\t<div class=\"elementor-column elementor-col-100 elementor-top-column elementor-element elementor-element-523e548\" data-id=\"523e548\" data-element_type=\"column\">\n\t\t\t<div class=\"elementor-widget-wrap elementor-element-populated\">\n\t\t\t\t\t\t<div class=\"elementor-element elementor-element-71df9876 elementor--h-position-center elementor--v-position-middle elementor-arrows-position-inside elementor-pagination-position-inside elementor-widget elementor-widget-slides\" data-id=\"71df9876\" data-element_type=\"widget\" data-settings=\"{&quot;navigation&quot;:&quot;both&quot;,&quot;autoplay&quot;:&quot;yes&quot;,&quot;pause_on_hover&quot;:&quot;yes&quot;,&quot;pause_on_interaction&quot;:&quot;yes&quot;,&quot;autoplay_speed&quot;:5000,&quot;infinite&quot;:&quot;yes&quot;,&quot;transition&quot;:&quot;slide&quot;,&quot;transition_speed&quot;:500}\" data-widget_type=\"slides.default\">\n\t\t\t\t<div class=\"elementor-widget-container\">\n\t\t\t\t\t\t\t\t\t<div class=\"elementor-swiper\">\n\t\t\t\t\t<div class=\"elementor-slides-wrapper elementor-main-swiper swiper\" role=\"region\" aria-roledescription=\"carousel\" aria-label=\"Diapositives\" dir=\"ltr\" data-animation=\"fadeInUp\">\n\t\t\t\t<div class=\"swiper-wrapper elementor-slides\">\n\t\t\t\t\t\t\t\t\t\t<div class=\"elementor-repeater-item-ed68466 swiper-slide\" role=\"group\" aria-roledescription=\"slide\"><div class=\"swiper-slide-bg\" role=\"img\" aria-label=\"Vue du jacuzzi privatif avec champagne hotel secret de paris\"><\/div><div class=\"swiper-slide-inner\" ><div class=\"swiper-slide-contents\"><div class=\"elementor-slide-heading\">Chambre Baln\u00e9o<\/div><\/div><\/div><\/div><div class=\"elementor-repeater-item-ecc6965 swiper-slide\" role=\"group\" aria-roledescription=\"slide\"><div class=\"swiper-slide-bg\" role=\"img\" aria-label=\"Lit et d\u00e9coration chambre moulin rouge hotel secret de paris\"><\/div><a class=\"swiper-slide-inner\" href=\"https:\/\/www.secretdeparis.com\/fr\/reservation\/?mewsDistributorOpened=&#038;mewsRoute=rates&#038;language=fr-FR&#038;currency=EUR\"><div class=\"swiper-slide-contents\"><div class=\"elementor-slide-heading\">Du Lundi au Jeudi<\/div><\/div><\/a><\/div><div class=\"elementor-repeater-item-3d09540 swiper-slide\" role=\"group\" aria-roledescription=\"slide\"><div class=\"swiper-slide-bg\" role=\"img\" aria-label=\"chambre-avec-jacuzzi-privatif-hotel-sercret-de-paris-1024x683\"><\/div><a class=\"swiper-slide-inner\" href=\"https:\/\/www.secretdeparis.com\/fr\/reservation\/?mewsDistributorOpened=&#038;mewsRoute=rates&#038;language=fr-FR&#038;currency=EUR\"><div class=\"swiper-slide-contents\"><div class=\"elementor-slide-heading\">De 11h00 \u00e0 16h00 <\/div><\/div><\/a><\/div>\t\t\t\t<\/div>\n\t\t\t\t\t\t\t\t\t\t\t\t\t\t\t<div class=\"elementor-swiper-button elementor-swiper-button-prev\" role=\"button\" tabindex=\"0\" aria-label=\"Diapositive pr\u00e9c\u00e9dente\">\n\t\t\t\t\t\t\t<i aria-hidden=\"true\" class=\"eicon-chevron-left\"><\/i>\t\t\t\t\t\t<\/div>\n\t\t\t\t\t\t<div class=\"elementor-swiper-button elementor-swiper-button-next\" role=\"button\" tabindex=\"0\" aria-label=\"Diapositive suivante\">\n\t\t\t\t\t\t\t<i aria-hidden=\"true\" class=\"eicon-chevron-right\"><\/i>\t\t\t\t\t\t<\/div>\n\t\t\t\t\t\t\t\t\t\t\t\t\t\t\t\t<div class=\"swiper-pagination\"><\/div>\n\t\t\t\t\t\t\t\t\t\t\t\t<\/div>\n\t\t\t\t<\/div>\n\t\t\t\t\t\t\t\t<\/div>\n\t\t\t\t<\/div>\n\t\t\t\t\t<\/div>\n\t\t<\/div>\n\t\t\t\t\t<\/div>\n\t\t<\/section>\n\t\t\t\t<section class=\"elementor-section elementor-top-section elementor-element elementor-element-1369f81 elementor-section-boxed elementor-section-height-default elementor-section-height-default\" data-id=\"1369f81\" data-element_type=\"section\">\n\t\t\t\t\t\t<div class=\"elementor-container elementor-column-gap-default\">\n\t\t\t\t\t<div class=\"elementor-column elementor-col-100 elementor-top-column elementor-element elementor-element-6779ca0\" data-id=\"6779ca0\" data-element_type=\"column\" data-settings=\"{&quot;background_background&quot;:&quot;classic&quot;}\">\n\t\t\t<div class=\"elementor-widget-wrap elementor-element-populated\">\n\t\t\t\t\t\t<div class=\"elementor-element elementor-element-3ae1032 elementor-widget elementor-widget-text-editor\" data-id=\"3ae1032\" data-element_type=\"widget\" data-widget_type=\"text-editor.default\">\n\t\t\t\t<div class=\"elementor-widget-container\">\n\t\t\t\t\t\t\t\t\t<p>MERCI DE CONTACTER L\u2019H\u00d4TEL POUR EFFECTUER VOTRE R\u00c9SERVATION<br \/><br \/>01 53 16 33 33 \u2013 \u00a0HOTEL@SECRETDEPARIS.COM<\/p>\t\t\t\t\t\t\t\t<\/div>\n\t\t\t\t<\/div>\n\t\t\t\t\t<\/div>\n\t\t<\/div>\n\t\t\t\t\t<\/div>\n\t\t<\/section>\n\t\t\t\t<section class=\"elementor-section elementor-top-section elementor-element elementor-element-7de62ace elementor-section-full_width elementor-section-height-default elementor-section-height-default\" data-id=\"7de62ace\" data-element_type=\"section\" id=\"home\" data-settings=\"{&quot;background_background&quot;:&quot;classic&quot;}\">\n\t\t\t\t\t\t<div class=\"elementor-container elementor-column-gap-default\">\n\t\t\t\t\t<div class=\"elementor-column elementor-col-100 elementor-top-column elementor-element elementor-element-aaf06e4\" data-id=\"aaf06e4\" data-element_type=\"column\">\n\t\t\t<div class=\"elementor-widget-wrap elementor-element-populated\">\n\t\t\t\t\t\t<div class=\"elementor-element elementor-element-4083924 elementor-widget elementor-widget-qi_addons_for_elementor_clients_slider\" data-id=\"4083924\" data-element_type=\"widget\" data-widget_type=\"qi_addons_for_elementor_clients_slider.default\">\n\t\t\t\t<div class=\"elementor-widget-container\">\n\t\t\t\t\t<div class=\"qodef-shortcode qodef-m qodef-qi-clients-slider qodef-qi-grid qodef-qi-swiper-container qodef-pagination--outside\" data-options=\"{&quot;direction&quot;:&quot;horizontal&quot;,&quot;slidesPerView&quot;:&quot;6&quot;,&quot;spaceBetween&quot;:40,&quot;spaceBetweenTablet&quot;:30,&quot;spaceBetweenMobile&quot;:30,&quot;effect&quot;:&quot;&quot;,&quot;loop&quot;:true,&quot;autoplay&quot;:true,&quot;centeredSlides&quot;:false,&quot;speed&quot;:&quot;&quot;,&quot;speedAnimation&quot;:&quot;&quot;,&quot;outsideNavigation&quot;:&quot;no&quot;,&quot;outsidePagination&quot;:&quot;yes&quot;,&quot;unique&quot;:&quot;1&quot;,&quot;partialValue&quot;:0,&quot;disablePartialValue&quot;:&quot;&quot;,&quot;parallax&quot;:&quot;no&quot;}\">\n\t<div class=\"swiper-wrapper\">\n\t\t<div class=\"qodef-e swiper-slide\">\n\t<div class=\"qodef-e-inner\">\n\t\t\t\t\t<a href=\"https:\/\/www.secretdeparis.com\/chambres\/musee-dorsay\/\" target=\"_self\">\n\t\t\t\t<div class=\"qodef-e-images-holder\">\n\t\t\t\t\t\t\t<div class=\"qodef-e-main-image\">\n\t\t\t\t\t<img decoding=\"async\" src=\"https:\/\/www.secretdeparis.com\/wp-content\/uploads\/2023\/02\/chambre-orsay-4-400x267-1-1-175x175.jpg\" alt=\"Lit chambre Orsay hotel secret de paris\" width=\"175\" height=\"175\" \/>\t\t\t\t<\/div>\n\t\t\t\t\t\t\t\t<\/div>\n\t\t\t\t\t<\/a>\n\t\t\t\t\t<h5 class=\"qodef-e-title\">\n\t\t\t\t\t<a href=\"https:\/\/www.secretdeparis.com\/chambres\/musee-dorsay\/\" target=\"_self\">\n\t\t\t\t\tMus\u00e9e d\u2019Orsay - Jacuzzi 2 places\t\t\t\t\t<\/a>\n\t\t\t<\/h5>\n\t\t\t<\/div>\n<\/div>\n<div class=\"qodef-e swiper-slide\">\n\t<div class=\"qodef-e-inner\">\n\t\t\t\t\t<a href=\"https:\/\/www.secretdeparis.com\/chambres\/atelier-dartiste\" target=\"_self\">\n\t\t\t\t<div class=\"qodef-e-images-holder\">\n\t\t\t\t\t\t\t<div class=\"qodef-e-main-image\">\n\t\t\t\t\t<img decoding=\"async\" src=\"https:\/\/www.secretdeparis.com\/wp-content\/uploads\/2023\/02\/Atelier-dArtiste-Chambre-avec-petales-400x267-1-175x175.jpg\" alt=\"Chambre atelier d&#039;artiste \u00e0 Paris\" width=\"175\" height=\"175\" \/>\t\t\t\t<\/div>\n\t\t\t\t\t\t\t\t<\/div>\n\t\t\t\t\t<\/a>\n\t\t\t\t\t<h5 class=\"qodef-e-title\">\n\t\t\t\t\t<a href=\"https:\/\/www.secretdeparis.com\/chambres\/atelier-dartiste\" target=\"_self\">\n\t\t\t\t\tAtelier d\u2019Artiste - Jacuzzi 2 places\t\t\t\t\t<\/a>\n\t\t\t<\/h5>\n\t\t\t<\/div>\n<\/div>\n<div class=\"qodef-e swiper-slide\">\n\t<div class=\"qodef-e-inner\">\n\t\t\t\t\t<a href=\"https:\/\/www.secretdeparis.com\/chambres\/opera-garnier\/\" target=\"_self\">\n\t\t\t\t<div class=\"qodef-e-images-holder\">\n\t\t\t\t\t\t\t<div class=\"qodef-e-main-image\">\n\t\t\t\t\t<img loading=\"lazy\" decoding=\"async\" src=\"https:\/\/www.secretdeparis.com\/wp-content\/uploads\/2023\/02\/opera-1-400x267-1-1-175x175.jpg\" alt=\"Chambres op\u00e9ra hotel secret de paris\" width=\"175\" height=\"175\" \/>\t\t\t\t<\/div>\n\t\t\t\t\t\t\t\t<\/div>\n\t\t\t\t\t<\/a>\n\t\t\t\t\t<h5 class=\"qodef-e-title\">\n\t\t\t\t\t<a href=\"https:\/\/www.secretdeparis.com\/chambres\/opera-garnier\/\" target=\"_self\">\n\t\t\t\t\tOp\u00e9ra Garnier - Jacuzzi 2 places\t\t\t\t\t<\/a>\n\t\t\t<\/h5>\n\t\t\t<\/div>\n<\/div>\n<div class=\"qodef-e swiper-slide\">\n\t<div class=\"qodef-e-inner\">\n\t\t\t\t\t<a href=\"https:\/\/www.secretdeparis.com\/chambres\/trocadero\/\" target=\"_self\">\n\t\t\t\t<div class=\"qodef-e-images-holder\">\n\t\t\t\t\t\t\t<div class=\"qodef-e-main-image\">\n\t\t\t\t\t<img loading=\"lazy\" decoding=\"async\" src=\"https:\/\/www.secretdeparis.com\/wp-content\/uploads\/2023\/02\/trocadero-2-400x268-1-1-175x175.jpg\" alt=\"Vue lampe de chevet chambre Trocad\u00e9ro hotel secret de paris\" width=\"175\" height=\"175\" \/>\t\t\t\t<\/div>\n\t\t\t\t\t\t\t\t<\/div>\n\t\t\t\t\t<\/a>\n\t\t\t\t\t<h5 class=\"qodef-e-title\">\n\t\t\t\t\t<a href=\"https:\/\/www.secretdeparis.com\/chambres\/trocadero\/\" target=\"_self\">\n\t\t\t\t\t&emsp;Trocad\u00e9ro - &emsp;  Jacuzzi 2 places\t\t\t\t\t<\/a>\n\t\t\t<\/h5>\n\t\t\t<\/div>\n<\/div>\n<div class=\"qodef-e swiper-slide\">\n\t<div class=\"qodef-e-inner\">\n\t\t\t\t\t<a href=\"https:\/\/www.secretdeparis.com\/chambres\/chambre-tour-eiffel-baignoire-spa\/\" target=\"_self\">\n\t\t\t\t<div class=\"qodef-e-images-holder\">\n\t\t\t\t\t\t\t<div class=\"qodef-e-main-image\">\n\t\t\t\t\t<img loading=\"lazy\" decoding=\"async\" src=\"https:\/\/www.secretdeparis.com\/wp-content\/uploads\/2023\/02\/tour-eiffel-2-400x280-1-1-175x175.jpg\" alt=\"Vue sur chambre tour Eiffel \u00e0 l&#039;hotel secret de paris\" width=\"175\" height=\"175\" \/>\t\t\t\t<\/div>\n\t\t\t\t\t\t\t\t<\/div>\n\t\t\t\t\t<\/a>\n\t\t\t\t\t<h5 class=\"qodef-e-title\">\n\t\t\t\t\t<a href=\"https:\/\/www.secretdeparis.com\/chambres\/chambre-tour-eiffel-baignoire-spa\/\" target=\"_self\">\n\t\t\t\t\tTour Eiffel - Baignoire Baln\u00e9o\t\t\t\t\t<\/a>\n\t\t\t<\/h5>\n\t\t\t<\/div>\n<\/div>\n<div class=\"qodef-e swiper-slide\">\n\t<div class=\"qodef-e-inner\">\n\t\t\t\t\t<a href=\"https:\/\/www.secretdeparis.com\/chambres\/moulin-rouge-jacuzzi-2-places\/\" target=\"_self\">\n\t\t\t\t<div class=\"qodef-e-images-holder\">\n\t\t\t\t\t\t\t<div class=\"qodef-e-main-image\">\n\t\t\t\t\t<img loading=\"lazy\" decoding=\"async\" src=\"https:\/\/www.secretdeparis.com\/wp-content\/uploads\/2023\/03\/moulin-400x267-1-175x175.jpg\" alt=\"Lit rond chambre moulin rouge hotel secret de paris\" width=\"175\" height=\"175\" \/>\t\t\t\t<\/div>\n\t\t\t\t\t\t\t\t<\/div>\n\t\t\t\t\t<\/a>\n\t\t\t\t\t<h5 class=\"qodef-e-title\">\n\t\t\t\t\t<a href=\"https:\/\/www.secretdeparis.com\/chambres\/moulin-rouge-jacuzzi-2-places\/\" target=\"_self\">\n\t\t\t\t\tMoulin Rouge  -  Jacuzzi 2 places\t\t\t\t\t<\/a>\n\t\t\t<\/h5>\n\t\t\t<\/div>\n<\/div>\n\t<\/div>\n\t<\/div>\n\t<div class=\"swiper-pagination qodef-swiper-pagination-outside swiper-pagination-1\"><\/div>\n\t\t\t\t<\/div>\n\t\t\t\t<\/div>\n\t\t\t\t\t<\/div>\n\t\t<\/div>\n\t\t\t\t\t<\/div>\n\t\t<\/section>\n\t\t\t\t<\/div>\n\t\t","protected":false},"excerpt":{"rendered":"<p>CHAMBRE ROMANTIQUE EN JOURN\u00c9E \u00a0\u00ab\u00a0Moment Secret en journ\u00e9e\u00a0\u00bb Offrez-vous un moment m\u00e9morable avec la nouvelle exp\u00e9rience du Secret de Paris : la chambre baln\u00e9o en journ\u00e9e. Du lundi au jeudi uniquement, sous r\u00e9serve de disponibilit\u00e9.Cr\u00e9neau de 11h00 \u00e0 16h00. 150 \u20ac au lieu de 250 \u20ac Chambre Baln\u00e9oDu Lundi au JeudiDe 11h00 \u00e0 16h00 Diapositive [&hellip;]<\/p>\n","protected":false},"author":4,"featured_media":0,"parent":0,"menu_order":0,"comment_status":"closed","ping_status":"closed","template":"","meta":{"footnotes":""},"class_list":["post-961","page","type-page","status-publish","hentry"],"yoast_head":"<!-- This site is optimized with the Yoast SEO plugin v27.6 - https:\/\/yoast.com\/product\/yoast-seo-wordpress\/ -->\n<title>CHAMBRE ROMANTIQUE EN JOURN\u00c9E - Secret de Paris Hotel &amp; Spa - Hotel Spa Paris 75009<\/title>\n<meta name=\"robots\" content=\"index, follow, max-snippet:-1, max-image-preview:large, max-video-preview:-1\" \/>\n<link rel=\"canonical\" href=\"https:\/\/www.secretdeparis.com\/fr\/chambre-romantique-en-journee\/\" \/>\n<meta property=\"og:locale\" content=\"fr_FR\" \/>\n<meta property=\"og:type\" content=\"article\" \/>\n<meta property=\"og:title\" content=\"CHAMBRE ROMANTIQUE EN JOURN\u00c9E - Secret de Paris Hotel &amp; Spa - Hotel Spa Paris 75009\" \/>\n<meta property=\"og:description\" content=\"CHAMBRE ROMANTIQUE EN JOURN\u00c9E \u00a0\u00ab\u00a0Moment Secret en journ\u00e9e\u00a0\u00bb Offrez-vous un moment m\u00e9morable avec la nouvelle exp\u00e9rience du Secret de Paris : la chambre baln\u00e9o en journ\u00e9e. Du lundi au jeudi uniquement, sous r\u00e9serve de disponibilit\u00e9.Cr\u00e9neau de 11h00 \u00e0 16h00. 150 \u20ac au lieu de 250 \u20ac Chambre Baln\u00e9oDu Lundi au JeudiDe 11h00 \u00e0 16h00 Diapositive [&hellip;]\" \/>\n<meta property=\"og:url\" content=\"https:\/\/www.secretdeparis.com\/fr\/chambre-romantique-en-journee\/\" \/>\n<meta property=\"og:site_name\" content=\"Secret de Paris Hotel &amp; Spa - Hotel Spa Paris 75009\" \/>\n<meta property=\"article:publisher\" content=\"https:\/\/www.facebook.com\/HotelSecretdeParis\/\" \/>\n<meta property=\"article:modified_time\" content=\"2023-12-28T11:01:16+00:00\" \/>\n<meta property=\"og:image\" content=\"https:\/\/www.secretdeparis.com\/wp-content\/uploads\/2023\/02\/logo_chambre.png\" \/>\n<meta name=\"twitter:card\" content=\"summary_large_image\" \/>\n<meta name=\"twitter:label1\" content=\"Dur\u00e9e de lecture estim\u00e9e\" \/>\n\t<meta name=\"twitter:data1\" content=\"5 minutes\" \/>\n<script type=\"application\/ld+json\" class=\"yoast-schema-graph\">{\"@context\":\"https:\\\/\\\/schema.org\",\"@graph\":[{\"@type\":\"WebPage\",\"@id\":\"https:\\\/\\\/www.secretdeparis.com\\\/fr\\\/chambre-romantique-en-journee\\\/\",\"url\":\"https:\\\/\\\/www.secretdeparis.com\\\/fr\\\/chambre-romantique-en-journee\\\/\",\"name\":\"CHAMBRE ROMANTIQUE EN JOURN\u00c9E - Secret de Paris Hotel &amp; Spa - Hotel Spa Paris 75009\",\"isPartOf\":{\"@id\":\"https:\\\/\\\/www.secretdeparis.com\\\/fr\\\/#website\"},\"primaryImageOfPage\":{\"@id\":\"https:\\\/\\\/www.secretdeparis.com\\\/fr\\\/chambre-romantique-en-journee\\\/#primaryimage\"},\"image\":{\"@id\":\"https:\\\/\\\/www.secretdeparis.com\\\/fr\\\/chambre-romantique-en-journee\\\/#primaryimage\"},\"thumbnailUrl\":\"https:\\\/\\\/www.secretdeparis.com\\\/wp-content\\\/uploads\\\/2023\\\/02\\\/logo_chambre.png\",\"datePublished\":\"2023-03-01T15:43:27+00:00\",\"dateModified\":\"2023-12-28T11:01:16+00:00\",\"breadcrumb\":{\"@id\":\"https:\\\/\\\/www.secretdeparis.com\\\/fr\\\/chambre-romantique-en-journee\\\/#breadcrumb\"},\"inLanguage\":\"fr-FR\",\"potentialAction\":[{\"@type\":\"ReadAction\",\"target\":[\"https:\\\/\\\/www.secretdeparis.com\\\/fr\\\/chambre-romantique-en-journee\\\/\"]}]},{\"@type\":\"ImageObject\",\"inLanguage\":\"fr-FR\",\"@id\":\"https:\\\/\\\/www.secretdeparis.com\\\/fr\\\/chambre-romantique-en-journee\\\/#primaryimage\",\"url\":\"https:\\\/\\\/www.secretdeparis.com\\\/wp-content\\\/uploads\\\/2023\\\/02\\\/logo_chambre.png\",\"contentUrl\":\"https:\\\/\\\/www.secretdeparis.com\\\/wp-content\\\/uploads\\\/2023\\\/02\\\/logo_chambre.png\"},{\"@type\":\"BreadcrumbList\",\"@id\":\"https:\\\/\\\/www.secretdeparis.com\\\/fr\\\/chambre-romantique-en-journee\\\/#breadcrumb\",\"itemListElement\":[{\"@type\":\"ListItem\",\"position\":1,\"name\":\"Accueil\",\"item\":\"https:\\\/\\\/www.secretdeparis.com\\\/fr\\\/\"},{\"@type\":\"ListItem\",\"position\":2,\"name\":\"CHAMBRE ROMANTIQUE EN JOURN\u00c9E\"}]},{\"@type\":\"WebSite\",\"@id\":\"https:\\\/\\\/www.secretdeparis.com\\\/fr\\\/#website\",\"url\":\"https:\\\/\\\/www.secretdeparis.com\\\/fr\\\/\",\"name\":\"Secret de Paris Hotel &amp; Spa - Hotel Spa Paris 75009\",\"description\":\"Hotel Spa Paris\",\"publisher\":{\"@id\":\"https:\\\/\\\/www.secretdeparis.com\\\/fr\\\/#organization\"},\"potentialAction\":[{\"@type\":\"SearchAction\",\"target\":{\"@type\":\"EntryPoint\",\"urlTemplate\":\"https:\\\/\\\/www.secretdeparis.com\\\/fr\\\/?s={search_term_string}\"},\"query-input\":{\"@type\":\"PropertyValueSpecification\",\"valueRequired\":true,\"valueName\":\"search_term_string\"}}],\"inLanguage\":\"fr-FR\"},{\"@type\":\"Organization\",\"@id\":\"https:\\\/\\\/www.secretdeparis.com\\\/fr\\\/#organization\",\"name\":\"Secret de Paris Hotel &amp; Spa - Hotel Spa Paris 75009\",\"url\":\"https:\\\/\\\/www.secretdeparis.com\\\/fr\\\/\",\"logo\":{\"@type\":\"ImageObject\",\"inLanguage\":\"fr-FR\",\"@id\":\"https:\\\/\\\/www.secretdeparis.com\\\/fr\\\/#\\\/schema\\\/logo\\\/image\\\/\",\"url\":\"https:\\\/\\\/www.secretdeparis.com\\\/wp-content\\\/uploads\\\/2023\\\/02\\\/cropped-logo_footer.jpg\",\"contentUrl\":\"https:\\\/\\\/www.secretdeparis.com\\\/wp-content\\\/uploads\\\/2023\\\/02\\\/cropped-logo_footer.jpg\",\"width\":512,\"height\":512,\"caption\":\"Secret de Paris Hotel &amp; Spa - Hotel Spa Paris 75009\"},\"image\":{\"@id\":\"https:\\\/\\\/www.secretdeparis.com\\\/fr\\\/#\\\/schema\\\/logo\\\/image\\\/\"},\"sameAs\":[\"https:\\\/\\\/www.facebook.com\\\/HotelSecretdeParis\\\/\",\"https:\\\/\\\/www.secretdeparis.com\\\/hotel-secret-de-paris-paris-photos\\\/instagram\\\/\"]}]}<\/script>\n<!-- \/ Yoast SEO plugin. -->","yoast_head_json":{"title":"CHAMBRE ROMANTIQUE EN JOURN\u00c9E - Secret de Paris Hotel &amp; Spa - Hotel Spa Paris 75009","robots":{"index":"index","follow":"follow","max-snippet":"max-snippet:-1","max-image-preview":"max-image-preview:large","max-video-preview":"max-video-preview:-1"},"canonical":"https:\/\/www.secretdeparis.com\/fr\/chambre-romantique-en-journee\/","og_locale":"fr_FR","og_type":"article","og_title":"CHAMBRE ROMANTIQUE EN JOURN\u00c9E - Secret de Paris Hotel &amp; Spa - Hotel Spa Paris 75009","og_description":"CHAMBRE ROMANTIQUE EN JOURN\u00c9E \u00a0\u00ab\u00a0Moment Secret en journ\u00e9e\u00a0\u00bb Offrez-vous un moment m\u00e9morable avec la nouvelle exp\u00e9rience du Secret de Paris : la chambre baln\u00e9o en journ\u00e9e. Du lundi au jeudi uniquement, sous r\u00e9serve de disponibilit\u00e9.Cr\u00e9neau de 11h00 \u00e0 16h00. 150 \u20ac au lieu de 250 \u20ac Chambre Baln\u00e9oDu Lundi au JeudiDe 11h00 \u00e0 16h00 Diapositive [&hellip;]","og_url":"https:\/\/www.secretdeparis.com\/fr\/chambre-romantique-en-journee\/","og_site_name":"Secret de Paris Hotel &amp; Spa - Hotel Spa Paris 75009","article_publisher":"https:\/\/www.facebook.com\/HotelSecretdeParis\/","article_modified_time":"2023-12-28T11:01:16+00:00","og_image":[{"url":"https:\/\/www.secretdeparis.com\/wp-content\/uploads\/2023\/02\/logo_chambre.png","type":"","width":"","height":""}],"twitter_card":"summary_large_image","twitter_misc":{"Dur\u00e9e de lecture estim\u00e9e":"5 minutes"},"schema":{"@context":"https:\/\/schema.org","@graph":[{"@type":"WebPage","@id":"https:\/\/www.secretdeparis.com\/fr\/chambre-romantique-en-journee\/","url":"https:\/\/www.secretdeparis.com\/fr\/chambre-romantique-en-journee\/","name":"CHAMBRE ROMANTIQUE EN JOURN\u00c9E - Secret de Paris Hotel &amp; Spa - Hotel Spa Paris 75009","isPartOf":{"@id":"https:\/\/www.secretdeparis.com\/fr\/#website"},"primaryImageOfPage":{"@id":"https:\/\/www.secretdeparis.com\/fr\/chambre-romantique-en-journee\/#primaryimage"},"image":{"@id":"https:\/\/www.secretdeparis.com\/fr\/chambre-romantique-en-journee\/#primaryimage"},"thumbnailUrl":"https:\/\/www.secretdeparis.com\/wp-content\/uploads\/2023\/02\/logo_chambre.png","datePublished":"2023-03-01T15:43:27+00:00","dateModified":"2023-12-28T11:01:16+00:00","breadcrumb":{"@id":"https:\/\/www.secretdeparis.com\/fr\/chambre-romantique-en-journee\/#breadcrumb"},"inLanguage":"fr-FR","potentialAction":[{"@type":"ReadAction","target":["https:\/\/www.secretdeparis.com\/fr\/chambre-romantique-en-journee\/"]}]},{"@type":"ImageObject","inLanguage":"fr-FR","@id":"https:\/\/www.secretdeparis.com\/fr\/chambre-romantique-en-journee\/#primaryimage","url":"https:\/\/www.secretdeparis.com\/wp-content\/uploads\/2023\/02\/logo_chambre.png","contentUrl":"https:\/\/www.secretdeparis.com\/wp-content\/uploads\/2023\/02\/logo_chambre.png"},{"@type":"BreadcrumbList","@id":"https:\/\/www.secretdeparis.com\/fr\/chambre-romantique-en-journee\/#breadcrumb","itemListElement":[{"@type":"ListItem","position":1,"name":"Accueil","item":"https:\/\/www.secretdeparis.com\/fr\/"},{"@type":"ListItem","position":2,"name":"CHAMBRE ROMANTIQUE EN JOURN\u00c9E"}]},{"@type":"WebSite","@id":"https:\/\/www.secretdeparis.com\/fr\/#website","url":"https:\/\/www.secretdeparis.com\/fr\/","name":"Secret de Paris Hotel &amp; Spa - Hotel Spa Paris 75009","description":"Hotel Spa Paris","publisher":{"@id":"https:\/\/www.secretdeparis.com\/fr\/#organization"},"potentialAction":[{"@type":"SearchAction","target":{"@type":"EntryPoint","urlTemplate":"https:\/\/www.secretdeparis.com\/fr\/?s={search_term_string}"},"query-input":{"@type":"PropertyValueSpecification","valueRequired":true,"valueName":"search_term_string"}}],"inLanguage":"fr-FR"},{"@type":"Organization","@id":"https:\/\/www.secretdeparis.com\/fr\/#organization","name":"Secret de Paris Hotel &amp; Spa - Hotel Spa Paris 75009","url":"https:\/\/www.secretdeparis.com\/fr\/","logo":{"@type":"ImageObject","inLanguage":"fr-FR","@id":"https:\/\/www.secretdeparis.com\/fr\/#\/schema\/logo\/image\/","url":"https:\/\/www.secretdeparis.com\/wp-content\/uploads\/2023\/02\/cropped-logo_footer.jpg","contentUrl":"https:\/\/www.secretdeparis.com\/wp-content\/uploads\/2023\/02\/cropped-logo_footer.jpg","width":512,"height":512,"caption":"Secret de Paris Hotel &amp; Spa - Hotel Spa Paris 75009"},"image":{"@id":"https:\/\/www.secretdeparis.com\/fr\/#\/schema\/logo\/image\/"},"sameAs":["https:\/\/www.facebook.com\/HotelSecretdeParis\/","https:\/\/www.secretdeparis.com\/hotel-secret-de-paris-paris-photos\/instagram\/"]}]}},"_links":{"self":[{"href":"https:\/\/www.secretdeparis.com\/fr\/wp-json\/wp\/v2\/pages\/961","targetHints":{"allow":["GET"]}}],"collection":[{"href":"https:\/\/www.secretdeparis.com\/fr\/wp-json\/wp\/v2\/pages"}],"about":[{"href":"https:\/\/www.secretdeparis.com\/fr\/wp-json\/wp\/v2\/types\/page"}],"author":[{"embeddable":true,"href":"https:\/\/www.secretdeparis.com\/fr\/wp-json\/wp\/v2\/users\/4"}],"replies":[{"embeddable":true,"href":"https:\/\/www.secretdeparis.com\/fr\/wp-json\/wp\/v2\/comments?post=961"}],"version-history":[{"count":31,"href":"https:\/\/www.secretdeparis.com\/fr\/wp-json\/wp\/v2\/pages\/961\/revisions"}],"predecessor-version":[{"id":4362,"href":"https:\/\/www.secretdeparis.com\/fr\/wp-json\/wp\/v2\/pages\/961\/revisions\/4362"}],"wp:attachment":[{"href":"https:\/\/www.secretdeparis.com\/fr\/wp-json\/wp\/v2\/media?parent=961"}],"curies":[{"name":"wp","href":"https:\/\/api.w.org\/{rel}","templated":true}]}}