{"id":4874,"date":"2023-03-01T16:00:25","date_gmt":"2023-03-01T15:00:25","guid":{"rendered":"https:\/\/www.secretdeparis.com\/?page_id=4874"},"modified":"2024-03-27T18:37:47","modified_gmt":"2024-03-27T17:37:47","slug":"avisos-legais","status":"publish","type":"page","link":"https:\/\/www.secretdeparis.com\/pt-pt\/avisos-legais\/","title":{"rendered":"AVISOS LEGAIS"},"content":{"rendered":"\t\t<div data-elementor-type=\"wp-page\" data-elementor-id=\"4874\" class=\"elementor elementor-4874 elementor-916\" data-elementor-post-type=\"page\">\n\t\t\t\t\t\t<section class=\"elementor-section elementor-top-section elementor-element elementor-element-cfbbe42 elementor-section-boxed elementor-section-height-default elementor-section-height-default\" data-id=\"cfbbe42\" data-element_type=\"section\">\n\t\t\t\t\t\t<div class=\"elementor-container elementor-column-gap-default\">\n\t\t\t\t\t<div class=\"elementor-column elementor-col-100 elementor-top-column elementor-element elementor-element-3146062\" data-id=\"3146062\" data-element_type=\"column\">\n\t\t\t<div class=\"elementor-widget-wrap elementor-element-populated\">\n\t\t\t\t\t\t<div class=\"elementor-element elementor-element-65c34df elementor-widget elementor-widget-heading\" data-id=\"65c34df\" data-element_type=\"widget\" data-widget_type=\"heading.default\">\n\t\t\t\t<div class=\"elementor-widget-container\">\n\t\t\t\t\t<h1 class=\"elementor-heading-title elementor-size-default\">AVISOS LEGAIS\n<\/h1>\t\t\t\t<\/div>\n\t\t\t\t<\/div>\n\t\t\t\t\t<\/div>\n\t\t<\/div>\n\t\t\t\t\t<\/div>\n\t\t<\/section>\n\t\t\t\t<section class=\"elementor-section elementor-top-section elementor-element elementor-element-f34ebc1 elementor-section-boxed elementor-section-height-default elementor-section-height-default\" data-id=\"f34ebc1\" data-element_type=\"section\">\n\t\t\t\t\t\t<div class=\"elementor-container elementor-column-gap-default\">\n\t\t\t\t\t<div class=\"elementor-column elementor-col-100 elementor-top-column elementor-element elementor-element-3466274\" data-id=\"3466274\" data-element_type=\"column\">\n\t\t\t<div class=\"elementor-widget-wrap elementor-element-populated\">\n\t\t\t\t\t\t<div class=\"elementor-element elementor-element-d714349 elementor-widget elementor-widget-text-editor\" data-id=\"d714349\" data-element_type=\"widget\" data-widget_type=\"text-editor.default\">\n\t\t\t\t<div class=\"elementor-widget-container\">\n\t\t\t\t\t\t\t\t\t<div><div><h2>\u00a0<\/h2><\/div><\/div><div><h3><span data-sheets-root=\"1\" data-sheets-value=\"{&quot;1&quot;:2,&quot;2&quot;:&quot;EDITOR&quot;}\" data-sheets-userformat=\"{&quot;2&quot;:4777,&quot;3&quot;:{&quot;1&quot;:0},&quot;6&quot;:{&quot;1&quot;:[{&quot;1&quot;:2,&quot;2&quot;:0,&quot;5&quot;:{&quot;1&quot;:2,&quot;2&quot;:0}},{&quot;1&quot;:0,&quot;2&quot;:0,&quot;3&quot;:3},{&quot;1&quot;:1,&quot;2&quot;:0,&quot;4&quot;:1}]},&quot;8&quot;:{&quot;1&quot;:[{&quot;1&quot;:2,&quot;2&quot;:0,&quot;5&quot;:{&quot;1&quot;:2,&quot;2&quot;:0}},{&quot;1&quot;:0,&quot;2&quot;:0,&quot;3&quot;:3},{&quot;1&quot;:1,&quot;2&quot;:0,&quot;4&quot;:1}]},&quot;10&quot;:2,&quot;12&quot;:0,&quot;15&quot;:&quot;Arial&quot;}\">EDITOR<\/span><\/h3><p>SARL Villa de Parme ,\u00a0 2 rue de Parme 75009 Paris , RCS de Paris : B480 090 422 N\u00b0 TVA intracommunautaire: FR49480090422 Capital social de 1,500,000\u20ac, T\u00e9l\u00e9phone : <a href=\"https:\/\/www.google.com\/search?q=Secret+de+Paris+-+Hotel+%26+Spa&amp;stick=H4sIAAAAAAAA_-NgU1I1qDAxTzUzSzVJSjNONEkzMkuyMqhINk42MElONkk1SjY2MjZKWcQqG5yaXJRaopCSqhCQWJRZrKCr4JFfkpqjoKYQXJAIAL3UywdJAAAA&amp;hl=fr&amp;mat=CQyLnTe5xD0FElcBeenfiPhSP1FdS8qMvNh9HGiK7F5t7PdamwsZNbJ5qe_QESoN7pJ8UC3KSIho8fFRc_MPlHj-SoMM2pV7dFHTfnYF0PLzLwrIS9pgsGM5RZ-fPlzUrsU&amp;authuser=0#\" data-dtype=\"d3ph\" data-local-attribute=\"d3ph\" data-ved=\"2ahUKEwjIyZjgtIGBAxUZTaQEHaP3D_gQkAgoAHoECFcQAw\"><span aria-label=\"Appeler le 01 53 16 33 33\">01 53 16 33 33<\/span><\/a> , E-mail : <span style=\"background-color: var( --e-global-color-primary ); color: var( --e-global-color-secondary );\">\u00a0hotel@secretdeparis.com, Directeur de la publication : C. Mendjel\u00a0<\/span><\/p><h3><span data-sheets-root=\"1\" data-sheets-value=\"{&quot;1&quot;:2,&quot;2&quot;:&quot;CR\u00c9DITOS&quot;}\" data-sheets-userformat=\"{&quot;2&quot;:4777,&quot;3&quot;:{&quot;1&quot;:0},&quot;6&quot;:{&quot;1&quot;:[{&quot;1&quot;:2,&quot;2&quot;:0,&quot;5&quot;:{&quot;1&quot;:2,&quot;2&quot;:0}},{&quot;1&quot;:0,&quot;2&quot;:0,&quot;3&quot;:3},{&quot;1&quot;:1,&quot;2&quot;:0,&quot;4&quot;:1}]},&quot;8&quot;:{&quot;1&quot;:[{&quot;1&quot;:2,&quot;2&quot;:0,&quot;5&quot;:{&quot;1&quot;:2,&quot;2&quot;:0}},{&quot;1&quot;:0,&quot;2&quot;:0,&quot;3&quot;:3},{&quot;1&quot;:1,&quot;2&quot;:0,&quot;4&quot;:1}]},&quot;10&quot;:2,&quot;12&quot;:0,&quot;15&quot;:&quot;Arial&quot;}\">CR\u00c9DITOS<\/span><\/h3><p>R\u00e9alisation:\u00a0<a href=\"http:\/\/www.hotelmarketing35.com\/\" target=\"_blank\" rel=\"noopener\">HotelMarketing35.com<\/a>\u00a0H\u00e9bergement : OVH 2 rue Kellermann \u2013 59100 Roubaix \u2013 France.\u00a0<a href=\"https:\/\/www.ovh.com\/\" target=\"_blank\" rel=\"noopener\">www.ovh.com<\/a><\/p><h3>PROPRIEDADE<\/h3><p>O s\u00edtio e as informa\u00e7\u00f5es nele contidas est\u00e3o protegidos pela lei francesa da propriedade intelectual e pelas conven\u00e7\u00f5es internacionais. Exceto para utiliza\u00e7\u00e3o dentro do c\u00edrculo familiar ou para fins privados, o site bem como nenhuma parte do seu conte\u00fado pode ser reproduzido, republicado, retranscrito, modificado ou retransmitido sem a autoriza\u00e7\u00e3o pr\u00e9via dos detentores dos direitos de autor.<\/p><h3>CARACTER\u00cdSTICAS<\/h3><p>O s\u00edtio Web www.secretdeparis.com apresenta os servi\u00e7os oferecidos pelo Secret de Paris &#8211; Hotel &amp; Spa. Os utilizadores da Internet podem fazer reservas online atrav\u00e9s de um sistema de reservas de terceiros.<\/p><h3>RESERVAS EM LINHA<\/h3><p>As condi\u00e7\u00f5es gerais de venda e de anula\u00e7\u00e3o relativas \u00e0s reservas em linha ou aos pedidos de reserva s\u00e3o especificadas nos formul\u00e1rios correspondentes. Pode solicitar uma c\u00f3pia das condi\u00e7\u00f5es gerais de venda no endere\u00e7o acima indicado. As solu\u00e7\u00f5es de reserva em linha exigem que o utilizador assinale o campo &#8220;aceita\u00e7\u00e3o das condi\u00e7\u00f5es gerais de venda&#8221; antes de qualquer compra. As taxas tur\u00edsticas, caso existam, ser\u00e3o especificadas na fatura do estabelecimento. N\u00e3o est\u00e3o inclu\u00eddas nos montantes indicados no momento da reserva. A fixa\u00e7\u00e3o destas taxas n\u00e3o \u00e9 da responsabilidade do Villa De Parme.<\/p><p><strong>Pagamento seguro<\/strong><\/p><p>Para as suas transac\u00e7\u00f5es financeiras, o s\u00edtio Web www.secretdeparis.com utiliza uma solu\u00e7\u00e3o de pagamento externa. Com este sistema, o pagamento com cart\u00e3o de cr\u00e9dito \u00e9 efectuado diretamente no servidor seguro do banco em linha. Em nenhum momento o n\u00famero do seu cart\u00e3o de cr\u00e9dito \u00e9 armazenado na base de dados do Hotel Secret de Paris.<\/p><p><strong>Dados pessoais<\/strong><\/p><p>Todos os dados recolhidos neste s\u00edtio, por qualquer meio, s\u00e3o para uso exclusivo da empresa h\u00f4tel secret de paris. Em conformidade com o artigo 34 da lei francesa de prote\u00e7\u00e3o de dados 78-17 de 6 de janeiro de 1978, conforme alterada, e com o Regulamento Geral de Prote\u00e7\u00e3o de Dados (Regulamento UE 2016\/679) ou RGPD&#8221;, tem o direito de aceder, modificar, retificar e apagar os dados que lhe dizem respeito. Para exercer este direito, contacte-nos por correio eletr\u00f3nico em: hotel@secretdeparis.com. : <a href=\"mailto:hotel@secretdeparis.com.\">hotel@secretdeparis.com.<\/a><\/p><h3>Defini\u00e7\u00e3o<\/h3><p>O termo Dados Pessoais&#8221; refere-se a todas as informa\u00e7\u00f5es nominativas relativas aos utilizadores da Internet. Trata-se dos dados transmitidos voluntariamente atrav\u00e9s do formul\u00e1rio de contacto do s\u00edtio.&#8221;<\/p><h3>ACEITA\u00c7\u00c3O DAS CONDI\u00c7\u00d5ES GERAIS DE UTILIZA\u00c7\u00c3O<\/h3><p>No momento da consulta e utiliza\u00e7\u00e3o do S\u00edtio Web, o Utilizador da Internet reconhece que leu as presentes Condi\u00e7\u00f5es Gerais e declara expressamente que as aceita sem reservas. Dado que as presentes Condi\u00e7\u00f5es Gerais podem ser alteradas periodicamente, as condi\u00e7\u00f5es aplic\u00e1veis s\u00e3o as que est\u00e3o em vigor e acess\u00edveis no s\u00edtio Web na data de acesso ao s\u00edtio Web pelo Utilizador da Internet. O utilizador reconhece ter sido informado de que este s\u00edtio \u00e9 acess\u00edvel sem interrup\u00e7\u00e3o, com exce\u00e7\u00e3o dos casos de for\u00e7a maior, dificuldades inform\u00e1ticas, dificuldades relacionadas com as redes de comunica\u00e7\u00e3o ou problemas t\u00e9cnicos. Por raz\u00f5es de manuten\u00e7\u00e3o, o Hotel Secret de Paris reserva-se o direito de interromper o s\u00edtio a qualquer momento. O Hotel Secret de Paris faz todos os esfor\u00e7os para fornecer aos utilizadores informa\u00e7\u00f5es e\/ou ferramentas dispon\u00edveis e verificadas, mas n\u00e3o pode ser responsabilizado por erros, falta de disponibilidade de informa\u00e7\u00f5es e\/ou presen\u00e7a de v\u00edrus no seu s\u00edtio. De acordo com a legisla\u00e7\u00e3o francesa em vigor (art. 40 da lei relativa ao tratamento de dados, ficheiros de dados e liberdades individuais de 6 de janeiro de 1978, alterada pela lei de 6 de agosto de 2004), os utilizadores da Internet t\u00eam o direito de aceder, modificar, retificar e apagar os seus dados pessoais. Para exercer este direito, podem contactar a empresa no seguinte endere\u00e7o: hotel@secretdeparis.com acompanhado de um c\u00f3pia do seu bilhete de identidade.<\/p><h3>FORMUL\u00c1RIO DE CONTACTO<\/h3><p>As informa\u00e7\u00f5es recolhidas neste s\u00edtio atrav\u00e9s dos formul\u00e1rios s\u00e3o tratadas com o objetivo de preparar uma proposta comercial. O destinat\u00e1rio dos dados \u00e9: Hotel Secret de Paris Em conformidade com a lei de prote\u00e7\u00e3o de dados de 6 de janeiro de 1978, disp\u00f5e de um direito de acesso e de retifica\u00e7\u00e3o das informa\u00e7\u00f5es que lhe dizem respeito. Se desejar exercer este direito e obter a comunica\u00e7\u00e3o das informa\u00e7\u00f5es que lhe dizem respeito, queira contactar-nos para o seguinte endere\u00e7o: hotel@secretdeparis.com<\/p><h3>MEDIA\u00c7\u00c3O DE LIT\u00cdGIOS DE CONSUMO<\/h3><p>Em conformidade com as disposi\u00e7\u00f5es do C\u00f3digo do Consumo franc\u00eas, os clientes t\u00eam o direito de utilizar gratuitamente o servi\u00e7o de media\u00e7\u00e3o proposto pelo Secret de Paris. O mediador de consumo proposto \u00e9 a AME. A quest\u00e3o pode ser submetida a ele :<\/p><p>Pela Internet: www.mediationsonso-ame.com ; ou por correio (preenchendo o formul\u00e1rio dispon\u00edvel no s\u00edtio Web): M\u00e9diation \u00e0 la consommation AME &#8211; 197 Boulevard Saint-Germain &#8211; 75007 Paris.<\/p><h3>Newsletters<\/h3><p>O Secret de Paris Hotel &amp; Spa pode enviar ofertas comerciais a qualquer pessoa que tenha efectuado uma reserva no s\u00edtio Web. O endere\u00e7o de e-mail do contacto \u00e9 guardado num ficheiro informatizado e utilizado exclusivamente para o envio peri\u00f3dico de newsletters aos clientes. Em conformidade com o Regulamento Geral sobre a Prote\u00e7\u00e3o de Dados, estas informa\u00e7\u00f5es s\u00e3o conservadas por um per\u00edodo inferior a 36 meses e destinam-se exclusivamente \u00e0 empresa Hotel Secret de Paris. O Hotel Secret de Paris compromete-se a tomar todas as precau\u00e7\u00f5es necess\u00e1rias para proteger a seguran\u00e7a destas informa\u00e7\u00f5es e, nomeadamente, para evitar que sejam distorcidas, danificadas ou acedidas por terceiros n\u00e3o autorizados. Em conformidade com o artigo L34-5 do C\u00f3digo dos Correios e das Comunica\u00e7\u00f5es Electr\u00f3nicas, \u00e9 poss\u00edvel anular gratuitamente a subscri\u00e7\u00e3o das newsletters. Este pedido deve ser enviado para o seguinte endere\u00e7o de correio eletr\u00f3nico: hotel@secretdeparis.com Al\u00e9m disso, encontrar\u00e1 a possibilidade de anular a subscri\u00e7\u00e3o gra\u00e7as \u00e0s instru\u00e7\u00f5es pormenorizadas inclu\u00eddas na parte inferior de cada mensagem eletr\u00f3nica enviada.<\/p><h3>AN\u00c1LISE DE DESEMPENHO<\/h3><p>Para monitorizar o desempenho do nosso s\u00edtio Web, utilizamos as fun\u00e7\u00f5es estat\u00edsticas do Google Analytics. S\u00e3o recolhidos os seguintes dados:<\/p><p>-Tr\u00e1fego do s\u00edtio Web<\/p><p>-Origem geogr\u00e1fica dos utilizadores<\/p><p>-N\u00famero de p\u00e1ginas visitadas -Tempo de perman\u00eancia do utilizador no s\u00edtio<\/p><p>-A plataforma que permitiu ao utilizador aceder ao nosso site Em nenhuma circunst\u00e2ncia armazenamos dados pessoais (nome, endere\u00e7o IP, etc.) ou dados espec\u00edficos de localiza\u00e7\u00e3o (endere\u00e7o residencial, local de trabalho), ou qualquer outra informa\u00e7\u00e3o n\u00e3o mencionada na lista acima. Os dados registados no Google Analytics s\u00e3o conservados por um per\u00edodo de 26 meses (inferior aos 36 meses impostos pelo RGPD), sendo este per\u00edodo reiniciado quando um utilizador faz um novo evento no nosso site: https:\/\/www.secretdeparis.com\/<\/p><\/div>\t\t\t\t\t\t\t\t<\/div>\n\t\t\t\t<\/div>\n\t\t\t\t\t<\/div>\n\t\t<\/div>\n\t\t\t\t\t<\/div>\n\t\t<\/section>\n\t\t\t\t<\/div>\n\t\t","protected":false},"excerpt":{"rendered":"<p>AVISOS LEGAIS \u00a0 EDITOR SARL Villa de Parme ,\u00a0 2 rue de Parme 75009 Paris , RCS de Paris : B480 090 422 N\u00b0 TVA intracommunautaire: FR49480090422 Capital social de 1,500,000\u20ac, T\u00e9l\u00e9phone : 01 53 16 33 33 , E-mail : \u00a0hotel@secretdeparis.com, Directeur de la publication : C. Mendjel\u00a0 CR\u00c9DITOS R\u00e9alisation:\u00a0HotelMarketing35.com\u00a0H\u00e9bergement : OVH 2 rue [&hellip;]<\/p>\n","protected":false},"author":3,"featured_media":0,"parent":0,"menu_order":0,"comment_status":"closed","ping_status":"closed","template":"","meta":{"footnotes":""},"class_list":["post-4874","page","type-page","status-publish","hentry"],"yoast_head":"<!-- This site is optimized with the Yoast SEO plugin v27.4 - https:\/\/yoast.com\/product\/yoast-seo-wordpress\/ -->\n<title>AVISOS LEGAIS - Secret de Paris Hotel &amp; Spa - Hotel Spa Paris 75009<\/title>\n<meta name=\"robots\" content=\"index, follow, max-snippet:-1, max-image-preview:large, max-video-preview:-1\" \/>\n<link rel=\"canonical\" href=\"https:\/\/www.secretdeparis.com\/pt-pt\/avisos-legais\/\" \/>\n<meta property=\"og:locale\" content=\"pt_PT\" \/>\n<meta property=\"og:type\" content=\"article\" \/>\n<meta property=\"og:title\" content=\"AVISOS LEGAIS - Secret de Paris Hotel &amp; Spa - Hotel Spa Paris 75009\" \/>\n<meta property=\"og:description\" content=\"AVISOS LEGAIS \u00a0 EDITOR SARL Villa de Parme ,\u00a0 2 rue de Parme 75009 Paris , RCS de Paris : B480 090 422 N\u00b0 TVA intracommunautaire: FR49480090422 Capital social de 1,500,000\u20ac, T\u00e9l\u00e9phone : 01 53 16 33 33 , E-mail : \u00a0hotel@secretdeparis.com, Directeur de la publication : C. Mendjel\u00a0 CR\u00c9DITOS R\u00e9alisation:\u00a0HotelMarketing35.com\u00a0H\u00e9bergement : OVH 2 rue [&hellip;]\" \/>\n<meta property=\"og:url\" content=\"https:\/\/www.secretdeparis.com\/pt-pt\/avisos-legais\/\" \/>\n<meta property=\"og:site_name\" content=\"Secret de Paris Hotel &amp; Spa - Hotel Spa Paris 75009\" \/>\n<meta property=\"article:publisher\" content=\"https:\/\/www.facebook.com\/HotelSecretdeParis\/\" \/>\n<meta property=\"article:modified_time\" content=\"2024-03-27T17:37:47+00:00\" \/>\n<meta name=\"twitter:card\" content=\"summary_large_image\" \/>\n<meta name=\"twitter:label1\" content=\"Tempo estimado de leitura\" \/>\n\t<meta name=\"twitter:data1\" content=\"6 minutos\" \/>\n<script type=\"application\/ld+json\" class=\"yoast-schema-graph\">{\"@context\":\"https:\\\/\\\/schema.org\",\"@graph\":[{\"@type\":\"WebPage\",\"@id\":\"https:\\\/\\\/www.secretdeparis.com\\\/pt-pt\\\/avisos-legais\\\/\",\"url\":\"https:\\\/\\\/www.secretdeparis.com\\\/pt-pt\\\/avisos-legais\\\/\",\"name\":\"AVISOS LEGAIS - Secret de Paris Hotel &amp; Spa - Hotel Spa Paris 75009\",\"isPartOf\":{\"@id\":\"https:\\\/\\\/www.secretdeparis.com\\\/fr\\\/#website\"},\"datePublished\":\"2023-03-01T15:00:25+00:00\",\"dateModified\":\"2024-03-27T17:37:47+00:00\",\"breadcrumb\":{\"@id\":\"https:\\\/\\\/www.secretdeparis.com\\\/pt-pt\\\/avisos-legais\\\/#breadcrumb\"},\"inLanguage\":\"pt-PT\",\"potentialAction\":[{\"@type\":\"ReadAction\",\"target\":[\"https:\\\/\\\/www.secretdeparis.com\\\/pt-pt\\\/avisos-legais\\\/\"]}]},{\"@type\":\"BreadcrumbList\",\"@id\":\"https:\\\/\\\/www.secretdeparis.com\\\/pt-pt\\\/avisos-legais\\\/#breadcrumb\",\"itemListElement\":[{\"@type\":\"ListItem\",\"position\":1,\"name\":\"Accueil\",\"item\":\"https:\\\/\\\/www.secretdeparis.com\\\/es\\\/\"},{\"@type\":\"ListItem\",\"position\":2,\"name\":\"AVISOS LEGAIS\"}]},{\"@type\":\"WebSite\",\"@id\":\"https:\\\/\\\/www.secretdeparis.com\\\/fr\\\/#website\",\"url\":\"https:\\\/\\\/www.secretdeparis.com\\\/fr\\\/\",\"name\":\"Secret de Paris Hotel &amp; Spa - Hotel Spa Paris 75009\",\"description\":\"Hotel Spa Paris\",\"publisher\":{\"@id\":\"https:\\\/\\\/www.secretdeparis.com\\\/fr\\\/#organization\"},\"potentialAction\":[{\"@type\":\"SearchAction\",\"target\":{\"@type\":\"EntryPoint\",\"urlTemplate\":\"https:\\\/\\\/www.secretdeparis.com\\\/fr\\\/?s={search_term_string}\"},\"query-input\":{\"@type\":\"PropertyValueSpecification\",\"valueRequired\":true,\"valueName\":\"search_term_string\"}}],\"inLanguage\":\"pt-PT\"},{\"@type\":\"Organization\",\"@id\":\"https:\\\/\\\/www.secretdeparis.com\\\/fr\\\/#organization\",\"name\":\"Secret de Paris Hotel &amp; Spa - Hotel Spa Paris 75009\",\"url\":\"https:\\\/\\\/www.secretdeparis.com\\\/fr\\\/\",\"logo\":{\"@type\":\"ImageObject\",\"inLanguage\":\"pt-PT\",\"@id\":\"https:\\\/\\\/www.secretdeparis.com\\\/fr\\\/#\\\/schema\\\/logo\\\/image\\\/\",\"url\":\"https:\\\/\\\/www.secretdeparis.com\\\/wp-content\\\/uploads\\\/2023\\\/02\\\/cropped-logo_footer.jpg\",\"contentUrl\":\"https:\\\/\\\/www.secretdeparis.com\\\/wp-content\\\/uploads\\\/2023\\\/02\\\/cropped-logo_footer.jpg\",\"width\":512,\"height\":512,\"caption\":\"Secret de Paris Hotel &amp; Spa - Hotel Spa Paris 75009\"},\"image\":{\"@id\":\"https:\\\/\\\/www.secretdeparis.com\\\/fr\\\/#\\\/schema\\\/logo\\\/image\\\/\"},\"sameAs\":[\"https:\\\/\\\/www.facebook.com\\\/HotelSecretdeParis\\\/\",\"https:\\\/\\\/www.secretdeparis.com\\\/hotel-secret-de-paris-paris-photos\\\/instagram\\\/\"]}]}<\/script>\n<!-- \/ Yoast SEO plugin. -->","yoast_head_json":{"title":"AVISOS LEGAIS - Secret de Paris Hotel &amp; Spa - Hotel Spa Paris 75009","robots":{"index":"index","follow":"follow","max-snippet":"max-snippet:-1","max-image-preview":"max-image-preview:large","max-video-preview":"max-video-preview:-1"},"canonical":"https:\/\/www.secretdeparis.com\/pt-pt\/avisos-legais\/","og_locale":"pt_PT","og_type":"article","og_title":"AVISOS LEGAIS - Secret de Paris Hotel &amp; Spa - Hotel Spa Paris 75009","og_description":"AVISOS LEGAIS \u00a0 EDITOR SARL Villa de Parme ,\u00a0 2 rue de Parme 75009 Paris , RCS de Paris : B480 090 422 N\u00b0 TVA intracommunautaire: FR49480090422 Capital social de 1,500,000\u20ac, T\u00e9l\u00e9phone : 01 53 16 33 33 , E-mail : \u00a0hotel@secretdeparis.com, Directeur de la publication : C. Mendjel\u00a0 CR\u00c9DITOS R\u00e9alisation:\u00a0HotelMarketing35.com\u00a0H\u00e9bergement : OVH 2 rue [&hellip;]","og_url":"https:\/\/www.secretdeparis.com\/pt-pt\/avisos-legais\/","og_site_name":"Secret de Paris Hotel &amp; Spa - Hotel Spa Paris 75009","article_publisher":"https:\/\/www.facebook.com\/HotelSecretdeParis\/","article_modified_time":"2024-03-27T17:37:47+00:00","twitter_card":"summary_large_image","twitter_misc":{"Tempo estimado de leitura":"6 minutos"},"schema":{"@context":"https:\/\/schema.org","@graph":[{"@type":"WebPage","@id":"https:\/\/www.secretdeparis.com\/pt-pt\/avisos-legais\/","url":"https:\/\/www.secretdeparis.com\/pt-pt\/avisos-legais\/","name":"AVISOS LEGAIS - Secret de Paris Hotel &amp; Spa - Hotel Spa Paris 75009","isPartOf":{"@id":"https:\/\/www.secretdeparis.com\/fr\/#website"},"datePublished":"2023-03-01T15:00:25+00:00","dateModified":"2024-03-27T17:37:47+00:00","breadcrumb":{"@id":"https:\/\/www.secretdeparis.com\/pt-pt\/avisos-legais\/#breadcrumb"},"inLanguage":"pt-PT","potentialAction":[{"@type":"ReadAction","target":["https:\/\/www.secretdeparis.com\/pt-pt\/avisos-legais\/"]}]},{"@type":"BreadcrumbList","@id":"https:\/\/www.secretdeparis.com\/pt-pt\/avisos-legais\/#breadcrumb","itemListElement":[{"@type":"ListItem","position":1,"name":"Accueil","item":"https:\/\/www.secretdeparis.com\/es\/"},{"@type":"ListItem","position":2,"name":"AVISOS LEGAIS"}]},{"@type":"WebSite","@id":"https:\/\/www.secretdeparis.com\/fr\/#website","url":"https:\/\/www.secretdeparis.com\/fr\/","name":"Secret de Paris Hotel &amp; Spa - Hotel Spa Paris 75009","description":"Hotel Spa Paris","publisher":{"@id":"https:\/\/www.secretdeparis.com\/fr\/#organization"},"potentialAction":[{"@type":"SearchAction","target":{"@type":"EntryPoint","urlTemplate":"https:\/\/www.secretdeparis.com\/fr\/?s={search_term_string}"},"query-input":{"@type":"PropertyValueSpecification","valueRequired":true,"valueName":"search_term_string"}}],"inLanguage":"pt-PT"},{"@type":"Organization","@id":"https:\/\/www.secretdeparis.com\/fr\/#organization","name":"Secret de Paris Hotel &amp; Spa - Hotel Spa Paris 75009","url":"https:\/\/www.secretdeparis.com\/fr\/","logo":{"@type":"ImageObject","inLanguage":"pt-PT","@id":"https:\/\/www.secretdeparis.com\/fr\/#\/schema\/logo\/image\/","url":"https:\/\/www.secretdeparis.com\/wp-content\/uploads\/2023\/02\/cropped-logo_footer.jpg","contentUrl":"https:\/\/www.secretdeparis.com\/wp-content\/uploads\/2023\/02\/cropped-logo_footer.jpg","width":512,"height":512,"caption":"Secret de Paris Hotel &amp; Spa - Hotel Spa Paris 75009"},"image":{"@id":"https:\/\/www.secretdeparis.com\/fr\/#\/schema\/logo\/image\/"},"sameAs":["https:\/\/www.facebook.com\/HotelSecretdeParis\/","https:\/\/www.secretdeparis.com\/hotel-secret-de-paris-paris-photos\/instagram\/"]}]}},"_links":{"self":[{"href":"https:\/\/www.secretdeparis.com\/pt-pt\/wp-json\/wp\/v2\/pages\/4874","targetHints":{"allow":["GET"]}}],"collection":[{"href":"https:\/\/www.secretdeparis.com\/pt-pt\/wp-json\/wp\/v2\/pages"}],"about":[{"href":"https:\/\/www.secretdeparis.com\/pt-pt\/wp-json\/wp\/v2\/types\/page"}],"author":[{"embeddable":true,"href":"https:\/\/www.secretdeparis.com\/pt-pt\/wp-json\/wp\/v2\/users\/3"}],"replies":[{"embeddable":true,"href":"https:\/\/www.secretdeparis.com\/pt-pt\/wp-json\/wp\/v2\/comments?post=4874"}],"version-history":[{"count":4,"href":"https:\/\/www.secretdeparis.com\/pt-pt\/wp-json\/wp\/v2\/pages\/4874\/revisions"}],"predecessor-version":[{"id":4878,"href":"https:\/\/www.secretdeparis.com\/pt-pt\/wp-json\/wp\/v2\/pages\/4874\/revisions\/4878"}],"wp:attachment":[{"href":"https:\/\/www.secretdeparis.com\/pt-pt\/wp-json\/wp\/v2\/media?parent=4874"}],"curies":[{"name":"wp","href":"https:\/\/api.w.org\/{rel}","templated":true}]}}