{"id":4891,"date":"2023-03-01T15:28:25","date_gmt":"2023-03-01T14:28:25","guid":{"rendered":"https:\/\/www.secretdeparis.com\/?page_id=4891"},"modified":"2024-03-27T18:42:07","modified_gmt":"2024-03-27T17:42:07","slug":"musee-dorsay","status":"publish","type":"page","link":"https:\/\/www.secretdeparis.com\/pt-pt\/musee-dorsay\/","title":{"rendered":"Mus\u00e9e d&#8217;Orsay"},"content":{"rendered":"\t\t<div data-elementor-type=\"wp-page\" data-elementor-id=\"4891\" class=\"elementor elementor-4891 elementor-854\" data-elementor-post-type=\"page\">\n\t\t\t\t\t\t<section class=\"elementor-section elementor-top-section elementor-element elementor-element-91910f5 elementor-section-boxed elementor-section-height-default elementor-section-height-default\" data-id=\"91910f5\" data-element_type=\"section\">\n\t\t\t\t\t\t<div class=\"elementor-container elementor-column-gap-default\">\n\t\t\t\t\t<div class=\"elementor-column elementor-col-100 elementor-top-column elementor-element elementor-element-dffad05\" data-id=\"dffad05\" data-element_type=\"column\">\n\t\t\t<div class=\"elementor-widget-wrap elementor-element-populated\">\n\t\t\t\t\t\t<div class=\"elementor-element elementor-element-d9fd967 elementor-widget elementor-widget-heading\" data-id=\"d9fd967\" data-element_type=\"widget\" data-widget_type=\"heading.default\">\n\t\t\t\t<div class=\"elementor-widget-container\">\n\t\t\t\t\t<h1 class=\"elementor-heading-title elementor-size-default\">SOBRE O MUS\u00c9E D'ORSAY<\/h1>\t\t\t\t<\/div>\n\t\t\t\t<\/div>\n\t\t\t\t\t<\/div>\n\t\t<\/div>\n\t\t\t\t\t<\/div>\n\t\t<\/section>\n\t\t\t\t<section class=\"elementor-section elementor-top-section elementor-element elementor-element-c402cf2 elementor-section-height-min-height elementor-section-boxed elementor-section-height-default elementor-section-items-middle\" data-id=\"c402cf2\" data-element_type=\"section\">\n\t\t\t\t\t\t<div class=\"elementor-container elementor-column-gap-default\">\n\t\t\t\t\t<div class=\"elementor-column elementor-col-100 elementor-top-column elementor-element elementor-element-086fdaf\" data-id=\"086fdaf\" data-element_type=\"column\">\n\t\t\t<div class=\"elementor-widget-wrap elementor-element-populated\">\n\t\t\t\t\t\t<div class=\"elementor-element elementor-element-d736a63 elementor-cta--layout-image-left elementor-cta--mobile-layout-image-above elementor-cta--skin-classic elementor-animated-content elementor-bg-transform elementor-bg-transform-zoom-in elementor-widget elementor-widget-call-to-action\" data-id=\"d736a63\" data-element_type=\"widget\" data-widget_type=\"call-to-action.default\">\n\t\t\t\t<div class=\"elementor-widget-container\">\n\t\t\t\t\t\t\t<div class=\"elementor-cta\">\n\t\t\t\t\t<div class=\"elementor-cta__bg-wrapper\">\n\t\t\t\t<div class=\"elementor-cta__bg elementor-bg\" style=\"background-image: url(https:\/\/www.secretdeparis.com\/wp-content\/uploads\/2023\/03\/musee-orsay-1024x685.jpg);\" role=\"img\" aria-label=\"Statue devant le mus\u00e9e d&#039;Orsay\"><\/div>\n\t\t\t\t<div class=\"elementor-cta__bg-overlay\"><\/div>\n\t\t\t<\/div>\n\t\t\t\t\t\t\t<div class=\"elementor-cta__content\">\n\t\t\t\t\n\t\t\t\t\t\t\t\t\t<h2 class=\"elementor-cta__title elementor-cta__content-item elementor-content-item\">\n\t\t\t\t\t\tMUS\u00c9E D\u2019ORSAY\t\t\t\t\t<\/h2>\n\t\t\t\t\n\t\t\t\t\t\t\t\t\t<div class=\"elementor-cta__description elementor-cta__content-item elementor-content-item\">\n\t\t\t\t\t\t<p style=\"text-align:justify\">Sem se deixar perturbar pela passagem do tempo, o museu est\u00e1 instalado na antiga esta\u00e7\u00e3o de Orsay, constru\u00edda para a Exposi\u00e7\u00e3o Universal de 1900. Em 1945, a esta\u00e7\u00e3o deixou de ter qualquer atividade ferrovi\u00e1ria. Antes da realiza\u00e7\u00e3o do projeto do museu, a nave foi utilizada para leil\u00f5es durante a renova\u00e7\u00e3o do Hotel Drouot. A companhia Renault-Barrault chegou a encenar ali espect\u00e1culos teatrais e a esta\u00e7\u00e3o serviu de cen\u00e1rio ao filme \"O Julgamento\" de Orson Welles.<br>\n\n\"A esta\u00e7\u00e3o \u00e9 soberba e tem o ar de um Palais des Beaux-Arts...\", escreveu o pintor Edouard Detaille em 1900. Simbolizado pelo imenso arco de luz da nave, que parece desafiar o c\u00e9u, o edif\u00edcio \u00e9, de certa forma, a primeira \"obra\" das colec\u00e7\u00f5es do Museu d'Orsay a apresentar a arte do s\u00e9culo XIX. Ponte cronol\u00f3gica entre as colec\u00e7\u00f5es do Louvre e do Centro Pompidou, Orsay alberga a melhor cole\u00e7\u00e3o de obras impressionistas do mundo (L'Origine du monde de Courbet, L'Olympia de Manet, Portrait du Docteur Gachet de Van Gogh).<br><br>\nNo cimo do edif\u00edcio, atrav\u00e9s dos ponteiros em movimento dos dois enormes rel\u00f3gios que adornam a sua fachada, \u00e9 poss\u00edvel ver toda a cidade de Paris a correr contra o tempo.\n\n<\/p><div style=\"text-align: justify\">Descubra o Museu d'Orsay com uma estadia no Secret de Paris - Hotel &amp; Spa, um hotel de charme para um fim de semana rom\u00e2ntico em Paris<span style=\"color: var( --e-global-color-primary );text-align: center\"><\/span><\/div>\t\t\t\t\t<\/div>\n\t\t\t\t\n\t\t\t\t\t\t\t<\/div>\n\t\t\t\t\t\t<\/div>\n\t\t\t\t\t\t<\/div>\n\t\t\t\t<\/div>\n\t\t\t\t\t<\/div>\n\t\t<\/div>\n\t\t\t\t\t<\/div>\n\t\t<\/section>\n\t\t\t\t<\/div>\n\t\t","protected":false},"excerpt":{"rendered":"<p>SOBRE O MUS\u00c9E D&#8217;ORSAY MUS\u00c9E D\u2019ORSAY Sem se deixar perturbar pela passagem do tempo, o museu est\u00e1 instalado na antiga esta\u00e7\u00e3o de Orsay, constru\u00edda para a Exposi\u00e7\u00e3o Universal de 1900. Em 1945, a esta\u00e7\u00e3o deixou de ter qualquer atividade ferrovi\u00e1ria. Antes da realiza\u00e7\u00e3o do projeto do museu, a nave foi utilizada para leil\u00f5es durante a [&hellip;]<\/p>\n","protected":false},"author":3,"featured_media":0,"parent":0,"menu_order":0,"comment_status":"closed","ping_status":"closed","template":"","meta":{"footnotes":""},"class_list":["post-4891","page","type-page","status-publish","hentry"],"yoast_head":"<!-- This site is optimized with the Yoast SEO plugin v27.5 - https:\/\/yoast.com\/product\/yoast-seo-wordpress\/ -->\n<title>Mus\u00e9e d&#039;Orsay - Secret de Paris Hotel &amp; Spa - Hotel Spa Paris 75009<\/title>\n<meta name=\"robots\" content=\"index, follow, max-snippet:-1, max-image-preview:large, max-video-preview:-1\" \/>\n<link rel=\"canonical\" href=\"https:\/\/www.secretdeparis.com\/pt-pt\/musee-dorsay\/\" \/>\n<meta property=\"og:locale\" content=\"pt_PT\" \/>\n<meta property=\"og:type\" content=\"article\" \/>\n<meta property=\"og:title\" content=\"Mus\u00e9e d&#039;Orsay - Secret de Paris Hotel &amp; Spa - Hotel Spa Paris 75009\" \/>\n<meta property=\"og:description\" content=\"SOBRE O MUS\u00c9E D&#8217;ORSAY MUS\u00c9E D\u2019ORSAY Sem se deixar perturbar pela passagem do tempo, o museu est\u00e1 instalado na antiga esta\u00e7\u00e3o de Orsay, constru\u00edda para a Exposi\u00e7\u00e3o Universal de 1900. Em 1945, a esta\u00e7\u00e3o deixou de ter qualquer atividade ferrovi\u00e1ria. Antes da realiza\u00e7\u00e3o do projeto do museu, a nave foi utilizada para leil\u00f5es durante a [&hellip;]\" \/>\n<meta property=\"og:url\" content=\"https:\/\/www.secretdeparis.com\/pt-pt\/musee-dorsay\/\" \/>\n<meta property=\"og:site_name\" content=\"Secret de Paris Hotel &amp; Spa - Hotel Spa Paris 75009\" \/>\n<meta property=\"article:publisher\" content=\"https:\/\/www.facebook.com\/HotelSecretdeParis\/\" \/>\n<meta property=\"article:modified_time\" content=\"2024-03-27T17:42:07+00:00\" \/>\n<meta name=\"twitter:card\" content=\"summary_large_image\" \/>\n<meta name=\"twitter:label1\" content=\"Tempo estimado de leitura\" \/>\n\t<meta name=\"twitter:data1\" content=\"2 minutos\" \/>\n<script type=\"application\/ld+json\" class=\"yoast-schema-graph\">{\"@context\":\"https:\\\/\\\/schema.org\",\"@graph\":[{\"@type\":\"WebPage\",\"@id\":\"https:\\\/\\\/www.secretdeparis.com\\\/pt-pt\\\/musee-dorsay\\\/\",\"url\":\"https:\\\/\\\/www.secretdeparis.com\\\/pt-pt\\\/musee-dorsay\\\/\",\"name\":\"Mus\u00e9e d'Orsay - Secret de Paris Hotel &amp; Spa - Hotel Spa Paris 75009\",\"isPartOf\":{\"@id\":\"https:\\\/\\\/www.secretdeparis.com\\\/fr\\\/#website\"},\"datePublished\":\"2023-03-01T14:28:25+00:00\",\"dateModified\":\"2024-03-27T17:42:07+00:00\",\"breadcrumb\":{\"@id\":\"https:\\\/\\\/www.secretdeparis.com\\\/pt-pt\\\/musee-dorsay\\\/#breadcrumb\"},\"inLanguage\":\"pt-PT\",\"potentialAction\":[{\"@type\":\"ReadAction\",\"target\":[\"https:\\\/\\\/www.secretdeparis.com\\\/pt-pt\\\/musee-dorsay\\\/\"]}]},{\"@type\":\"BreadcrumbList\",\"@id\":\"https:\\\/\\\/www.secretdeparis.com\\\/pt-pt\\\/musee-dorsay\\\/#breadcrumb\",\"itemListElement\":[{\"@type\":\"ListItem\",\"position\":1,\"name\":\"Accueil\",\"item\":\"https:\\\/\\\/www.secretdeparis.com\\\/es\\\/\"},{\"@type\":\"ListItem\",\"position\":2,\"name\":\"Mus\u00e9e d&rsquo;Orsay\"}]},{\"@type\":\"WebSite\",\"@id\":\"https:\\\/\\\/www.secretdeparis.com\\\/fr\\\/#website\",\"url\":\"https:\\\/\\\/www.secretdeparis.com\\\/fr\\\/\",\"name\":\"Secret de Paris Hotel &amp; Spa - Hotel Spa Paris 75009\",\"description\":\"Hotel Spa Paris\",\"publisher\":{\"@id\":\"https:\\\/\\\/www.secretdeparis.com\\\/fr\\\/#organization\"},\"potentialAction\":[{\"@type\":\"SearchAction\",\"target\":{\"@type\":\"EntryPoint\",\"urlTemplate\":\"https:\\\/\\\/www.secretdeparis.com\\\/fr\\\/?s={search_term_string}\"},\"query-input\":{\"@type\":\"PropertyValueSpecification\",\"valueRequired\":true,\"valueName\":\"search_term_string\"}}],\"inLanguage\":\"pt-PT\"},{\"@type\":\"Organization\",\"@id\":\"https:\\\/\\\/www.secretdeparis.com\\\/fr\\\/#organization\",\"name\":\"Secret de Paris Hotel &amp; Spa - Hotel Spa Paris 75009\",\"url\":\"https:\\\/\\\/www.secretdeparis.com\\\/fr\\\/\",\"logo\":{\"@type\":\"ImageObject\",\"inLanguage\":\"pt-PT\",\"@id\":\"https:\\\/\\\/www.secretdeparis.com\\\/fr\\\/#\\\/schema\\\/logo\\\/image\\\/\",\"url\":\"https:\\\/\\\/www.secretdeparis.com\\\/wp-content\\\/uploads\\\/2023\\\/02\\\/cropped-logo_footer.jpg\",\"contentUrl\":\"https:\\\/\\\/www.secretdeparis.com\\\/wp-content\\\/uploads\\\/2023\\\/02\\\/cropped-logo_footer.jpg\",\"width\":512,\"height\":512,\"caption\":\"Secret de Paris Hotel &amp; Spa - Hotel Spa Paris 75009\"},\"image\":{\"@id\":\"https:\\\/\\\/www.secretdeparis.com\\\/fr\\\/#\\\/schema\\\/logo\\\/image\\\/\"},\"sameAs\":[\"https:\\\/\\\/www.facebook.com\\\/HotelSecretdeParis\\\/\",\"https:\\\/\\\/www.secretdeparis.com\\\/hotel-secret-de-paris-paris-photos\\\/instagram\\\/\"]}]}<\/script>\n<!-- \/ Yoast SEO plugin. -->","yoast_head_json":{"title":"Mus\u00e9e d'Orsay - Secret de Paris Hotel &amp; Spa - Hotel Spa Paris 75009","robots":{"index":"index","follow":"follow","max-snippet":"max-snippet:-1","max-image-preview":"max-image-preview:large","max-video-preview":"max-video-preview:-1"},"canonical":"https:\/\/www.secretdeparis.com\/pt-pt\/musee-dorsay\/","og_locale":"pt_PT","og_type":"article","og_title":"Mus\u00e9e d'Orsay - Secret de Paris Hotel &amp; Spa - Hotel Spa Paris 75009","og_description":"SOBRE O MUS\u00c9E D&#8217;ORSAY MUS\u00c9E D\u2019ORSAY Sem se deixar perturbar pela passagem do tempo, o museu est\u00e1 instalado na antiga esta\u00e7\u00e3o de Orsay, constru\u00edda para a Exposi\u00e7\u00e3o Universal de 1900. Em 1945, a esta\u00e7\u00e3o deixou de ter qualquer atividade ferrovi\u00e1ria. Antes da realiza\u00e7\u00e3o do projeto do museu, a nave foi utilizada para leil\u00f5es durante a [&hellip;]","og_url":"https:\/\/www.secretdeparis.com\/pt-pt\/musee-dorsay\/","og_site_name":"Secret de Paris Hotel &amp; Spa - Hotel Spa Paris 75009","article_publisher":"https:\/\/www.facebook.com\/HotelSecretdeParis\/","article_modified_time":"2024-03-27T17:42:07+00:00","twitter_card":"summary_large_image","twitter_misc":{"Tempo estimado de leitura":"2 minutos"},"schema":{"@context":"https:\/\/schema.org","@graph":[{"@type":"WebPage","@id":"https:\/\/www.secretdeparis.com\/pt-pt\/musee-dorsay\/","url":"https:\/\/www.secretdeparis.com\/pt-pt\/musee-dorsay\/","name":"Mus\u00e9e d'Orsay - Secret de Paris Hotel &amp; Spa - Hotel Spa Paris 75009","isPartOf":{"@id":"https:\/\/www.secretdeparis.com\/fr\/#website"},"datePublished":"2023-03-01T14:28:25+00:00","dateModified":"2024-03-27T17:42:07+00:00","breadcrumb":{"@id":"https:\/\/www.secretdeparis.com\/pt-pt\/musee-dorsay\/#breadcrumb"},"inLanguage":"pt-PT","potentialAction":[{"@type":"ReadAction","target":["https:\/\/www.secretdeparis.com\/pt-pt\/musee-dorsay\/"]}]},{"@type":"BreadcrumbList","@id":"https:\/\/www.secretdeparis.com\/pt-pt\/musee-dorsay\/#breadcrumb","itemListElement":[{"@type":"ListItem","position":1,"name":"Accueil","item":"https:\/\/www.secretdeparis.com\/es\/"},{"@type":"ListItem","position":2,"name":"Mus\u00e9e d&rsquo;Orsay"}]},{"@type":"WebSite","@id":"https:\/\/www.secretdeparis.com\/fr\/#website","url":"https:\/\/www.secretdeparis.com\/fr\/","name":"Secret de Paris Hotel &amp; Spa - Hotel Spa Paris 75009","description":"Hotel Spa Paris","publisher":{"@id":"https:\/\/www.secretdeparis.com\/fr\/#organization"},"potentialAction":[{"@type":"SearchAction","target":{"@type":"EntryPoint","urlTemplate":"https:\/\/www.secretdeparis.com\/fr\/?s={search_term_string}"},"query-input":{"@type":"PropertyValueSpecification","valueRequired":true,"valueName":"search_term_string"}}],"inLanguage":"pt-PT"},{"@type":"Organization","@id":"https:\/\/www.secretdeparis.com\/fr\/#organization","name":"Secret de Paris Hotel &amp; Spa - Hotel Spa Paris 75009","url":"https:\/\/www.secretdeparis.com\/fr\/","logo":{"@type":"ImageObject","inLanguage":"pt-PT","@id":"https:\/\/www.secretdeparis.com\/fr\/#\/schema\/logo\/image\/","url":"https:\/\/www.secretdeparis.com\/wp-content\/uploads\/2023\/02\/cropped-logo_footer.jpg","contentUrl":"https:\/\/www.secretdeparis.com\/wp-content\/uploads\/2023\/02\/cropped-logo_footer.jpg","width":512,"height":512,"caption":"Secret de Paris Hotel &amp; Spa - Hotel Spa Paris 75009"},"image":{"@id":"https:\/\/www.secretdeparis.com\/fr\/#\/schema\/logo\/image\/"},"sameAs":["https:\/\/www.facebook.com\/HotelSecretdeParis\/","https:\/\/www.secretdeparis.com\/hotel-secret-de-paris-paris-photos\/instagram\/"]}]}},"_links":{"self":[{"href":"https:\/\/www.secretdeparis.com\/pt-pt\/wp-json\/wp\/v2\/pages\/4891","targetHints":{"allow":["GET"]}}],"collection":[{"href":"https:\/\/www.secretdeparis.com\/pt-pt\/wp-json\/wp\/v2\/pages"}],"about":[{"href":"https:\/\/www.secretdeparis.com\/pt-pt\/wp-json\/wp\/v2\/types\/page"}],"author":[{"embeddable":true,"href":"https:\/\/www.secretdeparis.com\/pt-pt\/wp-json\/wp\/v2\/users\/3"}],"replies":[{"embeddable":true,"href":"https:\/\/www.secretdeparis.com\/pt-pt\/wp-json\/wp\/v2\/comments?post=4891"}],"version-history":[{"count":4,"href":"https:\/\/www.secretdeparis.com\/pt-pt\/wp-json\/wp\/v2\/pages\/4891\/revisions"}],"predecessor-version":[{"id":4895,"href":"https:\/\/www.secretdeparis.com\/pt-pt\/wp-json\/wp\/v2\/pages\/4891\/revisions\/4895"}],"wp:attachment":[{"href":"https:\/\/www.secretdeparis.com\/pt-pt\/wp-json\/wp\/v2\/media?parent=4891"}],"curies":[{"name":"wp","href":"https:\/\/api.w.org\/{rel}","templated":true}]}}