{"id":4952,"date":"2023-03-01T15:44:24","date_gmt":"2023-03-01T14:44:24","guid":{"rendered":"https:\/\/www.secretdeparis.com\/?page_id=4952"},"modified":"2024-03-27T19:06:02","modified_gmt":"2024-03-27T18:06:02","slug":"trocadero","status":"publish","type":"page","link":"https:\/\/www.secretdeparis.com\/pt-pt\/trocadero\/","title":{"rendered":"Trocad\u00e9ro"},"content":{"rendered":"\t\t<div data-elementor-type=\"wp-page\" data-elementor-id=\"4952\" class=\"elementor elementor-4952 elementor-884\" data-elementor-post-type=\"page\">\n\t\t\t\t\t\t<section class=\"elementor-section elementor-top-section elementor-element elementor-element-bb07d2b elementor-section-boxed elementor-section-height-default elementor-section-height-default\" data-id=\"bb07d2b\" data-element_type=\"section\">\n\t\t\t\t\t\t<div class=\"elementor-container elementor-column-gap-default\">\n\t\t\t\t\t<div class=\"elementor-column elementor-col-100 elementor-top-column elementor-element elementor-element-24b75ca\" data-id=\"24b75ca\" data-element_type=\"column\">\n\t\t\t<div class=\"elementor-widget-wrap elementor-element-populated\">\n\t\t\t\t\t\t<div class=\"elementor-element elementor-element-2609fb7 elementor-widget elementor-widget-heading\" data-id=\"2609fb7\" data-element_type=\"widget\" data-widget_type=\"heading.default\">\n\t\t\t\t<div class=\"elementor-widget-container\">\n\t\t\t\t\t<h1 class=\"elementor-heading-title elementor-size-default\">SOBRE O TROCADERO<\/h1>\t\t\t\t<\/div>\n\t\t\t\t<\/div>\n\t\t\t\t\t<\/div>\n\t\t<\/div>\n\t\t\t\t\t<\/div>\n\t\t<\/section>\n\t\t\t\t<section class=\"elementor-section elementor-top-section elementor-element elementor-element-b98c3aa elementor-section-height-min-height elementor-section-boxed elementor-section-height-default elementor-section-items-middle\" data-id=\"b98c3aa\" data-element_type=\"section\">\n\t\t\t\t\t\t<div class=\"elementor-container elementor-column-gap-default\">\n\t\t\t\t\t<div class=\"elementor-column elementor-col-100 elementor-top-column elementor-element elementor-element-d369ed4\" data-id=\"d369ed4\" data-element_type=\"column\">\n\t\t\t<div class=\"elementor-widget-wrap elementor-element-populated\">\n\t\t\t\t\t\t<div class=\"elementor-element elementor-element-8638edd elementor-cta--layout-image-left elementor-cta--mobile-layout-image-above elementor-cta--skin-classic elementor-animated-content elementor-bg-transform elementor-bg-transform-zoom-in elementor-widget elementor-widget-call-to-action\" data-id=\"8638edd\" data-element_type=\"widget\" data-widget_type=\"call-to-action.default\">\n\t\t\t\t<div class=\"elementor-widget-container\">\n\t\t\t\t\t\t\t<div class=\"elementor-cta\">\n\t\t\t\t\t<div class=\"elementor-cta__bg-wrapper\">\n\t\t\t\t<div class=\"elementor-cta__bg elementor-bg\" style=\"background-image: url(https:\/\/www.secretdeparis.com\/wp-content\/uploads\/2023\/03\/trocadero-770x1024.jpg);\" role=\"img\" aria-label=\"Statue devant le Trocad\u00e9ro \u00e0 Paris\"><\/div>\n\t\t\t\t<div class=\"elementor-cta__bg-overlay\"><\/div>\n\t\t\t<\/div>\n\t\t\t\t\t\t\t<div class=\"elementor-cta__content\">\n\t\t\t\t\n\t\t\t\t\t\t\t\t\t<h2 class=\"elementor-cta__title elementor-cta__content-item elementor-content-item\">\n\t\t\t\t\t\tTROCAD\u00c9RO\t\t\t\t\t<\/h2>\n\t\t\t\t\n\t\t\t\t\t\t\t\t\t<div class=\"elementor-cta__description elementor-cta__content-item elementor-content-item\">\n\t\t\t\t\t\t<p style=\"text-align:justify\">O arquiteto Jacques Carlu e os seus colegas L\u00e9on Az\u00e9ma e Hippolyte Boileau enfrentaram um enorme desafio arquitet\u00f3nico: tinham de conceber um magn\u00edfico pal\u00e1cio para a Exposi\u00e7\u00e3o Universal de 1937, em frente \u00e0 impressionante Torre Eiffel.<br>\n\nConstru\u00eddo sobre as pegadas do antigo Pal\u00e1cio do Trocadero, este grande monumento arquitet\u00f3nico dos anos 30 \u00e9 composto por dois pavilh\u00f5es e duas alas curvas que rodeiam um vazio central: a Esplanada dos Direitos do Homem, nome da Declara\u00e7\u00e3o dos Direitos do Homem assinada no Pal\u00e1cio em 1948 pela Assembleia Geral das Na\u00e7\u00f5es Unidas.<br>\n\nA fachada do Palais de Chaillot \u00e9 pontuada por pilastras e janelas altas.<br>\n\n<\/p><div style=\"text-align: justify\">Quarenta escultores, vinte pintores e um ferreiro est\u00e3o envolvidos na decora\u00e7\u00e3o do complexo, e os textos de Paul Val\u00e9ry est\u00e3o gravados em letras douradas nas fachadas.<span style=\"color: var( --e-global-color-primary )\"><\/span><\/div>\t\t\t\t\t<\/div>\n\t\t\t\t\n\t\t\t\t\t\t\t<\/div>\n\t\t\t\t\t\t<\/div>\n\t\t\t\t\t\t<\/div>\n\t\t\t\t<\/div>\n\t\t\t\t\t<\/div>\n\t\t<\/div>\n\t\t\t\t\t<\/div>\n\t\t<\/section>\n\t\t\t\t<\/div>\n\t\t","protected":false},"excerpt":{"rendered":"<p>SOBRE O TROCADERO TROCAD\u00c9RO O arquiteto Jacques Carlu e os seus colegas L\u00e9on Az\u00e9ma e Hippolyte Boileau enfrentaram um enorme desafio arquitet\u00f3nico: tinham de conceber um magn\u00edfico pal\u00e1cio para a Exposi\u00e7\u00e3o Universal de 1937, em frente \u00e0 impressionante Torre Eiffel. Constru\u00eddo sobre as pegadas do antigo Pal\u00e1cio do Trocadero, este grande monumento arquitet\u00f3nico dos anos [&hellip;]<\/p>\n","protected":false},"author":3,"featured_media":0,"parent":0,"menu_order":0,"comment_status":"closed","ping_status":"closed","template":"","meta":{"footnotes":""},"class_list":["post-4952","page","type-page","status-publish","hentry"],"yoast_head":"<!-- This site is optimized with the Yoast SEO plugin v27.4 - https:\/\/yoast.com\/product\/yoast-seo-wordpress\/ -->\n<title>Trocad\u00e9ro - Secret de Paris Hotel &amp; Spa - Hotel Spa Paris 75009<\/title>\n<meta name=\"robots\" content=\"index, follow, max-snippet:-1, max-image-preview:large, max-video-preview:-1\" \/>\n<link rel=\"canonical\" href=\"https:\/\/www.secretdeparis.com\/pt-pt\/trocadero\/\" \/>\n<meta property=\"og:locale\" content=\"pt_PT\" \/>\n<meta property=\"og:type\" content=\"article\" \/>\n<meta property=\"og:title\" content=\"Trocad\u00e9ro - Secret de Paris Hotel &amp; Spa - Hotel Spa Paris 75009\" \/>\n<meta property=\"og:description\" content=\"SOBRE O TROCADERO TROCAD\u00c9RO O arquiteto Jacques Carlu e os seus colegas L\u00e9on Az\u00e9ma e Hippolyte Boileau enfrentaram um enorme desafio arquitet\u00f3nico: tinham de conceber um magn\u00edfico pal\u00e1cio para a Exposi\u00e7\u00e3o Universal de 1937, em frente \u00e0 impressionante Torre Eiffel. Constru\u00eddo sobre as pegadas do antigo Pal\u00e1cio do Trocadero, este grande monumento arquitet\u00f3nico dos anos [&hellip;]\" \/>\n<meta property=\"og:url\" content=\"https:\/\/www.secretdeparis.com\/pt-pt\/trocadero\/\" \/>\n<meta property=\"og:site_name\" content=\"Secret de Paris Hotel &amp; Spa - Hotel Spa Paris 75009\" \/>\n<meta property=\"article:publisher\" content=\"https:\/\/www.facebook.com\/HotelSecretdeParis\/\" \/>\n<meta property=\"article:modified_time\" content=\"2024-03-27T18:06:02+00:00\" \/>\n<meta name=\"twitter:card\" content=\"summary_large_image\" \/>\n<meta name=\"twitter:label1\" content=\"Tempo estimado de leitura\" \/>\n\t<meta name=\"twitter:data1\" content=\"1 minuto\" \/>\n<script type=\"application\/ld+json\" class=\"yoast-schema-graph\">{\"@context\":\"https:\\\/\\\/schema.org\",\"@graph\":[{\"@type\":\"WebPage\",\"@id\":\"https:\\\/\\\/www.secretdeparis.com\\\/pt-pt\\\/trocadero\\\/\",\"url\":\"https:\\\/\\\/www.secretdeparis.com\\\/pt-pt\\\/trocadero\\\/\",\"name\":\"Trocad\u00e9ro - Secret de Paris Hotel &amp; Spa - Hotel Spa Paris 75009\",\"isPartOf\":{\"@id\":\"https:\\\/\\\/www.secretdeparis.com\\\/fr\\\/#website\"},\"datePublished\":\"2023-03-01T14:44:24+00:00\",\"dateModified\":\"2024-03-27T18:06:02+00:00\",\"breadcrumb\":{\"@id\":\"https:\\\/\\\/www.secretdeparis.com\\\/pt-pt\\\/trocadero\\\/#breadcrumb\"},\"inLanguage\":\"pt-PT\",\"potentialAction\":[{\"@type\":\"ReadAction\",\"target\":[\"https:\\\/\\\/www.secretdeparis.com\\\/pt-pt\\\/trocadero\\\/\"]}]},{\"@type\":\"BreadcrumbList\",\"@id\":\"https:\\\/\\\/www.secretdeparis.com\\\/pt-pt\\\/trocadero\\\/#breadcrumb\",\"itemListElement\":[{\"@type\":\"ListItem\",\"position\":1,\"name\":\"Accueil\",\"item\":\"https:\\\/\\\/www.secretdeparis.com\\\/es\\\/\"},{\"@type\":\"ListItem\",\"position\":2,\"name\":\"Trocad\u00e9ro\"}]},{\"@type\":\"WebSite\",\"@id\":\"https:\\\/\\\/www.secretdeparis.com\\\/fr\\\/#website\",\"url\":\"https:\\\/\\\/www.secretdeparis.com\\\/fr\\\/\",\"name\":\"Secret de Paris Hotel &amp; Spa - Hotel Spa Paris 75009\",\"description\":\"Hotel Spa Paris\",\"publisher\":{\"@id\":\"https:\\\/\\\/www.secretdeparis.com\\\/fr\\\/#organization\"},\"potentialAction\":[{\"@type\":\"SearchAction\",\"target\":{\"@type\":\"EntryPoint\",\"urlTemplate\":\"https:\\\/\\\/www.secretdeparis.com\\\/fr\\\/?s={search_term_string}\"},\"query-input\":{\"@type\":\"PropertyValueSpecification\",\"valueRequired\":true,\"valueName\":\"search_term_string\"}}],\"inLanguage\":\"pt-PT\"},{\"@type\":\"Organization\",\"@id\":\"https:\\\/\\\/www.secretdeparis.com\\\/fr\\\/#organization\",\"name\":\"Secret de Paris Hotel &amp; Spa - Hotel Spa Paris 75009\",\"url\":\"https:\\\/\\\/www.secretdeparis.com\\\/fr\\\/\",\"logo\":{\"@type\":\"ImageObject\",\"inLanguage\":\"pt-PT\",\"@id\":\"https:\\\/\\\/www.secretdeparis.com\\\/fr\\\/#\\\/schema\\\/logo\\\/image\\\/\",\"url\":\"https:\\\/\\\/www.secretdeparis.com\\\/wp-content\\\/uploads\\\/2023\\\/02\\\/cropped-logo_footer.jpg\",\"contentUrl\":\"https:\\\/\\\/www.secretdeparis.com\\\/wp-content\\\/uploads\\\/2023\\\/02\\\/cropped-logo_footer.jpg\",\"width\":512,\"height\":512,\"caption\":\"Secret de Paris Hotel &amp; Spa - Hotel Spa Paris 75009\"},\"image\":{\"@id\":\"https:\\\/\\\/www.secretdeparis.com\\\/fr\\\/#\\\/schema\\\/logo\\\/image\\\/\"},\"sameAs\":[\"https:\\\/\\\/www.facebook.com\\\/HotelSecretdeParis\\\/\",\"https:\\\/\\\/www.secretdeparis.com\\\/hotel-secret-de-paris-paris-photos\\\/instagram\\\/\"]}]}<\/script>\n<!-- \/ Yoast SEO plugin. -->","yoast_head_json":{"title":"Trocad\u00e9ro - Secret de Paris Hotel &amp; Spa - Hotel Spa Paris 75009","robots":{"index":"index","follow":"follow","max-snippet":"max-snippet:-1","max-image-preview":"max-image-preview:large","max-video-preview":"max-video-preview:-1"},"canonical":"https:\/\/www.secretdeparis.com\/pt-pt\/trocadero\/","og_locale":"pt_PT","og_type":"article","og_title":"Trocad\u00e9ro - Secret de Paris Hotel &amp; Spa - Hotel Spa Paris 75009","og_description":"SOBRE O TROCADERO TROCAD\u00c9RO O arquiteto Jacques Carlu e os seus colegas L\u00e9on Az\u00e9ma e Hippolyte Boileau enfrentaram um enorme desafio arquitet\u00f3nico: tinham de conceber um magn\u00edfico pal\u00e1cio para a Exposi\u00e7\u00e3o Universal de 1937, em frente \u00e0 impressionante Torre Eiffel. Constru\u00eddo sobre as pegadas do antigo Pal\u00e1cio do Trocadero, este grande monumento arquitet\u00f3nico dos anos [&hellip;]","og_url":"https:\/\/www.secretdeparis.com\/pt-pt\/trocadero\/","og_site_name":"Secret de Paris Hotel &amp; Spa - Hotel Spa Paris 75009","article_publisher":"https:\/\/www.facebook.com\/HotelSecretdeParis\/","article_modified_time":"2024-03-27T18:06:02+00:00","twitter_card":"summary_large_image","twitter_misc":{"Tempo estimado de leitura":"1 minuto"},"schema":{"@context":"https:\/\/schema.org","@graph":[{"@type":"WebPage","@id":"https:\/\/www.secretdeparis.com\/pt-pt\/trocadero\/","url":"https:\/\/www.secretdeparis.com\/pt-pt\/trocadero\/","name":"Trocad\u00e9ro - Secret de Paris Hotel &amp; Spa - Hotel Spa Paris 75009","isPartOf":{"@id":"https:\/\/www.secretdeparis.com\/fr\/#website"},"datePublished":"2023-03-01T14:44:24+00:00","dateModified":"2024-03-27T18:06:02+00:00","breadcrumb":{"@id":"https:\/\/www.secretdeparis.com\/pt-pt\/trocadero\/#breadcrumb"},"inLanguage":"pt-PT","potentialAction":[{"@type":"ReadAction","target":["https:\/\/www.secretdeparis.com\/pt-pt\/trocadero\/"]}]},{"@type":"BreadcrumbList","@id":"https:\/\/www.secretdeparis.com\/pt-pt\/trocadero\/#breadcrumb","itemListElement":[{"@type":"ListItem","position":1,"name":"Accueil","item":"https:\/\/www.secretdeparis.com\/es\/"},{"@type":"ListItem","position":2,"name":"Trocad\u00e9ro"}]},{"@type":"WebSite","@id":"https:\/\/www.secretdeparis.com\/fr\/#website","url":"https:\/\/www.secretdeparis.com\/fr\/","name":"Secret de Paris Hotel &amp; Spa - Hotel Spa Paris 75009","description":"Hotel Spa Paris","publisher":{"@id":"https:\/\/www.secretdeparis.com\/fr\/#organization"},"potentialAction":[{"@type":"SearchAction","target":{"@type":"EntryPoint","urlTemplate":"https:\/\/www.secretdeparis.com\/fr\/?s={search_term_string}"},"query-input":{"@type":"PropertyValueSpecification","valueRequired":true,"valueName":"search_term_string"}}],"inLanguage":"pt-PT"},{"@type":"Organization","@id":"https:\/\/www.secretdeparis.com\/fr\/#organization","name":"Secret de Paris Hotel &amp; Spa - Hotel Spa Paris 75009","url":"https:\/\/www.secretdeparis.com\/fr\/","logo":{"@type":"ImageObject","inLanguage":"pt-PT","@id":"https:\/\/www.secretdeparis.com\/fr\/#\/schema\/logo\/image\/","url":"https:\/\/www.secretdeparis.com\/wp-content\/uploads\/2023\/02\/cropped-logo_footer.jpg","contentUrl":"https:\/\/www.secretdeparis.com\/wp-content\/uploads\/2023\/02\/cropped-logo_footer.jpg","width":512,"height":512,"caption":"Secret de Paris Hotel &amp; Spa - Hotel Spa Paris 75009"},"image":{"@id":"https:\/\/www.secretdeparis.com\/fr\/#\/schema\/logo\/image\/"},"sameAs":["https:\/\/www.facebook.com\/HotelSecretdeParis\/","https:\/\/www.secretdeparis.com\/hotel-secret-de-paris-paris-photos\/instagram\/"]}]}},"_links":{"self":[{"href":"https:\/\/www.secretdeparis.com\/pt-pt\/wp-json\/wp\/v2\/pages\/4952","targetHints":{"allow":["GET"]}}],"collection":[{"href":"https:\/\/www.secretdeparis.com\/pt-pt\/wp-json\/wp\/v2\/pages"}],"about":[{"href":"https:\/\/www.secretdeparis.com\/pt-pt\/wp-json\/wp\/v2\/types\/page"}],"author":[{"embeddable":true,"href":"https:\/\/www.secretdeparis.com\/pt-pt\/wp-json\/wp\/v2\/users\/3"}],"replies":[{"embeddable":true,"href":"https:\/\/www.secretdeparis.com\/pt-pt\/wp-json\/wp\/v2\/comments?post=4952"}],"version-history":[{"count":4,"href":"https:\/\/www.secretdeparis.com\/pt-pt\/wp-json\/wp\/v2\/pages\/4952\/revisions"}],"predecessor-version":[{"id":4956,"href":"https:\/\/www.secretdeparis.com\/pt-pt\/wp-json\/wp\/v2\/pages\/4952\/revisions\/4956"}],"wp:attachment":[{"href":"https:\/\/www.secretdeparis.com\/pt-pt\/wp-json\/wp\/v2\/media?parent=4952"}],"curies":[{"name":"wp","href":"https:\/\/api.w.org\/{rel}","templated":true}]}}