{"id":4957,"date":"2023-03-01T16:04:26","date_gmt":"2023-03-01T15:04:26","guid":{"rendered":"https:\/\/www.secretdeparis.com\/?page_id=4957"},"modified":"2025-01-21T15:30:27","modified_gmt":"2025-01-21T14:30:27","slug":"videos","status":"publish","type":"page","link":"https:\/\/www.secretdeparis.com\/pt-pt\/videos\/","title":{"rendered":"V\u00eddeos"},"content":{"rendered":"\t\t<div data-elementor-type=\"wp-page\" data-elementor-id=\"4957\" class=\"elementor elementor-4957 elementor-921\" data-elementor-post-type=\"page\">\n\t\t\t\t\t\t<section class=\"elementor-section elementor-top-section elementor-element elementor-element-f872a82 elementor-section-full_width elementor-section-height-min-height elementor-section-height-default elementor-section-items-middle\" data-id=\"f872a82\" data-element_type=\"section\" data-settings=\"{&quot;background_background&quot;:&quot;classic&quot;}\">\n\t\t\t\t\t\t<div class=\"elementor-container elementor-column-gap-default\">\n\t\t\t\t\t<div class=\"elementor-column elementor-col-100 elementor-top-column elementor-element elementor-element-d0c3531\" data-id=\"d0c3531\" data-element_type=\"column\">\n\t\t\t<div class=\"elementor-widget-wrap elementor-element-populated\">\n\t\t\t\t\t\t<div class=\"elementor-element elementor-element-e1ca5d9 elementor-widget elementor-widget-heading\" data-id=\"e1ca5d9\" data-element_type=\"widget\" data-widget_type=\"heading.default\">\n\t\t\t\t<div class=\"elementor-widget-container\">\n\t\t\t\t\t<h1 class=\"elementor-heading-title elementor-size-default\">o segredo de paris em v\u00eddeosle secret de paris en vid\u00e9os<\/h1>\t\t\t\t<\/div>\n\t\t\t\t<\/div>\n\t\t\t\t\t<\/div>\n\t\t<\/div>\n\t\t\t\t\t<\/div>\n\t\t<\/section>\n\t\t\t\t<section class=\"elementor-section elementor-top-section elementor-element elementor-element-d6038a0 elementor-section-boxed elementor-section-height-default elementor-section-height-default\" data-id=\"d6038a0\" data-element_type=\"section\">\n\t\t\t\t\t\t<div class=\"elementor-container elementor-column-gap-default\">\n\t\t\t\t\t<div class=\"elementor-column elementor-col-33 elementor-top-column elementor-element elementor-element-306a94a\" data-id=\"306a94a\" data-element_type=\"column\">\n\t\t\t<div class=\"elementor-widget-wrap elementor-element-populated\">\n\t\t\t\t\t\t<div class=\"elementor-element elementor-element-55e5063 elementor-widget elementor-widget-heading\" data-id=\"55e5063\" data-element_type=\"widget\" data-widget_type=\"heading.default\">\n\t\t\t\t<div class=\"elementor-widget-container\">\n\t\t\t\t\t<h2 class=\"elementor-heading-title elementor-size-default\">Vid\u00e9o secret de paris hotel &amp; spa<\/h2>\t\t\t\t<\/div>\n\t\t\t\t<\/div>\n\t\t\t\t<div class=\"elementor-element elementor-element-57c3954 elementor-widget elementor-widget-video\" data-id=\"57c3954\" data-element_type=\"widget\" data-settings=\"{&quot;youtube_url&quot;:&quot;https:\\\/\\\/youtu.be\\\/UlrOKbnXn98?si=hpGt6TTpXMJRb04r&quot;,&quot;video_type&quot;:&quot;youtube&quot;,&quot;controls&quot;:&quot;yes&quot;}\" data-widget_type=\"video.default\">\n\t\t\t\t<div class=\"elementor-widget-container\">\n\t\t\t\t\t\t\t<div class=\"elementor-wrapper elementor-open-inline\">\n\t\t\t<div class=\"elementor-video\"><\/div>\t\t<\/div>\n\t\t\t\t\t\t<\/div>\n\t\t\t\t<\/div>\n\t\t\t\t\t<\/div>\n\t\t<\/div>\n\t\t\t\t<div class=\"elementor-column elementor-col-33 elementor-top-column elementor-element elementor-element-255d261\" data-id=\"255d261\" data-element_type=\"column\">\n\t\t\t<div class=\"elementor-widget-wrap elementor-element-populated\">\n\t\t\t\t\t\t<div class=\"elementor-element elementor-element-64ab988 elementor-widget elementor-widget-heading\" data-id=\"64ab988\" data-element_type=\"widget\" data-widget_type=\"heading.default\">\n\t\t\t\t<div class=\"elementor-widget-container\">\n\t\t\t\t\t<h2 class=\"elementor-heading-title elementor-size-default\">V\u00eddeo secreto do hotel e spa de Paris<\/h2>\t\t\t\t<\/div>\n\t\t\t\t<\/div>\n\t\t\t\t<div class=\"elementor-element elementor-element-3c8d513 elementor-widget elementor-widget-video\" data-id=\"3c8d513\" data-element_type=\"widget\" data-settings=\"{&quot;youtube_url&quot;:&quot;https:\\\/\\\/youtu.be\\\/D_BZsIn5nzM?si=AuuMEXEobPHr49Mv&quot;,&quot;video_type&quot;:&quot;youtube&quot;,&quot;controls&quot;:&quot;yes&quot;}\" data-widget_type=\"video.default\">\n\t\t\t\t<div class=\"elementor-widget-container\">\n\t\t\t\t\t\t\t<div class=\"elementor-wrapper elementor-open-inline\">\n\t\t\t<div class=\"elementor-video\"><\/div>\t\t<\/div>\n\t\t\t\t\t\t<\/div>\n\t\t\t\t<\/div>\n\t\t\t\t\t<\/div>\n\t\t<\/div>\n\t\t\t\t<div class=\"elementor-column elementor-col-33 elementor-top-column elementor-element elementor-element-1b33233\" data-id=\"1b33233\" data-element_type=\"column\">\n\t\t\t<div class=\"elementor-widget-wrap elementor-element-populated\">\n\t\t\t\t\t\t<div class=\"elementor-element elementor-element-77a501f elementor-widget elementor-widget-heading\" data-id=\"77a501f\" data-element_type=\"widget\" data-widget_type=\"heading.default\">\n\t\t\t\t<div class=\"elementor-widget-container\">\n\t\t\t\t\t<h2 class=\"elementor-heading-title elementor-size-default\">V\u00eddeo secreto do hotel e spa de Paris<\/h2>\t\t\t\t<\/div>\n\t\t\t\t<\/div>\n\t\t\t\t<div class=\"elementor-element elementor-element-bb6cb17 elementor-widget elementor-widget-video\" data-id=\"bb6cb17\" data-element_type=\"widget\" data-settings=\"{&quot;youtube_url&quot;:&quot;https:\\\/\\\/youtu.be\\\/lmcxR7qcOCM?si=BsujxNOzEnKXJu_p&quot;,&quot;video_type&quot;:&quot;youtube&quot;,&quot;controls&quot;:&quot;yes&quot;}\" data-widget_type=\"video.default\">\n\t\t\t\t<div class=\"elementor-widget-container\">\n\t\t\t\t\t\t\t<div class=\"elementor-wrapper elementor-open-inline\">\n\t\t\t<div class=\"elementor-video\"><\/div>\t\t<\/div>\n\t\t\t\t\t\t<\/div>\n\t\t\t\t<\/div>\n\t\t\t\t\t<\/div>\n\t\t<\/div>\n\t\t\t\t\t<\/div>\n\t\t<\/section>\n\t\t\t\t<section class=\"elementor-section elementor-top-section elementor-element elementor-element-ba6fc55 elementor-section-boxed elementor-section-height-default elementor-section-height-default\" data-id=\"ba6fc55\" data-element_type=\"section\">\n\t\t\t\t\t\t<div class=\"elementor-container elementor-column-gap-default\">\n\t\t\t\t\t<div class=\"elementor-column elementor-col-33 elementor-top-column elementor-element elementor-element-a3a37a8\" data-id=\"a3a37a8\" data-element_type=\"column\">\n\t\t\t<div class=\"elementor-widget-wrap elementor-element-populated\">\n\t\t\t\t\t\t<div class=\"elementor-element elementor-element-150987c elementor-widget elementor-widget-heading\" data-id=\"150987c\" data-element_type=\"widget\" data-widget_type=\"heading.default\">\n\t\t\t\t<div class=\"elementor-widget-container\">\n\t\t\t\t\t<h2 class=\"elementor-heading-title elementor-size-default\">V\u00eddeo secreto do hotel e spa de Paris<\/h2>\t\t\t\t<\/div>\n\t\t\t\t<\/div>\n\t\t\t\t<div class=\"elementor-element elementor-element-2f7e1c4 elementor-widget elementor-widget-video\" data-id=\"2f7e1c4\" data-element_type=\"widget\" data-settings=\"{&quot;youtube_url&quot;:&quot;https:\\\/\\\/www.youtube.com\\\/embed\\\/e68o2_64Vy8&quot;,&quot;video_type&quot;:&quot;youtube&quot;,&quot;controls&quot;:&quot;yes&quot;}\" data-widget_type=\"video.default\">\n\t\t\t\t<div class=\"elementor-widget-container\">\n\t\t\t\t\t\t\t<div class=\"elementor-wrapper elementor-open-inline\">\n\t\t\t<div class=\"elementor-video\"><\/div>\t\t<\/div>\n\t\t\t\t\t\t<\/div>\n\t\t\t\t<\/div>\n\t\t\t\t\t<\/div>\n\t\t<\/div>\n\t\t\t\t<div class=\"elementor-column elementor-col-33 elementor-top-column elementor-element elementor-element-3a26708\" data-id=\"3a26708\" data-element_type=\"column\">\n\t\t\t<div class=\"elementor-widget-wrap elementor-element-populated\">\n\t\t\t\t\t\t<div class=\"elementor-element elementor-element-692dc43 elementor-widget elementor-widget-heading\" data-id=\"692dc43\" data-element_type=\"widget\" data-widget_type=\"heading.default\">\n\t\t\t\t<div class=\"elementor-widget-container\">\n\t\t\t\t\t<h2 class=\"elementor-heading-title elementor-size-default\">Secret de Paris - Hotel &amp; Spa <\/h2>\t\t\t\t<\/div>\n\t\t\t\t<\/div>\n\t\t\t\t<div class=\"elementor-element elementor-element-6cca4ea elementor-widget elementor-widget-video\" data-id=\"6cca4ea\" data-element_type=\"widget\" data-settings=\"{&quot;youtube_url&quot;:&quot;https:\\\/\\\/youtu.be\\\/Zo6zC4bCSxA?si=MVnI-6pJ10NeImc0&quot;,&quot;video_type&quot;:&quot;youtube&quot;,&quot;controls&quot;:&quot;yes&quot;}\" data-widget_type=\"video.default\">\n\t\t\t\t<div class=\"elementor-widget-container\">\n\t\t\t\t\t\t\t<div class=\"elementor-wrapper elementor-open-inline\">\n\t\t\t<div class=\"elementor-video\"><\/div>\t\t<\/div>\n\t\t\t\t\t\t<\/div>\n\t\t\t\t<\/div>\n\t\t\t\t\t<\/div>\n\t\t<\/div>\n\t\t\t\t<div class=\"elementor-column elementor-col-33 elementor-top-column elementor-element elementor-element-333a1f3\" data-id=\"333a1f3\" data-element_type=\"column\">\n\t\t\t<div class=\"elementor-widget-wrap elementor-element-populated\">\n\t\t\t\t\t\t<div class=\"elementor-element elementor-element-ad5ad5a elementor-widget elementor-widget-heading\" data-id=\"ad5ad5a\" data-element_type=\"widget\" data-widget_type=\"heading.default\">\n\t\t\t\t<div class=\"elementor-widget-container\">\n\t\t\t\t\t<h2 class=\"elementor-heading-title elementor-size-default\">Spa - Secret de Paris - Hotel &amp; Spa<\/h2>\t\t\t\t<\/div>\n\t\t\t\t<\/div>\n\t\t\t\t<div class=\"elementor-element elementor-element-11998dd elementor-widget elementor-widget-video\" data-id=\"11998dd\" data-element_type=\"widget\" data-settings=\"{&quot;youtube_url&quot;:&quot;https:\\\/\\\/youtu.be\\\/1trOdT8hfng?si=T-NxwN6-FJtrjfix&quot;,&quot;video_type&quot;:&quot;youtube&quot;,&quot;controls&quot;:&quot;yes&quot;}\" data-widget_type=\"video.default\">\n\t\t\t\t<div class=\"elementor-widget-container\">\n\t\t\t\t\t\t\t<div class=\"elementor-wrapper elementor-open-inline\">\n\t\t\t<div class=\"elementor-video\"><\/div>\t\t<\/div>\n\t\t\t\t\t\t<\/div>\n\t\t\t\t<\/div>\n\t\t\t\t\t<\/div>\n\t\t<\/div>\n\t\t\t\t\t<\/div>\n\t\t<\/section>\n\t\t\t\t<section class=\"elementor-section elementor-top-section elementor-element elementor-element-d3936f8 elementor-section-boxed elementor-section-height-default elementor-section-height-default\" data-id=\"d3936f8\" data-element_type=\"section\">\n\t\t\t\t\t\t<div class=\"elementor-container elementor-column-gap-default\">\n\t\t\t\t\t<div class=\"elementor-column elementor-col-33 elementor-top-column elementor-element elementor-element-8ebcfe2\" data-id=\"8ebcfe2\" data-element_type=\"column\">\n\t\t\t<div class=\"elementor-widget-wrap elementor-element-populated\">\n\t\t\t\t\t\t<div class=\"elementor-element elementor-element-fbfcc60 elementor-widget elementor-widget-heading\" data-id=\"fbfcc60\" data-element_type=\"widget\" data-widget_type=\"heading.default\">\n\t\t\t\t<div class=\"elementor-widget-container\">\n\t\t\t\t\t<h2 class=\"elementor-heading-title elementor-size-default\">Quarto trocad\u00e9ro<\/h2>\t\t\t\t<\/div>\n\t\t\t\t<\/div>\n\t\t\t\t<div class=\"elementor-element elementor-element-8109045 elementor-widget elementor-widget-video\" data-id=\"8109045\" data-element_type=\"widget\" data-settings=\"{&quot;youtube_url&quot;:&quot;https:\\\/\\\/www.youtube.com\\\/embed\\\/kZsgxkvmG18&quot;,&quot;video_type&quot;:&quot;youtube&quot;,&quot;controls&quot;:&quot;yes&quot;}\" data-widget_type=\"video.default\">\n\t\t\t\t<div class=\"elementor-widget-container\">\n\t\t\t\t\t\t\t<div class=\"elementor-wrapper elementor-open-inline\">\n\t\t\t<div class=\"elementor-video\"><\/div>\t\t<\/div>\n\t\t\t\t\t\t<\/div>\n\t\t\t\t<\/div>\n\t\t\t\t\t<\/div>\n\t\t<\/div>\n\t\t\t\t<div class=\"elementor-column elementor-col-33 elementor-top-column elementor-element elementor-element-898d7a2\" data-id=\"898d7a2\" data-element_type=\"column\">\n\t\t\t<div class=\"elementor-widget-wrap elementor-element-populated\">\n\t\t\t\t\t\t<div class=\"elementor-element elementor-element-b79ef56 elementor-widget elementor-widget-heading\" data-id=\"b79ef56\" data-element_type=\"widget\" data-widget_type=\"heading.default\">\n\t\t\t\t<div class=\"elementor-widget-container\">\n\t\t\t\t\t<h2 class=\"elementor-heading-title elementor-size-default\"> Quarto tour eiffel  <\/h2>\t\t\t\t<\/div>\n\t\t\t\t<\/div>\n\t\t\t\t<div class=\"elementor-element elementor-element-1c8193f elementor-widget elementor-widget-video\" data-id=\"1c8193f\" data-element_type=\"widget\" data-settings=\"{&quot;youtube_url&quot;:&quot;https:\\\/\\\/www.youtube.com\\\/embed\\\/dc0cdLxHFAE&quot;,&quot;video_type&quot;:&quot;youtube&quot;,&quot;controls&quot;:&quot;yes&quot;}\" data-widget_type=\"video.default\">\n\t\t\t\t<div class=\"elementor-widget-container\">\n\t\t\t\t\t\t\t<div class=\"elementor-wrapper elementor-open-inline\">\n\t\t\t<div class=\"elementor-video\"><\/div>\t\t<\/div>\n\t\t\t\t\t\t<\/div>\n\t\t\t\t<\/div>\n\t\t\t\t\t<\/div>\n\t\t<\/div>\n\t\t\t\t<div class=\"elementor-column elementor-col-33 elementor-top-column elementor-element elementor-element-3557bb3\" data-id=\"3557bb3\" data-element_type=\"column\">\n\t\t\t<div class=\"elementor-widget-wrap elementor-element-populated\">\n\t\t\t\t\t\t<div class=\"elementor-element elementor-element-17cf9c6 elementor-widget elementor-widget-heading\" data-id=\"17cf9c6\" data-element_type=\"widget\" data-widget_type=\"heading.default\">\n\t\t\t\t<div class=\"elementor-widget-container\">\n\t\t\t\t\t<h2 class=\"elementor-heading-title elementor-size-default\">Quarto mus\u00e9e d'orsay<\/h2>\t\t\t\t<\/div>\n\t\t\t\t<\/div>\n\t\t\t\t<div class=\"elementor-element elementor-element-43a5a13 elementor-widget elementor-widget-video\" data-id=\"43a5a13\" data-element_type=\"widget\" data-settings=\"{&quot;youtube_url&quot;:&quot;https:\\\/\\\/www.youtube.com\\\/embed\\\/YWgzTB3ilh0&quot;,&quot;video_type&quot;:&quot;youtube&quot;,&quot;controls&quot;:&quot;yes&quot;}\" data-widget_type=\"video.default\">\n\t\t\t\t<div class=\"elementor-widget-container\">\n\t\t\t\t\t\t\t<div class=\"elementor-wrapper elementor-open-inline\">\n\t\t\t<div class=\"elementor-video\"><\/div>\t\t<\/div>\n\t\t\t\t\t\t<\/div>\n\t\t\t\t<\/div>\n\t\t\t\t\t<\/div>\n\t\t<\/div>\n\t\t\t\t\t<\/div>\n\t\t<\/section>\n\t\t\t\t<section class=\"elementor-section elementor-top-section elementor-element elementor-element-9ce4baf elementor-section-boxed elementor-section-height-default elementor-section-height-default\" data-id=\"9ce4baf\" data-element_type=\"section\">\n\t\t\t\t\t\t<div class=\"elementor-container elementor-column-gap-default\">\n\t\t\t\t\t<div class=\"elementor-column elementor-col-33 elementor-top-column elementor-element elementor-element-5b6920b\" data-id=\"5b6920b\" data-element_type=\"column\">\n\t\t\t<div class=\"elementor-widget-wrap elementor-element-populated\">\n\t\t\t\t\t\t<div class=\"elementor-element elementor-element-3d56c5e elementor-widget elementor-widget-heading\" data-id=\"3d56c5e\" data-element_type=\"widget\" data-widget_type=\"heading.default\">\n\t\t\t\t<div class=\"elementor-widget-container\">\n\t\t\t\t\t<h2 class=\"elementor-heading-title elementor-size-default\">Quarto op\u00e9ra garnier<\/h2>\t\t\t\t<\/div>\n\t\t\t\t<\/div>\n\t\t\t\t<div class=\"elementor-element elementor-element-8af95cd elementor-widget elementor-widget-video\" data-id=\"8af95cd\" data-element_type=\"widget\" data-settings=\"{&quot;youtube_url&quot;:&quot;https:\\\/\\\/www.youtube.com\\\/embed\\\/PI-ij3Td8ho&quot;,&quot;video_type&quot;:&quot;youtube&quot;,&quot;controls&quot;:&quot;yes&quot;}\" data-widget_type=\"video.default\">\n\t\t\t\t<div class=\"elementor-widget-container\">\n\t\t\t\t\t\t\t<div class=\"elementor-wrapper elementor-open-inline\">\n\t\t\t<div class=\"elementor-video\"><\/div>\t\t<\/div>\n\t\t\t\t\t\t<\/div>\n\t\t\t\t<\/div>\n\t\t\t\t\t<\/div>\n\t\t<\/div>\n\t\t\t\t<div class=\"elementor-column elementor-col-33 elementor-top-column elementor-element elementor-element-5537b7c\" data-id=\"5537b7c\" data-element_type=\"column\">\n\t\t\t<div class=\"elementor-widget-wrap elementor-element-populated\">\n\t\t\t\t\t\t<div class=\"elementor-element elementor-element-f42085a elementor-widget elementor-widget-heading\" data-id=\"f42085a\" data-element_type=\"widget\" data-widget_type=\"heading.default\">\n\t\t\t\t<div class=\"elementor-widget-container\">\n\t\t\t\t\t<h2 class=\"elementor-heading-title elementor-size-default\">Quarto moulin rouge<\/h2>\t\t\t\t<\/div>\n\t\t\t\t<\/div>\n\t\t\t\t<div class=\"elementor-element elementor-element-019ef4b elementor-widget elementor-widget-video\" data-id=\"019ef4b\" data-element_type=\"widget\" data-settings=\"{&quot;youtube_url&quot;:&quot;https:\\\/\\\/www.youtube.com\\\/embed\\\/TySiWPRJMF8&quot;,&quot;video_type&quot;:&quot;youtube&quot;,&quot;controls&quot;:&quot;yes&quot;}\" data-widget_type=\"video.default\">\n\t\t\t\t<div class=\"elementor-widget-container\">\n\t\t\t\t\t\t\t<div class=\"elementor-wrapper elementor-open-inline\">\n\t\t\t<div class=\"elementor-video\"><\/div>\t\t<\/div>\n\t\t\t\t\t\t<\/div>\n\t\t\t\t<\/div>\n\t\t\t\t\t<\/div>\n\t\t<\/div>\n\t\t\t\t<div class=\"elementor-column elementor-col-33 elementor-top-column elementor-element elementor-element-3d2e745\" data-id=\"3d2e745\" data-element_type=\"column\">\n\t\t\t<div class=\"elementor-widget-wrap elementor-element-populated\">\n\t\t\t\t\t\t<div class=\"elementor-element elementor-element-63fa865 elementor-widget elementor-widget-heading\" data-id=\"63fa865\" data-element_type=\"widget\" data-widget_type=\"heading.default\">\n\t\t\t\t<div class=\"elementor-widget-container\">\n\t\t\t\t\t<h2 class=\"elementor-heading-title elementor-size-default\">Quarto atelier d'artiste<\/h2>\t\t\t\t<\/div>\n\t\t\t\t<\/div>\n\t\t\t\t<div class=\"elementor-element elementor-element-3680916 elementor-widget elementor-widget-video\" data-id=\"3680916\" data-element_type=\"widget\" data-settings=\"{&quot;youtube_url&quot;:&quot;https:\\\/\\\/www.youtube.com\\\/embed\\\/5byVZjY59PY&quot;,&quot;video_type&quot;:&quot;youtube&quot;,&quot;controls&quot;:&quot;yes&quot;}\" data-widget_type=\"video.default\">\n\t\t\t\t<div class=\"elementor-widget-container\">\n\t\t\t\t\t\t\t<div class=\"elementor-wrapper elementor-open-inline\">\n\t\t\t<div class=\"elementor-video\"><\/div>\t\t<\/div>\n\t\t\t\t\t\t<\/div>\n\t\t\t\t<\/div>\n\t\t\t\t\t<\/div>\n\t\t<\/div>\n\t\t\t\t\t<\/div>\n\t\t<\/section>\n\t\t\t\t<\/div>\n\t\t","protected":false},"excerpt":{"rendered":"<p>o segredo de paris em v\u00eddeosle secret de paris en vid\u00e9os Vid\u00e9o secret de paris hotel &#038; spa V\u00eddeo secreto do hotel e spa de Paris V\u00eddeo secreto do hotel e spa de Paris V\u00eddeo secreto do hotel e spa de Paris Secret de Paris &#8211; Hotel &#038; Spa Spa &#8211; Secret de Paris &#8211; [&hellip;]<\/p>\n","protected":false},"author":3,"featured_media":0,"parent":0,"menu_order":0,"comment_status":"closed","ping_status":"closed","template":"","meta":{"footnotes":""},"class_list":["post-4957","page","type-page","status-publish","hentry"],"yoast_head":"<!-- This site is optimized with the Yoast SEO plugin v27.4 - https:\/\/yoast.com\/product\/yoast-seo-wordpress\/ -->\n<title>V\u00eddeos - Secret de Paris Hotel &amp; Spa - Hotel Spa Paris 75009<\/title>\n<meta name=\"robots\" content=\"index, follow, max-snippet:-1, max-image-preview:large, max-video-preview:-1\" \/>\n<link rel=\"canonical\" href=\"https:\/\/www.secretdeparis.com\/de\/videos\/\" \/>\n<meta property=\"og:locale\" content=\"pt_PT\" \/>\n<meta property=\"og:type\" content=\"article\" \/>\n<meta property=\"og:title\" content=\"V\u00eddeos - Secret de Paris Hotel &amp; Spa - Hotel Spa Paris 75009\" \/>\n<meta property=\"og:description\" content=\"o segredo de paris em v\u00eddeosle secret de paris en vid\u00e9os Vid\u00e9o secret de paris hotel &#038; spa V\u00eddeo secreto do hotel e spa de Paris V\u00eddeo secreto do hotel e spa de Paris V\u00eddeo secreto do hotel e spa de Paris Secret de Paris &#8211; Hotel &#038; Spa Spa &#8211; Secret de Paris &#8211; [&hellip;]\" \/>\n<meta property=\"og:url\" content=\"https:\/\/www.secretdeparis.com\/de\/videos\/\" \/>\n<meta property=\"og:site_name\" content=\"Secret de Paris Hotel &amp; Spa - Hotel Spa Paris 75009\" \/>\n<meta property=\"article:publisher\" content=\"https:\/\/www.facebook.com\/HotelSecretdeParis\/\" \/>\n<meta property=\"article:modified_time\" content=\"2025-01-21T14:30:27+00:00\" \/>\n<meta name=\"twitter:card\" content=\"summary_large_image\" \/>\n<meta name=\"twitter:label1\" content=\"Tempo estimado de leitura\" \/>\n\t<meta name=\"twitter:data1\" content=\"1 minuto\" \/>\n<script type=\"application\/ld+json\" class=\"yoast-schema-graph\">{\"@context\":\"https:\\\/\\\/schema.org\",\"@graph\":[{\"@type\":\"WebPage\",\"@id\":\"https:\\\/\\\/www.secretdeparis.com\\\/de\\\/videos\\\/\",\"url\":\"https:\\\/\\\/www.secretdeparis.com\\\/de\\\/videos\\\/\",\"name\":\"V\u00eddeos - Secret de Paris Hotel &amp; Spa - Hotel Spa Paris 75009\",\"isPartOf\":{\"@id\":\"https:\\\/\\\/www.secretdeparis.com\\\/fr\\\/#website\"},\"datePublished\":\"2023-03-01T15:04:26+00:00\",\"dateModified\":\"2025-01-21T14:30:27+00:00\",\"breadcrumb\":{\"@id\":\"https:\\\/\\\/www.secretdeparis.com\\\/de\\\/videos\\\/#breadcrumb\"},\"inLanguage\":\"pt-PT\",\"potentialAction\":[{\"@type\":\"ReadAction\",\"target\":[\"https:\\\/\\\/www.secretdeparis.com\\\/de\\\/videos\\\/\"]}]},{\"@type\":\"BreadcrumbList\",\"@id\":\"https:\\\/\\\/www.secretdeparis.com\\\/de\\\/videos\\\/#breadcrumb\",\"itemListElement\":[{\"@type\":\"ListItem\",\"position\":1,\"name\":\"Accueil\",\"item\":\"https:\\\/\\\/www.secretdeparis.com\\\/es\\\/\"},{\"@type\":\"ListItem\",\"position\":2,\"name\":\"V\u00eddeos\"}]},{\"@type\":\"WebSite\",\"@id\":\"https:\\\/\\\/www.secretdeparis.com\\\/fr\\\/#website\",\"url\":\"https:\\\/\\\/www.secretdeparis.com\\\/fr\\\/\",\"name\":\"Secret de Paris Hotel &amp; Spa - Hotel Spa Paris 75009\",\"description\":\"Hotel Spa Paris\",\"publisher\":{\"@id\":\"https:\\\/\\\/www.secretdeparis.com\\\/fr\\\/#organization\"},\"potentialAction\":[{\"@type\":\"SearchAction\",\"target\":{\"@type\":\"EntryPoint\",\"urlTemplate\":\"https:\\\/\\\/www.secretdeparis.com\\\/fr\\\/?s={search_term_string}\"},\"query-input\":{\"@type\":\"PropertyValueSpecification\",\"valueRequired\":true,\"valueName\":\"search_term_string\"}}],\"inLanguage\":\"pt-PT\"},{\"@type\":\"Organization\",\"@id\":\"https:\\\/\\\/www.secretdeparis.com\\\/fr\\\/#organization\",\"name\":\"Secret de Paris Hotel &amp; Spa - Hotel Spa Paris 75009\",\"url\":\"https:\\\/\\\/www.secretdeparis.com\\\/fr\\\/\",\"logo\":{\"@type\":\"ImageObject\",\"inLanguage\":\"pt-PT\",\"@id\":\"https:\\\/\\\/www.secretdeparis.com\\\/fr\\\/#\\\/schema\\\/logo\\\/image\\\/\",\"url\":\"https:\\\/\\\/www.secretdeparis.com\\\/wp-content\\\/uploads\\\/2023\\\/02\\\/cropped-logo_footer.jpg\",\"contentUrl\":\"https:\\\/\\\/www.secretdeparis.com\\\/wp-content\\\/uploads\\\/2023\\\/02\\\/cropped-logo_footer.jpg\",\"width\":512,\"height\":512,\"caption\":\"Secret de Paris Hotel &amp; Spa - Hotel Spa Paris 75009\"},\"image\":{\"@id\":\"https:\\\/\\\/www.secretdeparis.com\\\/fr\\\/#\\\/schema\\\/logo\\\/image\\\/\"},\"sameAs\":[\"https:\\\/\\\/www.facebook.com\\\/HotelSecretdeParis\\\/\",\"https:\\\/\\\/www.secretdeparis.com\\\/hotel-secret-de-paris-paris-photos\\\/instagram\\\/\"]}]}<\/script>\n<!-- \/ Yoast SEO plugin. -->","yoast_head_json":{"title":"V\u00eddeos - Secret de Paris Hotel &amp; Spa - Hotel Spa Paris 75009","robots":{"index":"index","follow":"follow","max-snippet":"max-snippet:-1","max-image-preview":"max-image-preview:large","max-video-preview":"max-video-preview:-1"},"canonical":"https:\/\/www.secretdeparis.com\/de\/videos\/","og_locale":"pt_PT","og_type":"article","og_title":"V\u00eddeos - Secret de Paris Hotel &amp; Spa - Hotel Spa Paris 75009","og_description":"o segredo de paris em v\u00eddeosle secret de paris en vid\u00e9os Vid\u00e9o secret de paris hotel &#038; spa V\u00eddeo secreto do hotel e spa de Paris V\u00eddeo secreto do hotel e spa de Paris V\u00eddeo secreto do hotel e spa de Paris Secret de Paris &#8211; Hotel &#038; Spa Spa &#8211; Secret de Paris &#8211; [&hellip;]","og_url":"https:\/\/www.secretdeparis.com\/de\/videos\/","og_site_name":"Secret de Paris Hotel &amp; Spa - Hotel Spa Paris 75009","article_publisher":"https:\/\/www.facebook.com\/HotelSecretdeParis\/","article_modified_time":"2025-01-21T14:30:27+00:00","twitter_card":"summary_large_image","twitter_misc":{"Tempo estimado de leitura":"1 minuto"},"schema":{"@context":"https:\/\/schema.org","@graph":[{"@type":"WebPage","@id":"https:\/\/www.secretdeparis.com\/de\/videos\/","url":"https:\/\/www.secretdeparis.com\/de\/videos\/","name":"V\u00eddeos - Secret de Paris Hotel &amp; Spa - Hotel Spa Paris 75009","isPartOf":{"@id":"https:\/\/www.secretdeparis.com\/fr\/#website"},"datePublished":"2023-03-01T15:04:26+00:00","dateModified":"2025-01-21T14:30:27+00:00","breadcrumb":{"@id":"https:\/\/www.secretdeparis.com\/de\/videos\/#breadcrumb"},"inLanguage":"pt-PT","potentialAction":[{"@type":"ReadAction","target":["https:\/\/www.secretdeparis.com\/de\/videos\/"]}]},{"@type":"BreadcrumbList","@id":"https:\/\/www.secretdeparis.com\/de\/videos\/#breadcrumb","itemListElement":[{"@type":"ListItem","position":1,"name":"Accueil","item":"https:\/\/www.secretdeparis.com\/es\/"},{"@type":"ListItem","position":2,"name":"V\u00eddeos"}]},{"@type":"WebSite","@id":"https:\/\/www.secretdeparis.com\/fr\/#website","url":"https:\/\/www.secretdeparis.com\/fr\/","name":"Secret de Paris Hotel &amp; Spa - Hotel Spa Paris 75009","description":"Hotel Spa Paris","publisher":{"@id":"https:\/\/www.secretdeparis.com\/fr\/#organization"},"potentialAction":[{"@type":"SearchAction","target":{"@type":"EntryPoint","urlTemplate":"https:\/\/www.secretdeparis.com\/fr\/?s={search_term_string}"},"query-input":{"@type":"PropertyValueSpecification","valueRequired":true,"valueName":"search_term_string"}}],"inLanguage":"pt-PT"},{"@type":"Organization","@id":"https:\/\/www.secretdeparis.com\/fr\/#organization","name":"Secret de Paris Hotel &amp; Spa - Hotel Spa Paris 75009","url":"https:\/\/www.secretdeparis.com\/fr\/","logo":{"@type":"ImageObject","inLanguage":"pt-PT","@id":"https:\/\/www.secretdeparis.com\/fr\/#\/schema\/logo\/image\/","url":"https:\/\/www.secretdeparis.com\/wp-content\/uploads\/2023\/02\/cropped-logo_footer.jpg","contentUrl":"https:\/\/www.secretdeparis.com\/wp-content\/uploads\/2023\/02\/cropped-logo_footer.jpg","width":512,"height":512,"caption":"Secret de Paris Hotel &amp; Spa - Hotel Spa Paris 75009"},"image":{"@id":"https:\/\/www.secretdeparis.com\/fr\/#\/schema\/logo\/image\/"},"sameAs":["https:\/\/www.facebook.com\/HotelSecretdeParis\/","https:\/\/www.secretdeparis.com\/hotel-secret-de-paris-paris-photos\/instagram\/"]}]}},"_links":{"self":[{"href":"https:\/\/www.secretdeparis.com\/pt-pt\/wp-json\/wp\/v2\/pages\/4957","targetHints":{"allow":["GET"]}}],"collection":[{"href":"https:\/\/www.secretdeparis.com\/pt-pt\/wp-json\/wp\/v2\/pages"}],"about":[{"href":"https:\/\/www.secretdeparis.com\/pt-pt\/wp-json\/wp\/v2\/types\/page"}],"author":[{"embeddable":true,"href":"https:\/\/www.secretdeparis.com\/pt-pt\/wp-json\/wp\/v2\/users\/3"}],"replies":[{"embeddable":true,"href":"https:\/\/www.secretdeparis.com\/pt-pt\/wp-json\/wp\/v2\/comments?post=4957"}],"version-history":[{"count":16,"href":"https:\/\/www.secretdeparis.com\/pt-pt\/wp-json\/wp\/v2\/pages\/4957\/revisions"}],"predecessor-version":[{"id":6657,"href":"https:\/\/www.secretdeparis.com\/pt-pt\/wp-json\/wp\/v2\/pages\/4957\/revisions\/6657"}],"wp:attachment":[{"href":"https:\/\/www.secretdeparis.com\/pt-pt\/wp-json\/wp\/v2\/media?parent=4957"}],"curies":[{"name":"wp","href":"https:\/\/api.w.org\/{rel}","templated":true}]}}